{"id":51,"date":"2022-05-04T14:49:14","date_gmt":"2022-05-04T12:49:14","guid":{"rendered":"http:\/\/spasauna.pl\/?page_id=51"},"modified":"2022-06-03T22:35:47","modified_gmt":"2022-06-03T20:35:47","slug":"polityka-korzystania-ze-strony","status":"publish","type":"page","link":"https:\/\/spasauna.pl\/sk\/pravidla-pouzivania-webovych-stranok\/","title":{"rendered":"Z\u00e1sady pou\u017e\u00edvania webov\u00fdch str\u00e1nok"},"content":{"rendered":"<div data-elementor-type=\"wp-page\" data-elementor-id=\"51\" class=\"elementor elementor-51\" data-elementor-post-type=\"page\">\n\t\t\t\t\t\t<section class=\"elementor-section elementor-top-section elementor-element elementor-element-a383cd6 elementor-section-boxed elementor-section-height-default elementor-section-height-default\" data-id=\"a383cd6\" data-element_type=\"section\" data-e-type=\"section\">\n\t\t\t\t\t\t<div class=\"elementor-container elementor-column-gap-default\">\n\t\t\t\t\t<div class=\"elementor-column elementor-col-100 elementor-top-column elementor-element elementor-element-00ff724\" data-id=\"00ff724\" data-element_type=\"column\" data-e-type=\"column\">\n\t\t\t<div class=\"elementor-widget-wrap elementor-element-populated\">\n\t\t\t\t\t\t<div class=\"elementor-element elementor-element-c4fff0c elementor-widget elementor-widget-text-editor\" data-id=\"c4fff0c\" data-element_type=\"widget\" data-e-type=\"widget\" data-widget_type=\"text-editor.default\">\n\t\t\t\t<div class=\"elementor-widget-container\">\n\t\t\t\t\t\t\t\t\t<h2 class=\"western\"><strong>Z\u00e1sady pou\u017e\u00edvania webov\u00fdch str\u00e1nok<\/strong><\/h2><p>Pr\u00edstup a pou\u017e\u00edvanie webovej str\u00e1nky obchodu\u00a0<a href=\"http:\/\/epraktyk.pl\/\" target=\"_blank\" rel=\"noopener\"><b>epaktyk.pl<\/b><\/a>\u00a0prebieha za nasleduj\u00facich podmienok. Vstupom a pou\u017e\u00edvan\u00edm internetovej str\u00e1nky obchodu u\u017e\u00edvate\u013e s\u00fahlas\u00ed s platn\u00fdmi pravidlami.<\/p><p>Majite\u013eom predajne je:<\/p><p><br \/><b>ePraktik Bartosz Zieli\u0144ski<\/b><br \/>ulica Talasiewicza 16<br \/>38-100 Strzy\u017c\u00f3w<\/p><p>Podmienky pou\u017e\u00edvania webovej str\u00e1nky m\u00f4\u017ee spolo\u010dnos\u0165 aktualizova\u0165 a meni\u0165\u00a0<b>ePraktik\u00a0<\/b>kedyko\u013evek, bez predch\u00e1dzaj\u00faceho upozornenia. Pou\u017e\u00edvate\u013e je povinn\u00fd sa pri vstupe na webov\u00fa str\u00e1nku obchodu obozn\u00e1mi\u0165 s aktu\u00e1lnymi pravidlami pou\u017e\u00edvania webovej str\u00e1nky, platn\u00fdmi v \u010dase ich zverejnenia na webovej str\u00e1nke. Ich \u010d\u00edtanie sa rovn\u00e1 ich prijatiu.<br \/><br \/><\/p><h2 class=\"western\"><strong>V\u0161eobecn\u00e9 pravidl\u00e1 pou\u017e\u00edvania<\/strong><\/h2><p>Pou\u017e\u00edvate\u013e je povinn\u00fd:<br \/><br \/>\u2022 pou\u017e\u00edva\u0165 webov\u00fa str\u00e1nku v s\u00falade so zmluvn\u00fdmi podmienkami, pr\u00e1vom platn\u00fdm v Po\u013esku a jurisdikciami, v ktor\u00fdch b\u00fdvate pri pr\u00edstupe na webov\u00fa str\u00e1nku,<br \/>\u2022 poskytovanie pravdiv\u00fdch, presn\u00fdch a aktu\u00e1lnych inform\u00e1ci\u00ed,<br \/>\u2022 nezverej\u0148ovanie nez\u00e1konn\u00fdch alebo nepravdiv\u00fdch \u00fadajov,<br \/>\u2022 neumiest\u0148ova\u0165 na webov\u00fa str\u00e1nku obchodu, nepren\u00e1\u0161a\u0165 alebo \u0161\u00edri\u0165 prostredn\u00edctvom nej \u0161kodliv\u00e9, vulg\u00e1rne, rasistick\u00e9 ani \u017eiadne in\u00e9 inform\u00e1cie, ktor\u00e9 s\u00fa nez\u00e1konn\u00e9, ur\u00e1\u017eliv\u00e9 alebo poru\u0161uj\u00fa pr\u00e1va tret\u00edch os\u00f4b (osobn\u00e9 pr\u00e1va, pr\u00e1va du\u0161evn\u00e9ho vlastn\u00edctva).<br \/><br \/><\/p><h2 class=\"western\"><strong>Pravidl\u00e1 zdie\u013eania str\u00e1nky<\/strong><\/h2><p>Vlastn\u00edk webovej str\u00e1nky m\u00e1 pr\u00e1vo kedyko\u013evek a bez predch\u00e1dzaj\u00faceho upozornenia:<br \/><br \/>\u2022 jeho \u00fapln\u00e9, \u010diasto\u010dn\u00e9 uzavretie alebo \u00fapravu,<br \/>\u2022 pozastavenie v\u0161etk\u00fdch alebo konkr\u00e9tnych slu\u017eieb, produktov,<br \/>\u2022 odstr\u00e1nenie tovaru a akci\u00ed z neho,<br \/>\u2022 odoprie\u0165 pr\u00edstup na webov\u00fa str\u00e1nku, ak pou\u017e\u00edvate\u013e poru\u0161\u00ed niektor\u00e9 z pravidiel pou\u017e\u00edvania webovej str\u00e1nky alebo z\u00e1sady ochrany osobn\u00fdch \u00fadajov,<br \/>\u2022 hl\u00e1senie pr\u00edpadov poru\u0161enia predpisov (vr\u00e1tane priestupkov proti informa\u010dnej bezpe\u010dnosti a s\u00fakromiu), poskytnutie identity pou\u017e\u00edvate\u013ea.<br \/><br \/><\/p><h2 class=\"western\"><strong>Autorsk\u00e9 pr\u00e1va a du\u0161evn\u00e9 vlastn\u00edctvo<\/strong><\/h2><p>V\u0161etky fotografie, grafick\u00e9 prvky, ikony, texty, ako aj v\u00fdber, usporiadanie a usporiadanie vy\u0161\u0161ie uveden\u00fdch prvkov na webovej str\u00e1nke podliehaj\u00fa autorsk\u00fdm pr\u00e1vam a pr\u00e1vam du\u0161evn\u00e9ho vlastn\u00edctva. Nez\u00e1konn\u00e9 pou\u017eitie materi\u00e1lov z webovej str\u00e1nky predstavuje poru\u0161enie pr\u00e1v majite\u013ea obchodu, ktor\u00fd m\u00f4\u017ee v tejto s\u00favislosti uplatni\u0165 ak\u00e9ko\u013evek n\u00e1roky. \u010ciasto\u010dn\u00e9 alebo \u00fapln\u00e9 kop\u00edrovanie alebo upravovanie textov a fotografi\u00ed z webovej str\u00e1nky bez p\u00edsomn\u00e9ho s\u00fahlasu je zak\u00e1zan\u00e9. Je tie\u017e zak\u00e1zan\u00e9 pou\u017e\u00edva\u0165 materi\u00e1ly na komer\u010dn\u00e9 \u00fa\u010dely, vr\u00e1tane ich spr\u00edstupnenia tret\u00edm stran\u00e1m. Materi\u00e1ly zverejnen\u00e9 na obchode m\u00f4\u017eete pou\u017ei\u0165 len pre osobn\u00fa potrebu (pre\u010d\u00edtanie ponuky, pou\u017e\u00edvanie sprievodcu).<br \/><br \/><\/p><h2 class=\"western\"><strong>Rozhodn\u00e9 pr\u00e1vo a jurisdikcia<\/strong><\/h2><p>Uv\u00e1dzame pravidl\u00e1 pou\u017e\u00edvania webovej str\u00e1nky\u00a0<b>epaktyk.pl\u00a0<\/b>bud\u00fa vykladan\u00e9 v s\u00falade s po\u013esk\u00fdm pr\u00e1vom. V pr\u00edpade ak\u00e9hoko\u013evek sporu alebo n\u00e1roku, ktor\u00fd s nimi s\u00favis\u00ed, bud\u00fa vypo\u010dut\u00ed v\u00fdlu\u010dne pred po\u013esk\u00fdmi v\u0161eobecn\u00fdmi s\u00fadmi.<br \/><br \/><\/p><h2 class=\"western\"><strong>Z\u00e1sady ochrany osobn\u00fdch \u00fadajov a s\u00faborov cookie<\/strong><\/h2><p>V\u0161etk\u00fdm pou\u017e\u00edvate\u013eom garantujeme d\u00f4vernos\u0165 osobn\u00fdch \u00fadajov. Pova\u017euj\u00fa sa za d\u00f4vern\u00e9, preto ich obchod uchov\u00e1va za pou\u017eitia pravidiel a bezpe\u010dnostn\u00fdch opatren\u00ed v s\u00falade s po\u017eiadavkami z\u00e1kona o ochrane osobn\u00fdch \u00fadajov, poskytovan\u00ed elektronick\u00fdch slu\u017eieb, nariadenia o dokument\u00e1cii sprac\u00favania osobn\u00fdch \u00fadajov a technick\u00e9 a organiza\u010dn\u00e9 podmienky, ktor\u00e9 by mali zariadenia a IT syst\u00e9my sp\u013a\u0148a\u0165. Viac inform\u00e1ci\u00ed n\u00e1jdete na:\u00a0<a href=\"https:\/\/epraktyk.pl\/polityka-prywatnosci-i-cookies\" target=\"_blank\" rel=\"noopener\">Z\u00e1sady ochrany osobn\u00fdch \u00fadajov a s\u00faborov cookie<\/a>.<\/p><p>Prijatie t\u00fdchto podmienok pou\u017e\u00edvania pou\u017e\u00edvate\u013eom znamen\u00e1, \u017ee sa st\u00e1vaj\u00fa pre neho a ePraktyk z\u00e1v\u00e4zn\u00e9. Bez v\u00fdhrad vyhlasujete, \u017ee nebudete spochyb\u0148ova\u0165 platnos\u0165 a vym\u00e1hate\u013enos\u0165 t\u00fdchto Podmienok pou\u017e\u00edvania.<br \/><br \/><\/p><h2 class=\"western\"><strong>Z\u00e1kazn\u00edcky servis a kontaktn\u00e9 \u00fadaje<\/strong><\/h2><p><b>ePraktik Bartosz Zieli\u0144ski<\/b><br \/>ulica Talasiewicza 16<br \/>38-100 Strzy\u017c\u00f3w<\/p><p><strong>Telef\u00f3n:\u00a0<\/strong>+48 530 737 841<br \/><strong>Emailov\u00e1 adresa:\u00a0<\/strong><a href=\"mailto:info@spasauna.pl\">info@spasauna.pl<\/a><\/p>\t\t\t\t\t\t\t\t<\/div>\n\t\t\t\t<\/div>\n\t\t\t\t\t<\/div>\n\t\t<\/div>\n\t\t\t\t\t<\/div>\n\t\t<\/section>\n\t\t\t\t<\/div>","protected":false},"excerpt":{"rendered":"<p>Z\u00e1sady pou\u017e\u00edvania webovej str\u00e1nky Pr\u00edstup na webov\u00fa str\u00e1nku obchodu epraktyk.pl a jej pou\u017e\u00edvanie podlieha nasleduj\u00facim podmienkam. Vstupom na webov\u00fa str\u00e1nku obchodu a jej pou\u017e\u00edvan\u00edm pou\u017e\u00edvate\u013e s\u00fahlas\u00ed s platn\u00fdmi pravidlami. Prev\u00e1dzkovate\u013eom obchodu je: ePraktyk Bartosz Zieli\u0144skiul. Talasiewicza 1638-100 Strzy\u017c\u00f3w Podmienky pou\u017e\u00edvania webovej str\u00e1nky m\u00f4\u017ee spolo\u010dnos\u0165 ePraktyk kedyko\u013evek aktualizova\u0165 a meni\u0165 bez predch\u00e1dzaj\u00faceho upozornenia. Vstupom [\u2026]<\/p>","protected":false},"author":1,"featured_media":0,"parent":0,"menu_order":0,"comment_status":"closed","ping_status":"closed","template":"","meta":{"site-sidebar-layout":"no-sidebar","site-content-layout":"page-builder","ast-site-content-layout":"","site-content-style":"default","site-sidebar-style":"default","ast-global-header-display":"","ast-banner-title-visibility":"","ast-main-header-display":"","ast-hfb-above-header-display":"","ast-hfb-below-header-display":"","ast-hfb-mobile-header-display":"","site-post-title":"disabled","ast-breadcrumbs-content":"","ast-featured-img":"disabled","footer-sml-layout":"","theme-transparent-header-meta":"default","adv-header-id-meta":"","stick-header-meta":"","header-above-stick-meta":"","header-main-stick-meta":"","header-below-stick-meta":"","astra-migrate-meta-layouts":"default","ast-page-background-enabled":"default","ast-page-background-meta":{"desktop":{"background-color":"var(--ast-global-color-4)","background-image":"","background-repeat":"repeat","background-position":"center center","background-size":"auto","background-attachment":"scroll","background-type":"","background-media":"","overlay-type":"","overlay-color":"","overlay-opacity":"","overlay-gradient":""},"tablet":{"background-color":"","background-image":"","background-repeat":"repeat","background-position":"center center","background-size":"auto","background-attachment":"scroll","background-type":"","background-media":"","overlay-type":"","overlay-color":"","overlay-opacity":"","overlay-gradient":""},"mobile":{"background-color":"","background-image":"","background-repeat":"repeat","background-position":"center center","background-size":"auto","background-attachment":"scroll","background-type":"","background-media":"","overlay-type":"","overlay-color":"","overlay-opacity":"","overlay-gradient":""}},"ast-content-background-meta":{"desktop":{"background-color":"var(--ast-global-color-5)","background-image":"","background-repeat":"repeat","background-position":"center center","background-size":"auto","background-attachment":"scroll","background-type":"","background-media":"","overlay-type":"","overlay-color":"","overlay-opacity":"","overlay-gradient":""},"tablet":{"background-color":"var(--ast-global-color-5)","background-image":"","background-repeat":"repeat","background-position":"center center","background-size":"auto","background-attachment":"scroll","background-type":"","background-media":"","overlay-type":"","overlay-color":"","overlay-opacity":"","overlay-gradient":""},"mobile":{"background-color":"var(--ast-global-color-5)","background-image":"","background-repeat":"repeat","background-position":"center center","background-size":"auto","background-attachment":"scroll","background-type":"","background-media":"","overlay-type":"","overlay-color":"","overlay-opacity":"","overlay-gradient":""}},"footnotes":""},"class_list":["post-51","page","type-page","status-publish","hentry"],"_links":{"self":[{"href":"https:\/\/spasauna.pl\/sk\/wp-json\/wp\/v2\/pages\/51","targetHints":{"allow":["GET"]}}],"collection":[{"href":"https:\/\/spasauna.pl\/sk\/wp-json\/wp\/v2\/pages"}],"about":[{"href":"https:\/\/spasauna.pl\/sk\/wp-json\/wp\/v2\/types\/page"}],"author":[{"embeddable":true,"href":"https:\/\/spasauna.pl\/sk\/wp-json\/wp\/v2\/users\/1"}],"replies":[{"embeddable":true,"href":"https:\/\/spasauna.pl\/sk\/wp-json\/wp\/v2\/comments?post=51"}],"version-history":[{"count":0,"href":"https:\/\/spasauna.pl\/sk\/wp-json\/wp\/v2\/pages\/51\/revisions"}],"wp:attachment":[{"href":"https:\/\/spasauna.pl\/sk\/wp-json\/wp\/v2\/media?parent=51"}],"curies":[{"name":"wp","href":"https:\/\/api.w.org\/{rel}","templated":true}]}}