{"id":49,"date":"2022-05-04T14:48:51","date_gmt":"2022-05-04T12:48:51","guid":{"rendered":"http:\/\/spasauna.pl\/?page_id=49"},"modified":"2022-06-03T22:38:51","modified_gmt":"2022-06-03T20:38:51","slug":"sposoby-i-koszty-dostawy","status":"publish","type":"page","link":"https:\/\/spasauna.pl\/sk\/sposoby-dodania-a-naklady\/","title":{"rendered":"Sp\u00f4soby doru\u010denia a n\u00e1klady"},"content":{"rendered":"<div data-elementor-type=\"wp-page\" data-elementor-id=\"49\" class=\"elementor elementor-49\" data-elementor-post-type=\"page\">\n\t\t\t\t\t\t<section class=\"elementor-section elementor-top-section elementor-element elementor-element-bab1326 elementor-section-boxed elementor-section-height-default elementor-section-height-default\" data-id=\"bab1326\" data-element_type=\"section\" data-e-type=\"section\">\n\t\t\t\t\t\t<div class=\"elementor-container elementor-column-gap-default\">\n\t\t\t\t\t<div class=\"elementor-column elementor-col-100 elementor-top-column elementor-element elementor-element-2731c5a\" data-id=\"2731c5a\" data-element_type=\"column\" data-e-type=\"column\">\n\t\t\t<div class=\"elementor-widget-wrap elementor-element-populated\">\n\t\t\t\t\t\t<div class=\"elementor-element elementor-element-e5290cf elementor-widget elementor-widget-text-editor\" data-id=\"e5290cf\" data-element_type=\"widget\" data-e-type=\"widget\" data-widget_type=\"text-editor.default\">\n\t\t\t\t<div class=\"elementor-widget-container\">\n\t\t\t\t\t\t\t\t\t<h2 class=\"western\"><strong>Sp\u00f4sob doru\u010denia<\/strong><\/h2><p>\u2022 24-hodinov\u00fd kuri\u00e9r FEDEX a DPD (pripom\u00edname v\u00e1m uvies\u0165 telef\u00f3nne \u010d\u00edslo kuri\u00e9ra - v\u00fdrazne to u\u013eah\u010duje doru\u010dovanie z\u00e1sielok)\u00a0<br \/>\u2022 osobn\u00fd odber v sklade - Rzesz\u00f3w, ul. Przemyslowa 14, od 9:00 do 16:00\u00a0<\/p><p><strong>Sklad a miesto osobn\u00e9ho odberu v Rzesz\u00f3we<\/strong><\/p><p>ePraktyk.pl<\/p><p>ulica Przemyslowa 14<br \/>Rzesz\u00f3w 35-105<\/p><p>Telef\u00f3n: +48 530 737 841<\/p><p>E-mailov\u00e1 adresa: info@spasauna.pl<br \/><br \/><\/p><h2 class=\"western\"><strong>N\u00e1klady na doru\u010denie<\/strong><\/h2><p>Kuri\u00e9r \u2013 9,90 PLN alebo na dobierku (platba v hotovosti kuri\u00e9rovi) 19,90 PLN \u2013 cel\u00e9 Po\u013esko\u00a0<\/p><h2 class=\"western\"><strong>dovoz zdarma<\/strong><\/h2><p>Doru\u010denie pri objedn\u00e1vke nad 400 PLN\u00a0<strong>ZADARMO.<\/strong><\/p><p>\u00a0<\/p><h2 class=\"western\"><strong>Dostupn\u00e9 sp\u00f4soby platby<\/strong><\/h2><p>\u2022 Platba prevodom alebo v hotovosti na \u00fa\u010det ING Bank \u015al\u0105ski \u2013 Obchod \u2013\u00a0<strong>36 1050 1562 1000 0092 2000 1417<\/strong><\/p><p>Adresa predajne:<\/p><p>ePraktyk.pl\u00a0<\/p><p>ul. Ta\u0142asiewicza 16\u00a0<\/p><p>Strzy\u017c\u00f3w 38-100 (uve\u010fte presn\u00e9 \u010d\u00edslo objedn\u00e1vky v n\u00e1zve prevodu)\u00a0<\/p><p>\u00a0<\/p><p>\u2022 Mo\u017enos\u0165 dobierky alebo dobierky.\u00a0<br \/><br \/><br \/><\/p><p>Mo\u017enos\u0165 platby v syst\u00e9me PayU, podporujeme v\u0161etky karty, VISA a MASTER CARD, spl\u00e1tky PayU.\u00a0<\/p>\t\t\t\t\t\t\t\t<\/div>\n\t\t\t\t<\/div>\n\t\t\t\t\t<\/div>\n\t\t<\/div>\n\t\t\t\t\t<\/div>\n\t\t<\/section>\n\t\t\t\t<\/div>","protected":false},"excerpt":{"rendered":"<p>Sp\u00f4sob doru\u010denia \u2022 24-hodinov\u00e1 kuri\u00e9rska slu\u017eba FEDEX a DPD (pripom\u00edname, aby ste uviedli telef\u00f3nne \u010d\u00edslo na kuri\u00e9ra - doru\u010dovanie bal\u00edkov bude ove\u013ea jednoduch\u0161ie) \u2022 osobn\u00fd odber v sklade - Rzesz\u00f3w, ul. Przemys\u0142owa 14, od 09:00 do 16:00 Sklad a miesto osobn\u00e9ho odberu v Rzesz\u00f3we ePraktyk.pl ul. Przemys\u0142owa 14 Rzesz\u00f3w 35-105 Telef\u00f3n: +48 530 737 841 E-mailov\u00e1 adresa: [\u2026]<\/p>","protected":false},"author":1,"featured_media":0,"parent":0,"menu_order":0,"comment_status":"closed","ping_status":"closed","template":"","meta":{"site-sidebar-layout":"no-sidebar","site-content-layout":"page-builder","ast-site-content-layout":"","site-content-style":"default","site-sidebar-style":"default","ast-global-header-display":"","ast-banner-title-visibility":"","ast-main-header-display":"","ast-hfb-above-header-display":"","ast-hfb-below-header-display":"","ast-hfb-mobile-header-display":"","site-post-title":"disabled","ast-breadcrumbs-content":"","ast-featured-img":"disabled","footer-sml-layout":"","theme-transparent-header-meta":"default","adv-header-id-meta":"","stick-header-meta":"","header-above-stick-meta":"","header-main-stick-meta":"","header-below-stick-meta":"","astra-migrate-meta-layouts":"default","ast-page-background-enabled":"default","ast-page-background-meta":{"desktop":{"background-color":"var(--ast-global-color-4)","background-image":"","background-repeat":"repeat","background-position":"center center","background-size":"auto","background-attachment":"scroll","background-type":"","background-media":"","overlay-type":"","overlay-color":"","overlay-opacity":"","overlay-gradient":""},"tablet":{"background-color":"","background-image":"","background-repeat":"repeat","background-position":"center center","background-size":"auto","background-attachment":"scroll","background-type":"","background-media":"","overlay-type":"","overlay-color":"","overlay-opacity":"","overlay-gradient":""},"mobile":{"background-color":"","background-image":"","background-repeat":"repeat","background-position":"center center","background-size":"auto","background-attachment":"scroll","background-type":"","background-media":"","overlay-type":"","overlay-color":"","overlay-opacity":"","overlay-gradient":""}},"ast-content-background-meta":{"desktop":{"background-color":"var(--ast-global-color-5)","background-image":"","background-repeat":"repeat","background-position":"center center","background-size":"auto","background-attachment":"scroll","background-type":"","background-media":"","overlay-type":"","overlay-color":"","overlay-opacity":"","overlay-gradient":""},"tablet":{"background-color":"var(--ast-global-color-5)","background-image":"","background-repeat":"repeat","background-position":"center center","background-size":"auto","background-attachment":"scroll","background-type":"","background-media":"","overlay-type":"","overlay-color":"","overlay-opacity":"","overlay-gradient":""},"mobile":{"background-color":"var(--ast-global-color-5)","background-image":"","background-repeat":"repeat","background-position":"center center","background-size":"auto","background-attachment":"scroll","background-type":"","background-media":"","overlay-type":"","overlay-color":"","overlay-opacity":"","overlay-gradient":""}},"footnotes":""},"class_list":["post-49","page","type-page","status-publish","hentry"],"_links":{"self":[{"href":"https:\/\/spasauna.pl\/sk\/wp-json\/wp\/v2\/pages\/49","targetHints":{"allow":["GET"]}}],"collection":[{"href":"https:\/\/spasauna.pl\/sk\/wp-json\/wp\/v2\/pages"}],"about":[{"href":"https:\/\/spasauna.pl\/sk\/wp-json\/wp\/v2\/types\/page"}],"author":[{"embeddable":true,"href":"https:\/\/spasauna.pl\/sk\/wp-json\/wp\/v2\/users\/1"}],"replies":[{"embeddable":true,"href":"https:\/\/spasauna.pl\/sk\/wp-json\/wp\/v2\/comments?post=49"}],"version-history":[{"count":0,"href":"https:\/\/spasauna.pl\/sk\/wp-json\/wp\/v2\/pages\/49\/revisions"}],"wp:attachment":[{"href":"https:\/\/spasauna.pl\/sk\/wp-json\/wp\/v2\/media?parent=49"}],"curies":[{"name":"wp","href":"https:\/\/api.w.org\/{rel}","templated":true}]}}