{"id":3,"date":"2022-05-04T13:26:25","date_gmt":"2022-05-04T11:26:25","guid":{"rendered":"http:\/\/spasauna.pl\/?page_id=3"},"modified":"2024-03-06T10:14:41","modified_gmt":"2024-03-06T09:14:41","slug":"polityka-prywatnosci","status":"publish","type":"page","link":"https:\/\/spasauna.pl\/sk\/zasady-ochrany-osobnych-udajov\/","title":{"rendered":"Z\u00e1sady ochrany osobn\u00fdch \u00fadajov a s\u00faborov cookie"},"content":{"rendered":"<div data-elementor-type=\"wp-page\" data-elementor-id=\"3\" class=\"elementor elementor-3\" data-elementor-post-type=\"page\">\n\t\t\t\t\t\t<section class=\"elementor-section elementor-top-section elementor-element elementor-element-2c1cadf elementor-section-boxed elementor-section-height-default elementor-section-height-default\" data-id=\"2c1cadf\" data-element_type=\"section\" data-e-type=\"section\">\n\t\t\t\t\t\t<div class=\"elementor-container elementor-column-gap-default\">\n\t\t\t\t\t<div class=\"elementor-column elementor-col-100 elementor-top-column elementor-element elementor-element-9a260eb\" data-id=\"9a260eb\" data-element_type=\"column\" data-e-type=\"column\">\n\t\t\t<div class=\"elementor-widget-wrap elementor-element-populated\">\n\t\t\t\t\t\t<div class=\"elementor-element elementor-element-d25dbec elementor-widget elementor-widget-text-editor\" data-id=\"d25dbec\" data-element_type=\"widget\" data-e-type=\"widget\" data-widget_type=\"text-editor.default\">\n\t\t\t\t<div class=\"elementor-widget-container\">\n\t\t\t\t\t\t\t\t\t<h2 class=\"western\"><strong>Z\u00e1sady ochrany osobn\u00fdch \u00fadajov a s\u00faborov cookie<\/strong><\/h2>\n<p>Z\u00e1sady ochrany osobn\u00fdch \u00fadajov informuj\u00fa pou\u017e\u00edvate\u013eov obchodu o z\u00e1sad\u00e1ch z\u00edskavania, spracovania a zabezpe\u010denia osobn\u00fdch \u00fadajov v r\u00e1mci webovej str\u00e1nky. V\u0161etky \u00fadaje sa zhroma\u017e\u010fuj\u00fa, uchov\u00e1vaj\u00fa a sprac\u00favaj\u00fa v s\u00falade s ustanoveniami z\u00e1kona z 29. augusta 1997 o ochrane osobn\u00fdch \u00fadajov (Zbierka z\u00e1konov z roku 2002, \u010d. 101, polo\u017eka 926 v znen\u00ed neskor\u0161\u00edch predpisov).<\/p>\n<p><strong>Spr\u00e1vcom osobn\u00fdch \u00fadajov je:<\/strong><\/p>\n<p><b>ePraktik Bartosz Zieli\u0144ski<\/b><br \/>ulica Talasiewicza 16<br \/>38-100 Strzy\u017c\u00f3w<br \/><br \/><\/p>\n<h2 class=\"western\"><strong>Zozbieran\u00e9 \u00fadaje<\/strong><\/h2>\n<p>Z\u00e1kazn\u00edk poskytuje osobn\u00e9 \u00fadaje dobrovo\u013ene. Registr\u00e1cia v obchode nie je povinn\u00e1. Z\u00e1kazn\u00edk m\u00f4\u017ee uskuto\u010dni\u0165 objedn\u00e1vku bez registr\u00e1cie. Vlastn\u00edk zhroma\u017e\u010fuje tieto osobn\u00e9 \u00fadaje: meno, priezvisko, adresa bydliska, e-mailov\u00e1 adresa, IP adresa po\u010d\u00edta\u010da. \u00dadaje sl\u00fa\u017eia na plnenie objedn\u00e1vok a komunik\u00e1ciu so z\u00e1kazn\u00edkom. S\u00fa spr\u00edstupnen\u00e9 kuri\u00e9rskym spolo\u010dnostiam (ich \u00fadaje s\u00fa d\u00f4vern\u00e9) za \u00fa\u010delom dokon\u010denia dod\u00e1vky. V internetovom obchode\u00a0<b>epaktyk.pl\u00a0<\/b>automaticky zbieran\u00e9 \u00fadaje m\u00f4\u017eu by\u0165 pou\u017eit\u00e9 na anal\u00fdzu spr\u00e1vania z\u00e1kazn\u00edkov na webovej str\u00e1nke, zhroma\u017e\u010fovanie demografick\u00fdch \u00fadajov o z\u00e1kazn\u00edkoch a na technick\u00e9 \u00fa\u010dely na spr\u00e1vu serverov. \u00dadaje zhroma\u017eden\u00e9 prostredn\u00edctvom priameho kontaktu medzi z\u00e1kazn\u00edkom a obchodom prostredn\u00edctvom webovej str\u00e1nky sa zase pou\u017e\u00edvaj\u00fa na vedenie kore\u0161pondencie so z\u00e1kazn\u00edkom. \u00dadaje s\u00fa spr\u00edstupnen\u00e9 org\u00e1nom \u010dinn\u00fdm v trestnom konan\u00ed a justi\u010dn\u00fdm org\u00e1nom pod\u013ea z\u00e1konn\u00fdch ustanoven\u00ed. Obchod pou\u017e\u00edva \u00fadaje na marketingov\u00e9 \u00fa\u010dely len so s\u00fahlasom z\u00e1kazn\u00edka.<br \/><br \/><\/p>\n<h2 class=\"western\"><strong>\u00dalo\u017eisko d\u00e1t<\/strong><\/h2>\n<p>Obchod\u00a0<b>epaktyk.pl\u00a0<\/b>zais\u0165uje bezpe\u010dnos\u0165 osobn\u00fdch \u00fadajov. Obchod nepren\u00e1\u0161a \u00fadaje svojich z\u00e1kazn\u00edkov tret\u00edm stran\u00e1m, pou\u017e\u00edva ich na zabezpe\u010denie riadneho servisu pre u\u017e\u00edvate\u013eov obchodu, vybavenie objedn\u00e1vok a efekt\u00edvnu komunik\u00e1ciu. Osobn\u00e9 \u00fadaje s\u00fa pova\u017eovan\u00e9 za \u00faplne d\u00f4vern\u00e9 a s\u00fa ulo\u017een\u00e9 na dobre zabezpe\u010denom serveri proti vzdialen\u00fdm a fyzick\u00fdm hrozb\u00e1m.<br \/><br \/><\/p>\n<h2 class=\"western\"><strong>Pr\u00edstup k \u00fadajom<\/strong><\/h2>\n<p>Ka\u017ed\u00fd u\u017e\u00edvate\u013e, ktor\u00fd poskytol inform\u00e1cie o osobn\u00fdch \u00fadajoch, m\u00e1 pr\u00e1vo na pr\u00edstup k tomuto obsahu, na jeho opravu, aktualiz\u00e1ciu, doplnenie, pr\u00e1vo po\u017eadova\u0165 zastavenie sprac\u00favania a namieta\u0165 sprac\u00favanie osobn\u00fdch \u00fadajov v s\u00falade s \u010dl. 32 sekcia 1 bod 7 a 8 z\u00e1kona o ochrane osobn\u00fdch \u00fadajov.<br \/><br \/><\/p>\n<h2 class=\"western\"><strong>Pou\u017e\u00edvanie cookies<\/strong><\/h2>\n<p>Aby sme mohli poskytova\u0165 slu\u017eby na najvy\u0161\u0161ej \u00farovni, pou\u017e\u00edvame na na\u0161ej webovej str\u00e1nke s\u00fabory cookie. Pou\u017e\u00edvanie webovej str\u00e1nky bez zmeny nastaven\u00ed cookies znamen\u00e1, \u017ee bud\u00fa ulo\u017een\u00e9 na va\u0161om koncovom zariaden\u00ed. Nastavenia cookies m\u00f4\u017eete kedyko\u013evek zmeni\u0165.<br \/>Webov\u00e1 str\u00e1nka pou\u017e\u00edva s\u00fabory \u201erel\u00e1cia\u201c a \u201etrval\u00e9\u201c. Prv\u00e9 s\u00fa do\u010dasn\u00e9. S\u00fa ulo\u017een\u00e9 na koncovom zariaden\u00ed u\u017e\u00edvate\u013ea a\u017e do odhl\u00e1senia, opustenia webovej str\u00e1nky alebo vypnutia webov\u00e9ho prehliada\u010da. Druh\u00fd typ je ulo\u017een\u00fd na koncovom zariaden\u00ed po dobu uveden\u00fa v parametroch cookies alebo do ich vymazania pou\u017e\u00edvate\u013eom.<br \/><br \/><strong>Pou\u017e\u00edvan\u00e9 typy cookies umo\u017e\u0148uj\u00fa:<br \/><\/strong><br \/>\u2022 vyu\u017e\u00edva\u0165 slu\u017eby dostupn\u00e9 na webovej str\u00e1nke,<br \/>\u2022 zabezpe\u010di\u0165 bezpe\u010dnos\u0165 napr.<br \/>\u2022 zhroma\u017e\u010fova\u0165 inform\u00e1cie o tom, ako sa web pou\u017e\u00edva,<br \/>\u2022 \u201ezapam\u00e4ta\u0165 si\u201c nastavenia zvolen\u00e9 pou\u017e\u00edvate\u013eom a prisp\u00f4sobi\u0165 pou\u017e\u00edvate\u013esk\u00e9 rozhranie, napr. vybran\u00fd jazyk, regi\u00f3n, z ktor\u00e9ho pou\u017e\u00edvate\u013e internetu poch\u00e1dza at\u010f.,<br \/>\u2022 poskytn\u00fa\u0165 pou\u017e\u00edvate\u013eovi reklamn\u00fd obsah prisp\u00f4soben\u00fd jeho z\u00e1ujmom.<br \/><br \/><\/p>\n<h2 class=\"western\"><strong>Zmena z\u00e1sad ochrany osobn\u00fdch \u00fadajov<\/strong><\/h2>\n<p>Internetov\u00fd obchod epaktyk.pl si vyhradzuje pr\u00e1vo kedyko\u013evek zmeni\u0165 svoje z\u00e1sady ochrany osobn\u00fdch \u00fadajov bez toho, aby o tom musel informova\u0165 pou\u017e\u00edvate\u013eov. Z\u00e1kazn\u00edci s\u00fa povinn\u00ed obozn\u00e1mi\u0165 sa so zmenami po vstupe na webov\u00fa str\u00e1nku obchodu.<\/p>\t\t\t\t\t\t\t\t<\/div>\n\t\t\t\t<\/div>\n\t\t\t\t\t<\/div>\n\t\t<\/div>\n\t\t\t\t\t<\/div>\n\t\t<\/section>\n\t\t\t\t<section class=\"elementor-section elementor-top-section elementor-element elementor-element-a852322 elementor-section-boxed elementor-section-height-default elementor-section-height-default\" data-id=\"a852322\" data-element_type=\"section\" data-e-type=\"section\">\n\t\t\t\t\t\t<div class=\"elementor-container elementor-column-gap-default\">\n\t\t\t\t\t<div class=\"elementor-column elementor-col-100 elementor-top-column elementor-element elementor-element-779395a\" data-id=\"779395a\" data-element_type=\"column\" data-e-type=\"column\">\n\t\t\t<div class=\"elementor-widget-wrap elementor-element-populated\">\n\t\t\t\t\t\t<div class=\"elementor-element elementor-element-c6f2c8b elementor-widget elementor-widget-html\" data-id=\"c6f2c8b\" data-element_type=\"widget\" data-e-type=\"widget\" data-widget_type=\"html.default\">\n\t\t\t\t<div class=\"elementor-widget-container\">\n\t\t\t\t\t<script\r\n  id=\"CookieDeclaration\"\r\n  src=\"https:\/\/consent.cookiebot.com\/3a6f4686-1434-406d-b074-206f3fdb5969\/cd.js\"\r\n  type=\"text\/javascript\"\r\n><\/script>\t\t\t\t<\/div>\n\t\t\t\t<\/div>\n\t\t\t\t\t<\/div>\n\t\t<\/div>\n\t\t\t\t\t<\/div>\n\t\t<\/section>\n\t\t\t\t<\/div>","protected":false},"excerpt":{"rendered":"<p>Z\u00e1sady ochrany osobn\u00fdch \u00fadajov a pou\u017e\u00edvania s\u00faborov cookie Z\u00e1sady ochrany osobn\u00fdch \u00fadajov informuj\u00fa pou\u017e\u00edvate\u013eov obchodu o z\u00e1sad\u00e1ch z\u00edskavania, spracovania a zabezpe\u010denia osobn\u00fdch \u00fadajov v r\u00e1mci slu\u017eby. V\u0161etky \u00fadaje sa zhroma\u017e\u010fuj\u00fa, ukladaj\u00fa a spracov\u00e1vaj\u00fa v s\u00falade s ustanoveniami z\u00e1kona z 29. 8. 1997 o ochrane osobn\u00fdch \u00fadajov (Zbierka z\u00e1konov z roku 2002, \u010d. 101, polo\u017eka 926, v znen\u00ed neskor\u0161\u00edch predpisov). Spr\u00e1vcom osobn\u00fdch \u00fadajov je: ePraktyk [\u2026]<\/p>","protected":false},"author":1,"featured_media":0,"parent":0,"menu_order":0,"comment_status":"closed","ping_status":"open","template":"","meta":{"site-sidebar-layout":"default","site-content-layout":"default","ast-site-content-layout":"","site-content-style":"default","site-sidebar-style":"default","ast-global-header-display":"","ast-banner-title-visibility":"","ast-main-header-display":"","ast-hfb-above-header-display":"","ast-hfb-below-header-display":"","ast-hfb-mobile-header-display":"","site-post-title":"disabled","ast-breadcrumbs-content":"","ast-featured-img":"","footer-sml-layout":"","theme-transparent-header-meta":"default","adv-header-id-meta":"","stick-header-meta":"","header-above-stick-meta":"","header-main-stick-meta":"","header-below-stick-meta":"","astra-migrate-meta-layouts":"default","ast-page-background-enabled":"default","ast-page-background-meta":{"desktop":{"background-color":"var(--ast-global-color-4)","background-image":"","background-repeat":"repeat","background-position":"center center","background-size":"auto","background-attachment":"scroll","background-type":"","background-media":"","overlay-type":"","overlay-color":"","overlay-opacity":"","overlay-gradient":""},"tablet":{"background-color":"","background-image":"","background-repeat":"repeat","background-position":"center center","background-size":"auto","background-attachment":"scroll","background-type":"","background-media":"","overlay-type":"","overlay-color":"","overlay-opacity":"","overlay-gradient":""},"mobile":{"background-color":"","background-image":"","background-repeat":"repeat","background-position":"center center","background-size":"auto","background-attachment":"scroll","background-type":"","background-media":"","overlay-type":"","overlay-color":"","overlay-opacity":"","overlay-gradient":""}},"ast-content-background-meta":{"desktop":{"background-color":"var(--ast-global-color-5)","background-image":"","background-repeat":"repeat","background-position":"center center","background-size":"auto","background-attachment":"scroll","background-type":"","background-media":"","overlay-type":"","overlay-color":"","overlay-opacity":"","overlay-gradient":""},"tablet":{"background-color":"var(--ast-global-color-5)","background-image":"","background-repeat":"repeat","background-position":"center center","background-size":"auto","background-attachment":"scroll","background-type":"","background-media":"","overlay-type":"","overlay-color":"","overlay-opacity":"","overlay-gradient":""},"mobile":{"background-color":"var(--ast-global-color-5)","background-image":"","background-repeat":"repeat","background-position":"center center","background-size":"auto","background-attachment":"scroll","background-type":"","background-media":"","overlay-type":"","overlay-color":"","overlay-opacity":"","overlay-gradient":""}},"footnotes":""},"class_list":["post-3","page","type-page","status-publish","hentry"],"_links":{"self":[{"href":"https:\/\/spasauna.pl\/sk\/wp-json\/wp\/v2\/pages\/3","targetHints":{"allow":["GET"]}}],"collection":[{"href":"https:\/\/spasauna.pl\/sk\/wp-json\/wp\/v2\/pages"}],"about":[{"href":"https:\/\/spasauna.pl\/sk\/wp-json\/wp\/v2\/types\/page"}],"author":[{"embeddable":true,"href":"https:\/\/spasauna.pl\/sk\/wp-json\/wp\/v2\/users\/1"}],"replies":[{"embeddable":true,"href":"https:\/\/spasauna.pl\/sk\/wp-json\/wp\/v2\/comments?post=3"}],"version-history":[{"count":0,"href":"https:\/\/spasauna.pl\/sk\/wp-json\/wp\/v2\/pages\/3\/revisions"}],"wp:attachment":[{"href":"https:\/\/spasauna.pl\/sk\/wp-json\/wp\/v2\/media?parent=3"}],"curies":[{"name":"wp","href":"https:\/\/api.w.org\/{rel}","templated":true}]}}