{"id":22,"date":"2022-05-04T14:48:09","date_gmt":"2022-05-04T12:48:09","guid":{"rendered":"http:\/\/spasauna.pl\/?page_id=22"},"modified":"2022-06-03T22:38:02","modified_gmt":"2022-06-03T20:38:02","slug":"zwroty","status":"publish","type":"page","link":"https:\/\/spasauna.pl\/sk\/frazy\/","title":{"rendered":"Reklam\u00e1cie a vr\u00e1tenie tovaru"},"content":{"rendered":"<div data-elementor-type=\"wp-page\" data-elementor-id=\"22\" class=\"elementor elementor-22\" data-elementor-post-type=\"page\">\n\t\t\t\t\t\t<section class=\"elementor-section elementor-top-section elementor-element elementor-element-6fe192c elementor-section-boxed elementor-section-height-default elementor-section-height-default\" data-id=\"6fe192c\" data-element_type=\"section\" data-e-type=\"section\">\n\t\t\t\t\t\t<div class=\"elementor-container elementor-column-gap-default\">\n\t\t\t\t\t<div class=\"elementor-column elementor-col-100 elementor-top-column elementor-element elementor-element-5043e95\" data-id=\"5043e95\" data-element_type=\"column\" data-e-type=\"column\">\n\t\t\t<div class=\"elementor-widget-wrap elementor-element-populated\">\n\t\t\t\t\t\t<div class=\"elementor-element elementor-element-74aa889 elementor-widget elementor-widget-text-editor\" data-id=\"74aa889\" data-element_type=\"widget\" data-e-type=\"widget\" data-widget_type=\"text-editor.default\">\n\t\t\t\t<div class=\"elementor-widget-container\">\n\t\t\t\t\t\t\t\t\t<h2 class=\"western\"><strong>Chybn\u00fd tovar alebo tovar v rozpore so zmluvou<\/strong><\/h2>\n<p>Pri preberan\u00ed skontrolujte stav z\u00e1sielky. Reklam\u00e1cie t\u00fdkaj\u00face sa po\u0161kodenia pri preprave a nedodr\u017eania zmluvy bud\u00fa posudzovan\u00e9 na z\u00e1klade p\u00edsomn\u00e9ho protokolu o po\u0161koden\u00ed\/nezrovnalostiach v obsahu z\u00e1sielky, vyhotoven\u00e9ho pri prevzat\u00ed tovaru za pr\u00edtomnosti dopravcu kuri\u00e9rskej spolo\u010dnosti. .<\/p>\n<p>Reklamovan\u00fd tovar n\u00e1m za\u0161lite na adresu predajne:<\/p>\n<p><b>ePraktik Bartosz Zieli\u0144ski<\/b><br \/>ulica Talasiewicza 16<br \/>38-100 Strzy\u017c\u00f3w<br \/><br \/><\/p>\n<p>Kontaktujte n\u00e1s telefonicky\u00a0<strong>530 737 841\u00a0<\/strong>alebo e-mailom:\u00a0<a href=\"mailto:info@spasauna.pl\">info@spasauna.pl<\/a><br \/>Naskenovan\u00fd protokol a reklama\u010dn\u00fd formul\u00e1r za\u0161lite na e-mailov\u00fa adresu:\u00a0<a href=\"mailto:info@spasauna.pl\">info@spasauna.pl<\/a><\/p>\t\t\t\t\t\t\t\t<\/div>\n\t\t\t\t<\/div>\n\t\t\t\t<div class=\"elementor-element elementor-element-a07b590 elementor-widget elementor-widget-heading\" data-id=\"a07b590\" data-element_type=\"widget\" data-e-type=\"widget\" data-widget_type=\"heading.default\">\n\t\t\t\t<div class=\"elementor-widget-container\">\n\t\t\t\t\t<span class=\"elementor-heading-title elementor-size-default\"><a href=\"http:\/\/spasauna.pl\/wp-content\/uploads\/2022\/06\/formularz-reklamacji-epraktyk.pdf\">S\u00fabor na stiahnutie: STIAHNU\u0164<\/a><\/span>\t\t\t\t<\/div>\n\t\t\t\t<\/div>\n\t\t\t\t<div class=\"elementor-element elementor-element-3b05492 elementor-widget elementor-widget-text-editor\" data-id=\"3b05492\" data-element_type=\"widget\" data-e-type=\"widget\" data-widget_type=\"text-editor.default\">\n\t\t\t\t<div class=\"elementor-widget-container\">\n\t\t\t\t\t\t\t\t\t<h2 class=\"western\"><strong>Pr\u00e1vo na odst\u00fapenie od zmluvy<\/strong><\/h2>\n<p>\u2022 Ak nie ste podnikate\u013e, m\u00e1te pr\u00e1vo odst\u00fapi\u0165 od zmluvy uzavretej prostredn\u00edctvom obchodu do 14 dn\u00ed od doru\u010denia veci, a to bez udania d\u00f4vodu.<br \/>\u2022 Podmienkou na uplatnenie pr\u00e1va na odst\u00fapenie od zmluvy je, \u017ee Z\u00e1kazn\u00edk mus\u00ed poda\u0165 pr\u00edslu\u0161n\u00e9 vyhl\u00e1senie p\u00edsomne alebo elektronicky prostredn\u00edctvom e-mailu.<br \/>\u2022 Prehl\u00e1senie o odst\u00fapen\u00ed od zmluvy, \u010d\u00edslo bankov\u00e9ho \u00fa\u010dtu, na ktor\u00fd maj\u00fa by\u0165 z\u00e1kazn\u00edkovi vr\u00e1ten\u00e9 peniaze a vr\u00e1ten\u00fd tovar zasla\u0165 na adresu:\u00a0<b>ePraktik Bartosz Zieli\u0144ski,\u00a0<\/b>ulica Talasiewicza 16, 38-100 Strzy\u017c\u00f3w.<br \/>\u2022 Peniaze bud\u00fa z\u00e1kazn\u00edkovi vr\u00e1ten\u00e9 na n\u00edm uveden\u00fd bankov\u00fd \u00fa\u010det, ktor\u00e9ho \u010d\u00edslo je potrebn\u00e9 prilo\u017ei\u0165 k zaslan\u00e9mu prehl\u00e1seniu o odst\u00fapen\u00ed od zmluvy.<br \/>\u2022 Formul\u00e1r m\u00f4\u017eete posla\u0165 na vy\u0161\u0161ie uveden\u00fa po\u0161tov\u00fa adresu alebo e-mailov\u00fa adresu:\u00a0<a href=\"mailto:info@spasauna.pl\">info@spasauna.pl<\/a><\/p>\t\t\t\t\t\t\t\t<\/div>\n\t\t\t\t<\/div>\n\t\t\t\t<div class=\"elementor-element elementor-element-1521495 elementor-widget elementor-widget-heading\" data-id=\"1521495\" data-element_type=\"widget\" data-e-type=\"widget\" data-widget_type=\"heading.default\">\n\t\t\t\t<div class=\"elementor-widget-container\">\n\t\t\t\t\t<span class=\"elementor-heading-title elementor-size-default\"><a href=\"http:\/\/spasauna.pl\/wp-content\/uploads\/2022\/06\/prawo-odstapienia-od-umowy-epraktyk.pdf\">Pr\u00edloha \u010d. 1 Pr\u00e1vo na odst\u00fapenie od zmluvy: STIAHNU\u0164<\/a><\/span>\t\t\t\t<\/div>\n\t\t\t\t<\/div>\n\t\t\t\t<div class=\"elementor-element elementor-element-8ae906c elementor-widget elementor-widget-heading\" data-id=\"8ae906c\" data-element_type=\"widget\" data-e-type=\"widget\" data-widget_type=\"heading.default\">\n\t\t\t\t<div class=\"elementor-widget-container\">\n\t\t\t\t\t<span class=\"elementor-heading-title elementor-size-default\"><a href=\"http:\/\/spasauna.pl\/wp-content\/uploads\/2022\/06\/formularz-odstapienia-od-umowy-e-praktyk.pdf\">Pr\u00edloha \u010d. 2 Formul\u00e1r na odst\u00fapenie od zmluvy: STIAHNU\u0164<\/a><\/span>\t\t\t\t<\/div>\n\t\t\t\t<\/div>\n\t\t\t\t\t<\/div>\n\t\t<\/div>\n\t\t\t\t\t<\/div>\n\t\t<\/section>\n\t\t\t\t<\/div>","protected":false},"excerpt":{"rendered":"<p>Chybn\u00fd tovar alebo nes\u00falad so zmluvou Po prevzat\u00ed skontrolujte stav z\u00e1sielky. Reklam\u00e1cie t\u00fdkaj\u00face sa po\u0161kodenia po\u010das prepravy a nes\u00faladu so zmluvou bud\u00fa posudzovan\u00e9 na z\u00e1klade p\u00edsomn\u00e9ho protokolu o po\u0161koden\u00ed\/nezrovnalostiach v obsahu z\u00e1sielky, vyhotoven\u00e9ho pri prevzat\u00ed tovaru v pr\u00edtomnosti prepravcu kuri\u00e9rskej spolo\u010dnosti. Reklamovan\u00fd produkt n\u00e1m za\u0161lite na adresu predajne: ePraktyk Bartosz Zieli\u0144skiul. Talasiewicza 1638-100 Strzy\u017c\u00f3w Kontakt [\u2026]<\/p>","protected":false},"author":1,"featured_media":0,"parent":0,"menu_order":0,"comment_status":"closed","ping_status":"closed","template":"","meta":{"site-sidebar-layout":"default","site-content-layout":"default","ast-site-content-layout":"","site-content-style":"default","site-sidebar-style":"default","ast-global-header-display":"","ast-banner-title-visibility":"","ast-main-header-display":"","ast-hfb-above-header-display":"","ast-hfb-below-header-display":"","ast-hfb-mobile-header-display":"","site-post-title":"disabled","ast-breadcrumbs-content":"","ast-featured-img":"","footer-sml-layout":"","theme-transparent-header-meta":"default","adv-header-id-meta":"","stick-header-meta":"","header-above-stick-meta":"","header-main-stick-meta":"","header-below-stick-meta":"","astra-migrate-meta-layouts":"default","ast-page-background-enabled":"default","ast-page-background-meta":{"desktop":{"background-color":"var(--ast-global-color-4)","background-image":"","background-repeat":"repeat","background-position":"center center","background-size":"auto","background-attachment":"scroll","background-type":"","background-media":"","overlay-type":"","overlay-color":"","overlay-opacity":"","overlay-gradient":""},"tablet":{"background-color":"","background-image":"","background-repeat":"repeat","background-position":"center center","background-size":"auto","background-attachment":"scroll","background-type":"","background-media":"","overlay-type":"","overlay-color":"","overlay-opacity":"","overlay-gradient":""},"mobile":{"background-color":"","background-image":"","background-repeat":"repeat","background-position":"center center","background-size":"auto","background-attachment":"scroll","background-type":"","background-media":"","overlay-type":"","overlay-color":"","overlay-opacity":"","overlay-gradient":""}},"ast-content-background-meta":{"desktop":{"background-color":"var(--ast-global-color-5)","background-image":"","background-repeat":"repeat","background-position":"center center","background-size":"auto","background-attachment":"scroll","background-type":"","background-media":"","overlay-type":"","overlay-color":"","overlay-opacity":"","overlay-gradient":""},"tablet":{"background-color":"var(--ast-global-color-5)","background-image":"","background-repeat":"repeat","background-position":"center center","background-size":"auto","background-attachment":"scroll","background-type":"","background-media":"","overlay-type":"","overlay-color":"","overlay-opacity":"","overlay-gradient":""},"mobile":{"background-color":"var(--ast-global-color-5)","background-image":"","background-repeat":"repeat","background-position":"center center","background-size":"auto","background-attachment":"scroll","background-type":"","background-media":"","overlay-type":"","overlay-color":"","overlay-opacity":"","overlay-gradient":""}},"footnotes":""},"class_list":["post-22","page","type-page","status-publish","hentry"],"_links":{"self":[{"href":"https:\/\/spasauna.pl\/sk\/wp-json\/wp\/v2\/pages\/22","targetHints":{"allow":["GET"]}}],"collection":[{"href":"https:\/\/spasauna.pl\/sk\/wp-json\/wp\/v2\/pages"}],"about":[{"href":"https:\/\/spasauna.pl\/sk\/wp-json\/wp\/v2\/types\/page"}],"author":[{"embeddable":true,"href":"https:\/\/spasauna.pl\/sk\/wp-json\/wp\/v2\/users\/1"}],"replies":[{"embeddable":true,"href":"https:\/\/spasauna.pl\/sk\/wp-json\/wp\/v2\/comments?post=22"}],"version-history":[{"count":0,"href":"https:\/\/spasauna.pl\/sk\/wp-json\/wp\/v2\/pages\/22\/revisions"}],"wp:attachment":[{"href":"https:\/\/spasauna.pl\/sk\/wp-json\/wp\/v2\/media?parent=22"}],"curies":[{"name":"wp","href":"https:\/\/api.w.org\/{rel}","templated":true}]}}