{"id":51,"date":"2022-05-04T14:49:14","date_gmt":"2022-05-04T12:49:14","guid":{"rendered":"http:\/\/spasauna.pl\/?page_id=51"},"modified":"2022-06-03T22:35:47","modified_gmt":"2022-06-03T20:35:47","slug":"polityka-korzystania-ze-strony","status":"publish","type":"page","link":"https:\/\/spasauna.pl\/pt_br\/politica-de-uso-do-site\/","title":{"rendered":"Pol\u00edtica de uso do site"},"content":{"rendered":"<div data-elementor-type=\"wp-page\" data-elementor-id=\"51\" class=\"elementor elementor-51\" data-elementor-post-type=\"page\">\n\t\t\t\t\t\t<section class=\"elementor-section elementor-top-section elementor-element elementor-element-a383cd6 elementor-section-boxed elementor-section-height-default elementor-section-height-default\" data-id=\"a383cd6\" data-element_type=\"section\" data-e-type=\"section\">\n\t\t\t\t\t\t<div class=\"elementor-container elementor-column-gap-default\">\n\t\t\t\t\t<div class=\"elementor-column elementor-col-100 elementor-top-column elementor-element elementor-element-00ff724\" data-id=\"00ff724\" data-element_type=\"column\" data-e-type=\"column\">\n\t\t\t<div class=\"elementor-widget-wrap elementor-element-populated\">\n\t\t\t\t\t\t<div class=\"elementor-element elementor-element-c4fff0c elementor-widget elementor-widget-text-editor\" data-id=\"c4fff0c\" data-element_type=\"widget\" data-e-type=\"widget\" data-widget_type=\"text-editor.default\">\n\t\t\t\t<div class=\"elementor-widget-container\">\n\t\t\t\t\t\t\t\t\t<h2 class=\"western\"><strong>Pol\u00edtica de uso do site<\/strong><\/h2><p>Acesso e utiliza\u00e7\u00e3o do site da loja\u00a0<a href=\"http:\/\/epraktyk.pl\/\" target=\"_blank\" rel=\"noopener\"><b>epraktyk.pl<\/b><\/a>\u00a0ocorre nos seguintes termos e condi\u00e7\u00f5es. Ao entrar e utilizar o site da loja, o usu\u00e1rio concorda com as regras aplic\u00e1veis.<\/p><p>O propriet\u00e1rio da loja \u00e9:<\/p><p><br \/><b>ePractitioner Bartosz Zieli\u0144ski<\/b><br \/>rua Talasiewicza 16<br \/>38-100 Strzy\u017c\u00f3w<\/p><p>Os termos de uso do site poder\u00e3o ser atualizados e alterados pela empresa\u00a0<b>ePractitioner\u00a0<\/b>a qualquer momento, sem aviso pr\u00e9vio. Ao entrar no site da loja, o utilizador obriga-se a ler as regras de utiliza\u00e7\u00e3o do site em vigor, em vigor no momento da sua publica\u00e7\u00e3o no site. L\u00ea-los equivale a aceit\u00e1-los.<br \/><br \/><\/p><h2 class=\"western\"><strong>Regras gerais de uso<\/strong><\/h2><p>O usu\u00e1rio \u00e9 obrigado a:<br \/><br \/>\u2022 utilizar o website de acordo com os termos e condi\u00e7\u00f5es, a lei aplic\u00e1vel na Pol\u00f3nia e as jurisdi\u00e7\u00f5es em que reside ao aceder ao website,<br \/>\u2022 fornecer informa\u00e7\u00f5es verdadeiras, precisas e atualizadas,<br \/>\u2022 n\u00e3o divulgar dados ilegais ou falsos,<br \/>\u2022 n\u00e3o colocar no site da loja, transmitir ou divulgar atrav\u00e9s dele informa\u00e7\u00e3o prejudicial, vulgar, racista ou qualquer outra informa\u00e7\u00e3o que seja ilegal, ofensiva ou que viole direitos de terceiros (direitos pessoais, direitos de propriedade intelectual).<br \/><br \/><\/p><h2 class=\"western\"><strong>Regras para compartilhar a p\u00e1gina<\/strong><\/h2><p>O propriet\u00e1rio do site tem o direito, a qualquer momento, sem aviso pr\u00e9vio, de:<br \/><br \/>\u2022 seu fechamento ou modifica\u00e7\u00e3o total, parcial,<br \/>\u2022 suspens\u00e3o de todos ou de servi\u00e7os, produtos,<br \/>\u2022 remover produtos e promo\u00e7\u00f5es dele,<br \/>\u2022 negar acesso ao site se o usu\u00e1rio violar alguma das regras de uso do site ou pol\u00edtica de privacidade,<br \/>\u2022 relatar casos de viola\u00e7\u00f5es de regulamentos (incluindo ofensas \u00e0 seguran\u00e7a e privacidade da informa\u00e7\u00e3o), fornecendo a identidade do usu\u00e1rio.<br \/><br \/><\/p><h2 class=\"western\"><strong>Direitos autorais e propriedade intelectual<\/strong><\/h2><p>Todas as fotos, elementos gr\u00e1ficos, \u00edcones, textos, bem como a sele\u00e7\u00e3o, disposi\u00e7\u00e3o e organiza\u00e7\u00e3o dos elementos acima mencionados no site est\u00e3o sujeitos a direitos de autor e direitos de propriedade intelectual. A utiliza\u00e7\u00e3o ilegal de materiais do site constitui uma viola\u00e7\u00e3o dos direitos do propriet\u00e1rio da loja, que poder\u00e1 apresentar quaisquer reclama\u00e7\u00f5es a este respeito. \u00c9 proibida a c\u00f3pia ou modifica\u00e7\u00e3o de textos e fotos do site, parcial ou totalmente, sem consentimento por escrito. Tamb\u00e9m \u00e9 proibido utilizar os materiais para fins comerciais, inclusive disponibiliz\u00e1-los a terceiros. Voc\u00ea pode utilizar os materiais publicados na loja apenas para uso pessoal (lendo a oferta, utilizando o guia).<br \/><br \/><\/p><h2 class=\"western\"><strong>Lei Aplic\u00e1vel e Jurisdi\u00e7\u00e3o<\/strong><\/h2><p>S\u00e3o apresentadas as regras de utiliza\u00e7\u00e3o do site\u00a0<b>epraktyk.pl\u00a0<\/b>ser\u00e1 interpretado de acordo com a lei polaca. Em caso de qualquer lit\u00edgio ou reclama\u00e7\u00e3o relacionada com eles, ser\u00e3o ouvidos exclusivamente perante os tribunais comuns polacos.<br \/><br \/><\/p><h2 class=\"western\"><strong>Pol\u00edtica de privacidade e cookies<\/strong><\/h2><p>Garantimos a confidencialidade dos dados pessoais a todos os utilizadores. S\u00e3o tratados como confidenciais, pelo que a loja os armazena, aplicando regras e medidas de seguran\u00e7a, de acordo com os requisitos da Lei da Protec\u00e7\u00e3o de Dados Pessoais, da Presta\u00e7\u00e3o de Servi\u00e7os Electr\u00f3nicos, do Regulamento sobre a Documenta\u00e7\u00e3o do Tratamento de Dados Pessoais e as condi\u00e7\u00f5es t\u00e9cnicas e organizacionais a serem cumpridas pelos dispositivos e sistemas de TI. Mais informa\u00e7\u00f5es podem ser encontradas em:\u00a0<a href=\"https:\/\/epraktyk.pl\/polityka-prywatnosci-i-cookies\" target=\"_blank\" rel=\"noopener\">Pol\u00edtica de privacidade e cookies<\/a>.<\/p><p>A aceita\u00e7\u00e3o destes termos de uso pelo usu\u00e1rio significa que eles se tornam vinculativos para ele e para a ePraktyk. Voc\u00ea declara, sem reservas, que n\u00e3o contestar\u00e1 a validade e aplicabilidade destes Termos de Uso.<br \/><br \/><\/p><h2 class=\"western\"><strong>Atendimento ao cliente e detalhes de contato<\/strong><\/h2><p><b>ePractitioner Bartosz Zieli\u0144ski<\/b><br \/>rua Talasiewicza 16<br \/>38-100 Strzy\u017c\u00f3w<\/p><p><strong>Telefone:\u00a0<\/strong>+48 530 737 841<br \/><strong>Endere\u00e7o de email:\u00a0<\/strong><a href=\"mailto:info@spasauna.pl\">info@spasauna.pl<\/a><\/p>\t\t\t\t\t\t\t\t<\/div>\n\t\t\t\t<\/div>\n\t\t\t\t\t<\/div>\n\t\t<\/div>\n\t\t\t\t\t<\/div>\n\t\t<\/section>\n\t\t\t\t<\/div>","protected":false},"excerpt":{"rendered":"<p>Pol\u00edtica de utiliza\u00e7\u00e3o do site O acesso e a utiliza\u00e7\u00e3o do site da loja epraktyk.pl est\u00e3o sujeitos aos seguintes termos e condi\u00e7\u00f5es. Ao entrar e utilizar o site da loja, o usu\u00e1rio concorda com as regras aplic\u00e1veis. O propriet\u00e1rio da loja \u00e9: ePraktyk Bartosz Zieli\u0144skiul. Talasiewicza 1638-100 Strzy\u017c\u00f3w. Os termos de utiliza\u00e7\u00e3o do site podem ser atualizados e alterados pela ePraktyk a qualquer momento, sem aviso pr\u00e9vio. Ao entrar [\u2026]<\/p>","protected":false},"author":1,"featured_media":0,"parent":0,"menu_order":0,"comment_status":"closed","ping_status":"closed","template":"","meta":{"site-sidebar-layout":"no-sidebar","site-content-layout":"page-builder","ast-site-content-layout":"","site-content-style":"default","site-sidebar-style":"default","ast-global-header-display":"","ast-banner-title-visibility":"","ast-main-header-display":"","ast-hfb-above-header-display":"","ast-hfb-below-header-display":"","ast-hfb-mobile-header-display":"","site-post-title":"disabled","ast-breadcrumbs-content":"","ast-featured-img":"disabled","footer-sml-layout":"","theme-transparent-header-meta":"default","adv-header-id-meta":"","stick-header-meta":"","header-above-stick-meta":"","header-main-stick-meta":"","header-below-stick-meta":"","astra-migrate-meta-layouts":"default","ast-page-background-enabled":"default","ast-page-background-meta":{"desktop":{"background-color":"var(--ast-global-color-4)","background-image":"","background-repeat":"repeat","background-position":"center center","background-size":"auto","background-attachment":"scroll","background-type":"","background-media":"","overlay-type":"","overlay-color":"","overlay-opacity":"","overlay-gradient":""},"tablet":{"background-color":"","background-image":"","background-repeat":"repeat","background-position":"center center","background-size":"auto","background-attachment":"scroll","background-type":"","background-media":"","overlay-type":"","overlay-color":"","overlay-opacity":"","overlay-gradient":""},"mobile":{"background-color":"","background-image":"","background-repeat":"repeat","background-position":"center center","background-size":"auto","background-attachment":"scroll","background-type":"","background-media":"","overlay-type":"","overlay-color":"","overlay-opacity":"","overlay-gradient":""}},"ast-content-background-meta":{"desktop":{"background-color":"var(--ast-global-color-5)","background-image":"","background-repeat":"repeat","background-position":"center center","background-size":"auto","background-attachment":"scroll","background-type":"","background-media":"","overlay-type":"","overlay-color":"","overlay-opacity":"","overlay-gradient":""},"tablet":{"background-color":"var(--ast-global-color-5)","background-image":"","background-repeat":"repeat","background-position":"center center","background-size":"auto","background-attachment":"scroll","background-type":"","background-media":"","overlay-type":"","overlay-color":"","overlay-opacity":"","overlay-gradient":""},"mobile":{"background-color":"var(--ast-global-color-5)","background-image":"","background-repeat":"repeat","background-position":"center center","background-size":"auto","background-attachment":"scroll","background-type":"","background-media":"","overlay-type":"","overlay-color":"","overlay-opacity":"","overlay-gradient":""}},"footnotes":""},"class_list":["post-51","page","type-page","status-publish","hentry"],"_links":{"self":[{"href":"https:\/\/spasauna.pl\/pt_br\/wp-json\/wp\/v2\/pages\/51","targetHints":{"allow":["GET"]}}],"collection":[{"href":"https:\/\/spasauna.pl\/pt_br\/wp-json\/wp\/v2\/pages"}],"about":[{"href":"https:\/\/spasauna.pl\/pt_br\/wp-json\/wp\/v2\/types\/page"}],"author":[{"embeddable":true,"href":"https:\/\/spasauna.pl\/pt_br\/wp-json\/wp\/v2\/users\/1"}],"replies":[{"embeddable":true,"href":"https:\/\/spasauna.pl\/pt_br\/wp-json\/wp\/v2\/comments?post=51"}],"version-history":[{"count":0,"href":"https:\/\/spasauna.pl\/pt_br\/wp-json\/wp\/v2\/pages\/51\/revisions"}],"wp:attachment":[{"href":"https:\/\/spasauna.pl\/pt_br\/wp-json\/wp\/v2\/media?parent=51"}],"curies":[{"name":"wp","href":"https:\/\/api.w.org\/{rel}","templated":true}]}}