{"id":3,"date":"2022-05-04T13:26:25","date_gmt":"2022-05-04T11:26:25","guid":{"rendered":"http:\/\/spasauna.pl\/?page_id=3"},"modified":"2024-03-06T10:14:41","modified_gmt":"2024-03-06T09:14:41","slug":"polityka-prywatnosci","status":"publish","type":"page","link":"https:\/\/spasauna.pl\/pt_br\/politica-de-privacidade\/","title":{"rendered":"Pol\u00edtica de privacidade e cookies"},"content":{"rendered":"<div data-elementor-type=\"wp-page\" data-elementor-id=\"3\" class=\"elementor elementor-3\" data-elementor-post-type=\"page\">\n\t\t\t\t\t\t<section class=\"elementor-section elementor-top-section elementor-element elementor-element-2c1cadf elementor-section-boxed elementor-section-height-default elementor-section-height-default\" data-id=\"2c1cadf\" data-element_type=\"section\" data-e-type=\"section\">\n\t\t\t\t\t\t<div class=\"elementor-container elementor-column-gap-default\">\n\t\t\t\t\t<div class=\"elementor-column elementor-col-100 elementor-top-column elementor-element elementor-element-9a260eb\" data-id=\"9a260eb\" data-element_type=\"column\" data-e-type=\"column\">\n\t\t\t<div class=\"elementor-widget-wrap elementor-element-populated\">\n\t\t\t\t\t\t<div class=\"elementor-element elementor-element-d25dbec elementor-widget elementor-widget-text-editor\" data-id=\"d25dbec\" data-element_type=\"widget\" data-e-type=\"widget\" data-widget_type=\"text-editor.default\">\n\t\t\t\t<div class=\"elementor-widget-container\">\n\t\t\t\t\t\t\t\t\t<h2 class=\"western\"><strong>Pol\u00edtica de privacidade e cookies<\/strong><\/h2>\n<p>A pol\u00edtica de privacidade informa os usu\u00e1rios da loja sobre os princ\u00edpios de obten\u00e7\u00e3o, processamento e seguran\u00e7a de dados pessoais dentro do site. Todos os dados s\u00e3o coletados, armazenados e processados de acordo com as disposi\u00e7\u00f5es da Lei de 29 de agosto de 1997 sobre a prote\u00e7\u00e3o de dados pessoais (Di\u00e1rio Oficial de 2002, n\u00ba 101, item 926, conforme alterada).<\/p>\n<p><strong>O administrador dos dados pessoais \u00e9:<\/strong><\/p>\n<p><b>ePractitioner Bartosz Zieli\u0144ski<\/b><br \/>rua Talasiewicza 16<br \/>38-100 Strzy\u017c\u00f3w<br \/><br \/><\/p>\n<h2 class=\"western\"><strong>Dados coletados<\/strong><\/h2>\n<p>O Cliente fornece dados pessoais voluntariamente. O registo na loja n\u00e3o \u00e9 obrigat\u00f3rio. O cliente pode fazer um pedido sem registro. O propriet\u00e1rio recolhe os seguintes dados pessoais: nome, apelido, morada residencial, endere\u00e7o de e-mail, endere\u00e7o IP do computador. Os dados s\u00e3o usados para atender pedidos e se comunicar com o cliente. S\u00e3o disponibilizados \u00e0s empresas transportadoras (os seus dados s\u00e3o confidenciais) para completar a entrega. Na loja on-line\u00a0<b>epraktyk.pl\u00a0<\/b>os dados recolhidos automaticamente podem ser utilizados para analisar o comportamento dos Clientes no site, recolher dados demogr\u00e1ficos sobre os Clientes e para fins t\u00e9cnicos para administrar servidores. Por sua vez, os dados recolhidos atrav\u00e9s do contacto direto entre o Cliente e a loja atrav\u00e9s do site s\u00e3o utilizados para a realiza\u00e7\u00e3o de correspond\u00eancia com o Cliente. Os dados s\u00e3o disponibilizados \u00e0s autoridades policiais e judiciais nos termos das disposi\u00e7\u00f5es legais. A loja utiliza dados para fins de marketing apenas com o consentimento do cliente.<br \/><br \/><\/p>\n<h2 class=\"western\"><strong>Armazenamento de dados<\/strong><\/h2>\n<p>Loja\u00a0<b>epraktyk.pl\u00a0<\/b>garante a seguran\u00e7a dos dados pessoais. A loja n\u00e3o transfere os dados de seus clientes a terceiros, ela os utiliza para garantir o atendimento adequado aos usu\u00e1rios da loja, atendimento de pedidos e comunica\u00e7\u00e3o eficiente. Os dados pessoais s\u00e3o tratados de forma totalmente confidencial e armazenados em um servidor bem protegido contra amea\u00e7as remotas e f\u00edsicas.<br \/><br \/><\/p>\n<h2 class=\"western\"><strong>Acesso aos dados<\/strong><\/h2>\n<p>Cada utilizador que tenha fornecido informa\u00e7\u00f5es sobre dados pessoais tem o direito de aceder a este conte\u00fado, corrigi-lo, atualiz\u00e1-lo, complement\u00e1-lo, solicitar a cessa\u00e7\u00e3o do tratamento e opor-se ao tratamento de dados pessoais nos termos do art. 32 se\u00e7\u00e3o 1\u00ba ponto 7 e 8 da Lei da Protec\u00e7\u00e3o de Dados Pessoais.<br \/><br \/><\/p>\n<h2 class=\"western\"><strong>Uso de cookies<\/strong><\/h2>\n<p>Para fornecer servi\u00e7os ao mais alto n\u00edvel, utilizamos cookies no nosso site. Usar o site sem alterar as configura\u00e7\u00f5es de cookies significa que eles ser\u00e3o armazenados no seu dispositivo final. Voc\u00ea pode alterar suas configura\u00e7\u00f5es de cookies a qualquer momento.<br \/>O site usa arquivos de \u201csess\u00e3o\u201d e \u201cpersistentes\u201d. Os primeiros s\u00e3o tempor\u00e1rios. Eles s\u00e3o armazenados no dispositivo final do usu\u00e1rio at\u00e9 o logout, a sa\u00edda do site ou o desligamento do navegador da web. O segundo tipo \u00e9 armazenado no dispositivo final pelo tempo especificado nos par\u00e2metros do cookie ou at\u00e9 que sejam exclu\u00eddos pelo usu\u00e1rio.<br \/><br \/><strong>Os tipos de cookies utilizados permitem:<br \/><\/strong><br \/>\u2022 utilizar os servi\u00e7os dispon\u00edveis no site,<br \/>\u2022 garantir a seguran\u00e7a, por exemplo, detectando abusos,<br \/>\u2022 coletar informa\u00e7\u00f5es sobre como o site \u00e9 usado,<br \/>\u2022 para &quot;lembrar&quot; as configura\u00e7\u00f5es selecionadas pelo usu\u00e1rio e personalizar a interface do usu\u00e1rio, por exemplo, o idioma selecionado, a regi\u00e3o de origem do usu\u00e1rio da Internet, etc.,<br \/>\u2022 fornecer ao utilizador conte\u00fados publicit\u00e1rios adaptados aos seus interesses.<br \/><br \/><\/p>\n<h2 class=\"western\"><strong>Altera\u00e7\u00e3o da pol\u00edtica de privacidade<\/strong><\/h2>\n<p>A loja online epraktyk.pl reserva-se o direito de alterar a sua pol\u00edtica de privacidade a qualquer momento, sem necessidade de informar os utilizadores. O cliente \u00e9 obrigado a se familiarizar com as altera\u00e7\u00f5es ap\u00f3s entrar no site da loja.<\/p>\t\t\t\t\t\t\t\t<\/div>\n\t\t\t\t<\/div>\n\t\t\t\t\t<\/div>\n\t\t<\/div>\n\t\t\t\t\t<\/div>\n\t\t<\/section>\n\t\t\t\t<section class=\"elementor-section elementor-top-section elementor-element elementor-element-a852322 elementor-section-boxed elementor-section-height-default elementor-section-height-default\" data-id=\"a852322\" data-element_type=\"section\" data-e-type=\"section\">\n\t\t\t\t\t\t<div class=\"elementor-container elementor-column-gap-default\">\n\t\t\t\t\t<div class=\"elementor-column elementor-col-100 elementor-top-column elementor-element elementor-element-779395a\" data-id=\"779395a\" data-element_type=\"column\" data-e-type=\"column\">\n\t\t\t<div class=\"elementor-widget-wrap elementor-element-populated\">\n\t\t\t\t\t\t<div class=\"elementor-element elementor-element-c6f2c8b elementor-widget elementor-widget-html\" data-id=\"c6f2c8b\" data-element_type=\"widget\" data-e-type=\"widget\" data-widget_type=\"html.default\">\n\t\t\t\t<div class=\"elementor-widget-container\">\n\t\t\t\t\t<script\r\n  id=\"CookieDeclaration\"\r\n  src=\"https:\/\/consent.cookiebot.com\/3a6f4686-1434-406d-b074-206f3fdb5969\/cd.js\"\r\n  type=\"text\/javascript\"\r\n><\/script>\t\t\t\t<\/div>\n\t\t\t\t<\/div>\n\t\t\t\t\t<\/div>\n\t\t<\/div>\n\t\t\t\t\t<\/div>\n\t\t<\/section>\n\t\t\t\t<\/div>","protected":false},"excerpt":{"rendered":"<p>Pol\u00edtica de privacidade e cookies A pol\u00edtica de privacidade informa os usu\u00e1rios da loja sobre os princ\u00edpios de obten\u00e7\u00e3o, processamento e prote\u00e7\u00e3o de dados pessoais dentro do servi\u00e7o. Todos os dados s\u00e3o coletados, armazenados e processados de acordo com as disposi\u00e7\u00f5es da Lei de 29.08.1997 sobre a prote\u00e7\u00e3o de dados pessoais (Di\u00e1rio Oficial de 2002, n\u00ba 101, item 926, conforme alterada). O administrador dos dados pessoais \u00e9: ePraktyk [\u2026]<\/p>","protected":false},"author":1,"featured_media":0,"parent":0,"menu_order":0,"comment_status":"closed","ping_status":"open","template":"","meta":{"site-sidebar-layout":"default","site-content-layout":"default","ast-site-content-layout":"","site-content-style":"default","site-sidebar-style":"default","ast-global-header-display":"","ast-banner-title-visibility":"","ast-main-header-display":"","ast-hfb-above-header-display":"","ast-hfb-below-header-display":"","ast-hfb-mobile-header-display":"","site-post-title":"disabled","ast-breadcrumbs-content":"","ast-featured-img":"","footer-sml-layout":"","theme-transparent-header-meta":"default","adv-header-id-meta":"","stick-header-meta":"","header-above-stick-meta":"","header-main-stick-meta":"","header-below-stick-meta":"","astra-migrate-meta-layouts":"default","ast-page-background-enabled":"default","ast-page-background-meta":{"desktop":{"background-color":"var(--ast-global-color-4)","background-image":"","background-repeat":"repeat","background-position":"center center","background-size":"auto","background-attachment":"scroll","background-type":"","background-media":"","overlay-type":"","overlay-color":"","overlay-opacity":"","overlay-gradient":""},"tablet":{"background-color":"","background-image":"","background-repeat":"repeat","background-position":"center center","background-size":"auto","background-attachment":"scroll","background-type":"","background-media":"","overlay-type":"","overlay-color":"","overlay-opacity":"","overlay-gradient":""},"mobile":{"background-color":"","background-image":"","background-repeat":"repeat","background-position":"center center","background-size":"auto","background-attachment":"scroll","background-type":"","background-media":"","overlay-type":"","overlay-color":"","overlay-opacity":"","overlay-gradient":""}},"ast-content-background-meta":{"desktop":{"background-color":"var(--ast-global-color-5)","background-image":"","background-repeat":"repeat","background-position":"center center","background-size":"auto","background-attachment":"scroll","background-type":"","background-media":"","overlay-type":"","overlay-color":"","overlay-opacity":"","overlay-gradient":""},"tablet":{"background-color":"var(--ast-global-color-5)","background-image":"","background-repeat":"repeat","background-position":"center center","background-size":"auto","background-attachment":"scroll","background-type":"","background-media":"","overlay-type":"","overlay-color":"","overlay-opacity":"","overlay-gradient":""},"mobile":{"background-color":"var(--ast-global-color-5)","background-image":"","background-repeat":"repeat","background-position":"center center","background-size":"auto","background-attachment":"scroll","background-type":"","background-media":"","overlay-type":"","overlay-color":"","overlay-opacity":"","overlay-gradient":""}},"footnotes":""},"class_list":["post-3","page","type-page","status-publish","hentry"],"_links":{"self":[{"href":"https:\/\/spasauna.pl\/pt_br\/wp-json\/wp\/v2\/pages\/3","targetHints":{"allow":["GET"]}}],"collection":[{"href":"https:\/\/spasauna.pl\/pt_br\/wp-json\/wp\/v2\/pages"}],"about":[{"href":"https:\/\/spasauna.pl\/pt_br\/wp-json\/wp\/v2\/types\/page"}],"author":[{"embeddable":true,"href":"https:\/\/spasauna.pl\/pt_br\/wp-json\/wp\/v2\/users\/1"}],"replies":[{"embeddable":true,"href":"https:\/\/spasauna.pl\/pt_br\/wp-json\/wp\/v2\/comments?post=3"}],"version-history":[{"count":0,"href":"https:\/\/spasauna.pl\/pt_br\/wp-json\/wp\/v2\/pages\/3\/revisions"}],"wp:attachment":[{"href":"https:\/\/spasauna.pl\/pt_br\/wp-json\/wp\/v2\/media?parent=3"}],"curies":[{"name":"wp","href":"https:\/\/api.w.org\/{rel}","templated":true}]}}