{"id":49,"date":"2022-05-04T14:48:51","date_gmt":"2022-05-04T12:48:51","guid":{"rendered":"http:\/\/spasauna.pl\/?page_id=49"},"modified":"2022-06-03T22:38:51","modified_gmt":"2022-06-03T20:38:51","slug":"sposoby-i-koszty-dostawy","status":"publish","type":"page","link":"https:\/\/spasauna.pl\/pt\/metodos-e-custos-de-entrega\/","title":{"rendered":"M\u00e9todos de entrega e custos"},"content":{"rendered":"<div data-elementor-type=\"wp-page\" data-elementor-id=\"49\" class=\"elementor elementor-49\" data-elementor-post-type=\"page\">\n\t\t\t\t\t\t<section class=\"elementor-section elementor-top-section elementor-element elementor-element-bab1326 elementor-section-boxed elementor-section-height-default elementor-section-height-default\" data-id=\"bab1326\" data-element_type=\"section\" data-e-type=\"section\">\n\t\t\t\t\t\t<div class=\"elementor-container elementor-column-gap-default\">\n\t\t\t\t\t<div class=\"elementor-column elementor-col-100 elementor-top-column elementor-element elementor-element-2731c5a\" data-id=\"2731c5a\" data-element_type=\"column\" data-e-type=\"column\">\n\t\t\t<div class=\"elementor-widget-wrap elementor-element-populated\">\n\t\t\t\t\t\t<div class=\"elementor-element elementor-element-e5290cf elementor-widget elementor-widget-text-editor\" data-id=\"e5290cf\" data-element_type=\"widget\" data-e-type=\"widget\" data-widget_type=\"text-editor.default\">\n\t\t\t\t<div class=\"elementor-widget-container\">\n\t\t\t\t\t\t\t\t\t<h2 class=\"western\"><strong>M\u00e9todo de Entrega<\/strong><\/h2><p>\u2022 Correio 24h FEDEX e DPD (lembramos de fornecer o n\u00famero de telefone do correio - isso facilita muito a entrega de encomendas)\u00a0<br \/>\u2022 recolha pessoal no armaz\u00e9m - Rzesz\u00f3w, ul. Przemys\u0142owa 14, das 09:00 h \u00e0s 16:00 h\u00a0<\/p><p><strong>Armaz\u00e9m e ponto de coleta pessoal em Rzesz\u00f3w<\/strong><\/p><p>ePraktyk.pl<\/p><p>rua Przemys\u0142owa 14<br \/>Rzesz\u00f3w 35-105<\/p><p>Telefone: +48 530 737 841<\/p><p>Endere\u00e7o de e-mail: info@spasauna.pl<br \/><br \/><\/p><h2 class=\"western\"><strong>Custo de entrega<\/strong><\/h2><p>Correio \u2013 PLN 9,90 ou dinheiro na entrega (pagamento em dinheiro ao correio) PLN 19,90 \u2013 em toda a Pol\u00f3nia\u00a0<\/p><h2 class=\"western\"><strong>entrega gr\u00e1tis<\/strong><\/h2><p>Entrega para pedidos acima de PLN 400\u00a0<strong>LIVRE.<\/strong><\/p><p>\u00a0<\/p><h2 class=\"western\"><strong>M\u00e9todos de pagamento dispon\u00edveis<\/strong><\/h2><p>\u2022 Transfer\u00eancia ou pagamento em dinheiro para a conta do ING Bank \u015al\u0105ski \u2013 Loja \u2013\u00a0<strong>36 1050 1562 1000 0092 2000 1417<\/strong><\/p><p>Endere\u00e7o da loja:<\/p><p>ePraktyk.pl\u00a0<\/p><p>ul. Ta\u0142asiewicza 16\u00a0<\/p><p>Strzy\u017c\u00f3w 38-100 (indique o n\u00famero exato do pedido no t\u00edtulo da transfer\u00eancia)\u00a0<\/p><p>\u00a0<\/p><p>\u2022 Pagamento na entrega ou op\u00e7\u00e3o de pagamento na entrega.\u00a0<br \/><br \/><br \/><\/p><p>Possibilidade de pagamento no sistema PayU, aceitamos todos os cart\u00f5es, VISA e MASTER CARD, parcelamento PayU.\u00a0<\/p>\t\t\t\t\t\t\t\t<\/div>\n\t\t\t\t<\/div>\n\t\t\t\t\t<\/div>\n\t\t<\/div>\n\t\t\t\t\t<\/div>\n\t\t<\/section>\n\t\t\t\t<\/div>","protected":false},"excerpt":{"rendered":"<p>M\u00e9todo de entrega \u2022 Correio 24h FEDEX e DPD (lembramos que voc\u00ea deve fornecer um n\u00famero de telefone para o correio - isso torna a entrega de encomendas muito mais f\u00e1cil) \u2022 coleta pessoal no dep\u00f3sito - Rzesz\u00f3w, ul. Przemys\u0142owa 14, das 09:00 \u00e0s 16:00 Armaz\u00e9m e local de coleta pessoal em Rzesz\u00f3w ePraktyk.pl ul. Przemys\u0142owa 14 Rzesz\u00f3w 35-105 Telefone: +48 530 737 841 Endere\u00e7o de e-mail: [\u2026]<\/p>","protected":false},"author":1,"featured_media":0,"parent":0,"menu_order":0,"comment_status":"closed","ping_status":"closed","template":"","meta":{"site-sidebar-layout":"no-sidebar","site-content-layout":"page-builder","ast-site-content-layout":"","site-content-style":"default","site-sidebar-style":"default","ast-global-header-display":"","ast-banner-title-visibility":"","ast-main-header-display":"","ast-hfb-above-header-display":"","ast-hfb-below-header-display":"","ast-hfb-mobile-header-display":"","site-post-title":"disabled","ast-breadcrumbs-content":"","ast-featured-img":"disabled","footer-sml-layout":"","theme-transparent-header-meta":"default","adv-header-id-meta":"","stick-header-meta":"","header-above-stick-meta":"","header-main-stick-meta":"","header-below-stick-meta":"","astra-migrate-meta-layouts":"default","ast-page-background-enabled":"default","ast-page-background-meta":{"desktop":{"background-color":"var(--ast-global-color-4)","background-image":"","background-repeat":"repeat","background-position":"center center","background-size":"auto","background-attachment":"scroll","background-type":"","background-media":"","overlay-type":"","overlay-color":"","overlay-opacity":"","overlay-gradient":""},"tablet":{"background-color":"","background-image":"","background-repeat":"repeat","background-position":"center center","background-size":"auto","background-attachment":"scroll","background-type":"","background-media":"","overlay-type":"","overlay-color":"","overlay-opacity":"","overlay-gradient":""},"mobile":{"background-color":"","background-image":"","background-repeat":"repeat","background-position":"center center","background-size":"auto","background-attachment":"scroll","background-type":"","background-media":"","overlay-type":"","overlay-color":"","overlay-opacity":"","overlay-gradient":""}},"ast-content-background-meta":{"desktop":{"background-color":"var(--ast-global-color-5)","background-image":"","background-repeat":"repeat","background-position":"center center","background-size":"auto","background-attachment":"scroll","background-type":"","background-media":"","overlay-type":"","overlay-color":"","overlay-opacity":"","overlay-gradient":""},"tablet":{"background-color":"var(--ast-global-color-5)","background-image":"","background-repeat":"repeat","background-position":"center center","background-size":"auto","background-attachment":"scroll","background-type":"","background-media":"","overlay-type":"","overlay-color":"","overlay-opacity":"","overlay-gradient":""},"mobile":{"background-color":"var(--ast-global-color-5)","background-image":"","background-repeat":"repeat","background-position":"center center","background-size":"auto","background-attachment":"scroll","background-type":"","background-media":"","overlay-type":"","overlay-color":"","overlay-opacity":"","overlay-gradient":""}},"footnotes":""},"class_list":["post-49","page","type-page","status-publish","hentry"],"_links":{"self":[{"href":"https:\/\/spasauna.pl\/pt\/wp-json\/wp\/v2\/pages\/49","targetHints":{"allow":["GET"]}}],"collection":[{"href":"https:\/\/spasauna.pl\/pt\/wp-json\/wp\/v2\/pages"}],"about":[{"href":"https:\/\/spasauna.pl\/pt\/wp-json\/wp\/v2\/types\/page"}],"author":[{"embeddable":true,"href":"https:\/\/spasauna.pl\/pt\/wp-json\/wp\/v2\/users\/1"}],"replies":[{"embeddable":true,"href":"https:\/\/spasauna.pl\/pt\/wp-json\/wp\/v2\/comments?post=49"}],"version-history":[{"count":0,"href":"https:\/\/spasauna.pl\/pt\/wp-json\/wp\/v2\/pages\/49\/revisions"}],"wp:attachment":[{"href":"https:\/\/spasauna.pl\/pt\/wp-json\/wp\/v2\/media?parent=49"}],"curies":[{"name":"wp","href":"https:\/\/api.w.org\/{rel}","templated":true}]}}