{"id":51,"date":"2022-05-04T14:49:14","date_gmt":"2022-05-04T12:49:14","guid":{"rendered":"http:\/\/spasauna.pl\/?page_id=51"},"modified":"2022-06-03T22:35:47","modified_gmt":"2022-06-03T20:35:47","slug":"polityka-korzystania-ze-strony","status":"publish","type":"page","link":"https:\/\/spasauna.pl\/fr\/politique-dutilisation-du-site-web\/","title":{"rendered":"Politique d&#039;utilisation du site Web"},"content":{"rendered":"<div data-elementor-type=\"wp-page\" data-elementor-id=\"51\" class=\"elementor elementor-51\" data-elementor-post-type=\"page\">\n\t\t\t\t\t\t<section class=\"elementor-section elementor-top-section elementor-element elementor-element-a383cd6 elementor-section-boxed elementor-section-height-default elementor-section-height-default\" data-id=\"a383cd6\" data-element_type=\"section\" data-e-type=\"section\">\n\t\t\t\t\t\t<div class=\"elementor-container elementor-column-gap-default\">\n\t\t\t\t\t<div class=\"elementor-column elementor-col-100 elementor-top-column elementor-element elementor-element-00ff724\" data-id=\"00ff724\" data-element_type=\"column\" data-e-type=\"column\">\n\t\t\t<div class=\"elementor-widget-wrap elementor-element-populated\">\n\t\t\t\t\t\t<div class=\"elementor-element elementor-element-c4fff0c elementor-widget elementor-widget-text-editor\" data-id=\"c4fff0c\" data-element_type=\"widget\" data-e-type=\"widget\" data-widget_type=\"text-editor.default\">\n\t\t\t\t<div class=\"elementor-widget-container\">\n\t\t\t\t\t\t\t\t\t<h2 class=\"western\"><strong>Politique d&#039;utilisation du site Web<\/strong><\/h2><p>Acc\u00e8s et utilisation du site Internet du magasin\u00a0<a href=\"http:\/\/epraktyk.pl\/\" target=\"_blank\" rel=\"noopener\"><b>epraktyk.pl<\/b><\/a>\u00a0s&#039;effectue dans les conditions suivantes. En entrant et en utilisant le site Web du magasin, l&#039;utilisateur accepte les r\u00e8gles applicables.<\/p><p>Le propri\u00e9taire du magasin est :<\/p><p><br \/><b>Cabinet en ligne Bartosz Zieli\u0144ski<\/b><br \/>ul. Talasiewicza 16<br \/>38-100 Strzy\u017c\u00f3w<\/p><p>Les termes et conditions du site peuvent \u00eatre mis \u00e0 jour et modifi\u00e9s par la soci\u00e9t\u00e9\u00a0<b>ePratique\u00a0<\/b>\u00e0 tout moment sans pr\u00e9avis. En acc\u00e9dant au site Web de la boutique, l&#039;utilisateur est tenu de lire les r\u00e8gles actuelles d&#039;utilisation du site Web, en vigueur au moment de leur mise en ligne sur le site Web. Les lire revient \u00e0 les accepter.<br \/><br \/><\/p><h2 class=\"western\"><strong>Conditions g\u00e9n\u00e9rales d&#039;utilisation<\/strong><\/h2><p>L&#039;utilisateur est oblig\u00e9 de :<br \/><br \/>\u2022 utiliser le site Web conform\u00e9ment aux termes et conditions, \u00e0 la loi en vigueur en Pologne et aux juridictions dans lesquelles il se trouve, en acc\u00e9dant au site Web,<br \/>\u2022 fournir des informations v\u00e9ridiques, exactes et \u00e0 jour,<br \/>\u2022 ne pas divulguer de donn\u00e9es ill\u00e9gales ou mensong\u00e8res,<br \/>\u2022 ne pas publier sur le site Internet de la boutique, ne pas transmettre ou diffuser par son interm\u00e9diaire des informations nuisibles, vulgaires, racistes ou toute autre information ill\u00e9gale, offensante ou portant atteinte aux droits de tiers (droits de la personne, droits de propri\u00e9t\u00e9 intellectuelle).<br \/><br \/><\/p><h2 class=\"western\"><strong>R\u00e8gles de partage de site Web<\/strong><\/h2><p>Le propri\u00e9taire du site Web a le droit, \u00e0 tout moment et sans pr\u00e9avis, de :<br \/><br \/>\u2022 sa fermeture totale, partielle ou sa modification,<br \/>\u2022 suspension de tous ou de certains services et produits,<br \/>\u2022 retirer des marchandises, des promotions,<br \/>\u2022 refuser l&#039;acc\u00e8s au site Web si l&#039;utilisateur viole l&#039;une des r\u00e8gles d&#039;utilisation du site Web, la politique de confidentialit\u00e9,<br \/>\u2022 signalement des violations de la loi (y compris les atteintes \u00e0 la s\u00e9curit\u00e9 et \u00e0 la confidentialit\u00e9 des informations), en fournissant l&#039;identit\u00e9 de l&#039;utilisateur.<br \/><br \/><\/p><h2 class=\"western\"><strong>Droit d&#039;auteur et propri\u00e9t\u00e9 intellectuelle<\/strong><\/h2><p>Toutes les photos, graphiques, ic\u00f4nes, textes, ainsi que la s\u00e9lection, la disposition et l&#039;organisation des \u00e9l\u00e9ments ci-dessus sur le site Web sont soumis au droit d&#039;auteur et \u00e0 la propri\u00e9t\u00e9 intellectuelle. L&#039;utilisation illicite du mat\u00e9riel sur le site Web constitue une violation des droits du propri\u00e9taire du magasin, qui peut faire valoir toute r\u00e9clamation \u00e0 cet \u00e9gard. La copie, la modification des textes, des photos du site Internet en partie ou en totalit\u00e9, sans autorisation \u00e9crite, est interdite. Il est \u00e9galement interdit d&#039;utiliser le mat\u00e9riel \u00e0 des fins commerciales, y compris le partage avec des tiers. Les supports publi\u00e9s sur la boutique ne peuvent \u00eatre utilis\u00e9s que pour un usage personnel (prise de connaissance de l&#039;offre, utilisation du guide).<br \/><br \/><\/p><h2 class=\"western\"><strong>Droit applicable et juridiction<\/strong><\/h2><p>Les r\u00e8gles d&#039;utilisation du site\u00a0<b>epraktyk.pl\u00a0<\/b>seront interpr\u00e9t\u00e9s conform\u00e9ment \u00e0 la loi polonaise. En cas de litige ou de r\u00e9clamation s&#039;y rapportant, ils seront examin\u00e9s uniquement devant les tribunaux ordinaires polonais.<br \/><br \/><\/p><h2 class=\"western\"><strong>Politique de confidentialit\u00e9 et cookies<\/strong><\/h2><p>Nous garantissons la confidentialit\u00e9 des donn\u00e9es personnelles \u00e0 tous les utilisateurs. Ils sont trait\u00e9s comme confidentiels, c&#039;est pourquoi le magasin les stocke, en utilisant les r\u00e8gles et les garanties, conform\u00e9ment aux exigences de la loi sur la protection des donn\u00e9es personnelles, la fourniture de services \u00e9lectroniques, le r\u00e8glement sur la documentation du traitement des donn\u00e9es personnelles et technique et les conditions organisationnelles auxquelles doivent r\u00e9pondre les appareils et les syst\u00e8mes informatiques. Pour plus d&#039;informations, s&#039;il vous pla\u00eet visitez:\u00a0<a href=\"https:\/\/epraktyk.pl\/polityka-prywatnosci-i-cookies\" target=\"_blank\" rel=\"noopener\">Politique de confidentialit\u00e9 et cookies<\/a>.<\/p><p>L&#039;acceptation de ces conditions d&#039;utilisation par l&#039;utilisateur signifie qu&#039;elles deviennent contraignantes pour lui et ePraktyk. L&#039;utilisateur d\u00e9clare sans r\u00e9serve qu&#039;il ne remettra pas en cause la validit\u00e9 et l&#039;opposabilit\u00e9 des pr\u00e9sentes conditions d&#039;utilisation.<br \/><br \/><\/p><h2 class=\"western\"><strong>Service client et coordonn\u00e9es<\/strong><\/h2><p><b>Cabinet en ligne Bartosz Zieli\u0144ski<\/b><br \/>ul. Talasiewicza 16<br \/>38-100 Strzy\u017c\u00f3w<\/p><p><strong>T\u00e9l\u00e9phone:\u00a0<\/strong>+48 530 737 841<br \/><strong>Adresse email:\u00a0<\/strong><a href=\"mailto:info@spasauna.pl\">info@spasauna.pl<\/a><\/p>\t\t\t\t\t\t\t\t<\/div>\n\t\t\t\t<\/div>\n\t\t\t\t\t<\/div>\n\t\t<\/div>\n\t\t\t\t\t<\/div>\n\t\t<\/section>\n\t\t\t\t<\/div>","protected":false},"excerpt":{"rendered":"<p>Politique d&#039;utilisation du site web. L&#039;acc\u00e8s et l&#039;utilisation du site web de la boutique epraktyk.pl sont soumis aux conditions g\u00e9n\u00e9rales suivantes. En acc\u00e9dant au site web de la boutique et en l&#039;utilisant, l&#039;utilisateur accepte les r\u00e8gles applicables. Le propri\u00e9taire de la boutique est\u00a0: ePraktyk Bartosz Zieli\u0144skiul. Talasiewicza 1638-100 Strzy\u017c\u00f3w. Les conditions d&#039;utilisation du site web peuvent \u00eatre mises \u00e0 jour et modifi\u00e9es par ePraktyk \u00e0 tout moment, sans pr\u00e9avis. En acc\u00e9dant au site web [\u2026]<\/p>","protected":false},"author":1,"featured_media":0,"parent":0,"menu_order":0,"comment_status":"closed","ping_status":"closed","template":"","meta":{"site-sidebar-layout":"no-sidebar","site-content-layout":"page-builder","ast-site-content-layout":"","site-content-style":"default","site-sidebar-style":"default","ast-global-header-display":"","ast-banner-title-visibility":"","ast-main-header-display":"","ast-hfb-above-header-display":"","ast-hfb-below-header-display":"","ast-hfb-mobile-header-display":"","site-post-title":"disabled","ast-breadcrumbs-content":"","ast-featured-img":"disabled","footer-sml-layout":"","theme-transparent-header-meta":"default","adv-header-id-meta":"","stick-header-meta":"","header-above-stick-meta":"","header-main-stick-meta":"","header-below-stick-meta":"","astra-migrate-meta-layouts":"default","ast-page-background-enabled":"default","ast-page-background-meta":{"desktop":{"background-color":"var(--ast-global-color-4)","background-image":"","background-repeat":"repeat","background-position":"center center","background-size":"auto","background-attachment":"scroll","background-type":"","background-media":"","overlay-type":"","overlay-color":"","overlay-opacity":"","overlay-gradient":""},"tablet":{"background-color":"","background-image":"","background-repeat":"repeat","background-position":"center center","background-size":"auto","background-attachment":"scroll","background-type":"","background-media":"","overlay-type":"","overlay-color":"","overlay-opacity":"","overlay-gradient":""},"mobile":{"background-color":"","background-image":"","background-repeat":"repeat","background-position":"center center","background-size":"auto","background-attachment":"scroll","background-type":"","background-media":"","overlay-type":"","overlay-color":"","overlay-opacity":"","overlay-gradient":""}},"ast-content-background-meta":{"desktop":{"background-color":"var(--ast-global-color-5)","background-image":"","background-repeat":"repeat","background-position":"center center","background-size":"auto","background-attachment":"scroll","background-type":"","background-media":"","overlay-type":"","overlay-color":"","overlay-opacity":"","overlay-gradient":""},"tablet":{"background-color":"var(--ast-global-color-5)","background-image":"","background-repeat":"repeat","background-position":"center center","background-size":"auto","background-attachment":"scroll","background-type":"","background-media":"","overlay-type":"","overlay-color":"","overlay-opacity":"","overlay-gradient":""},"mobile":{"background-color":"var(--ast-global-color-5)","background-image":"","background-repeat":"repeat","background-position":"center center","background-size":"auto","background-attachment":"scroll","background-type":"","background-media":"","overlay-type":"","overlay-color":"","overlay-opacity":"","overlay-gradient":""}},"footnotes":""},"class_list":["post-51","page","type-page","status-publish","hentry"],"_links":{"self":[{"href":"https:\/\/spasauna.pl\/fr\/wp-json\/wp\/v2\/pages\/51","targetHints":{"allow":["GET"]}}],"collection":[{"href":"https:\/\/spasauna.pl\/fr\/wp-json\/wp\/v2\/pages"}],"about":[{"href":"https:\/\/spasauna.pl\/fr\/wp-json\/wp\/v2\/types\/page"}],"author":[{"embeddable":true,"href":"https:\/\/spasauna.pl\/fr\/wp-json\/wp\/v2\/users\/1"}],"replies":[{"embeddable":true,"href":"https:\/\/spasauna.pl\/fr\/wp-json\/wp\/v2\/comments?post=51"}],"version-history":[{"count":0,"href":"https:\/\/spasauna.pl\/fr\/wp-json\/wp\/v2\/pages\/51\/revisions"}],"wp:attachment":[{"href":"https:\/\/spasauna.pl\/fr\/wp-json\/wp\/v2\/media?parent=51"}],"curies":[{"name":"wp","href":"https:\/\/api.w.org\/{rel}","templated":true}]}}