{"id":49,"date":"2022-05-04T14:48:51","date_gmt":"2022-05-04T12:48:51","guid":{"rendered":"http:\/\/spasauna.pl\/?page_id=49"},"modified":"2022-06-03T22:38:51","modified_gmt":"2022-06-03T20:38:51","slug":"sposoby-i-koszty-dostawy","status":"publish","type":"page","link":"https:\/\/spasauna.pl\/fr\/modes-de-livraison-et-frais\/","title":{"rendered":"Modes et frais de livraison"},"content":{"rendered":"<div data-elementor-type=\"wp-page\" data-elementor-id=\"49\" class=\"elementor elementor-49\" data-elementor-post-type=\"page\">\n\t\t\t\t\t\t<section class=\"elementor-section elementor-top-section elementor-element elementor-element-bab1326 elementor-section-boxed elementor-section-height-default elementor-section-height-default\" data-id=\"bab1326\" data-element_type=\"section\" data-e-type=\"section\">\n\t\t\t\t\t\t<div class=\"elementor-container elementor-column-gap-default\">\n\t\t\t\t\t<div class=\"elementor-column elementor-col-100 elementor-top-column elementor-element elementor-element-2731c5a\" data-id=\"2731c5a\" data-element_type=\"column\" data-e-type=\"column\">\n\t\t\t<div class=\"elementor-widget-wrap elementor-element-populated\">\n\t\t\t\t\t\t<div class=\"elementor-element elementor-element-e5290cf elementor-widget elementor-widget-text-editor\" data-id=\"e5290cf\" data-element_type=\"widget\" data-e-type=\"widget\" data-widget_type=\"text-editor.default\">\n\t\t\t\t<div class=\"elementor-widget-container\">\n\t\t\t\t\t\t\t\t\t<h2 class=\"western\"><strong>M\u00e9thode de livraison<\/strong><\/h2><p>\u2022 Courrier FEDEX et DPD 24h\/24 (nous vous rappelons de fournir un num\u00e9ro de t\u00e9l\u00e9phone au coursier - cela facilite grandement la livraison des colis)\u00a0<br \/>\u2022 collection personnelle dans l&#039;entrep\u00f4t - Rzesz\u00f3w \u00e0 ul. Przemys\u0142owa 14, de 09h00 \u00e0 16h00\u00a0<\/p><p><strong>Entrep\u00f4t et lieu de collecte personnelle \u00e0 Rzesz\u00f3w<\/strong><\/p><p>ePraktyk.pl<\/p><p>ul. Przemy\u0142owa 14<br \/>Rzeszow 35-105<\/p><p>T\u00e9l\u00e9phone : +48 530 737 841<\/p><p>Adresse e-mail : info@spasauna.pl<br \/><br \/><\/p><h2 class=\"western\"><strong>Frais de livraison<\/strong><\/h2><p>Courrier - 9,90 PLN ou paiement \u00e0 la livraison (paiement en esp\u00e8ces au coursier) 19,90 PLN - dans toute la Pologne\u00a0<\/p><h2 class=\"western\"><strong>livraison gratuite<\/strong><\/h2><p>Pour les commandes sup\u00e9rieures \u00e0 400\u00a0PLN, livraison\u00a0<strong>LIBRE.<\/strong><\/p><p>\u00a0<\/p><h2 class=\"western\"><strong>Modes de paiement disponibles<\/strong><\/h2><p>\u2022 Virement ou paiement en esp\u00e8ces sur le compte d&#039;ING Bank \u015al\u0105ski - Shop -\u00a0<strong>36 1050 1562 1000 0092 2000 1417<\/strong><\/p><p>Adresse du magasin\u00a0:<\/p><p>ePraktyk.pl\u00a0<\/p><p>16, rue Talasiewicza\u00a0<\/p><p>Strzy\u017c\u00f3w 38-100 (veuillez indiquer le num\u00e9ro de commande exact dans le titre du transfert)\u00a0<\/p><p>\u00a0<\/p><p>\u2022 Paiement \u00e0 la livraison ou paiement \u00e0 la livraison.\u00a0<br \/><br \/><br \/><\/p><p>La possibilit\u00e9 de payer dans le syst\u00e8me PayU, nous prenons en charge toutes les cartes, VISA et MASTER CARD, versements PayU.\u00a0<\/p>\t\t\t\t\t\t\t\t<\/div>\n\t\t\t\t<\/div>\n\t\t\t\t\t<\/div>\n\t\t<\/div>\n\t\t\t\t\t<\/div>\n\t\t<\/section>\n\t\t\t\t<\/div>","protected":false},"excerpt":{"rendered":"<p>Mode de livraison \u2022 Courrier 24h FEDEX et DPD (nous vous rappelons de fournir un num\u00e9ro de t\u00e9l\u00e9phone pour le coursier - cela facilite grandement la livraison des colis) \u2022 Retrait personnel \u00e0 l&#039;entrep\u00f4t - Rzesz\u00f3w, ul. Przemys\u0142owa 14, de 09:00 \u00e0 16:00 Entrep\u00f4t et lieu de retrait personnel \u00e0 Rzesz\u00f3w ePraktyk.pl ul. Przemys\u0142owa 14 Rzesz\u00f3w 35-105 T\u00e9l\u00e9phone : +48 530 737 841 Adresse e-mail : [\u2026]<\/p>","protected":false},"author":1,"featured_media":0,"parent":0,"menu_order":0,"comment_status":"closed","ping_status":"closed","template":"","meta":{"site-sidebar-layout":"no-sidebar","site-content-layout":"page-builder","ast-site-content-layout":"","site-content-style":"default","site-sidebar-style":"default","ast-global-header-display":"","ast-banner-title-visibility":"","ast-main-header-display":"","ast-hfb-above-header-display":"","ast-hfb-below-header-display":"","ast-hfb-mobile-header-display":"","site-post-title":"disabled","ast-breadcrumbs-content":"","ast-featured-img":"disabled","footer-sml-layout":"","theme-transparent-header-meta":"default","adv-header-id-meta":"","stick-header-meta":"","header-above-stick-meta":"","header-main-stick-meta":"","header-below-stick-meta":"","astra-migrate-meta-layouts":"default","ast-page-background-enabled":"default","ast-page-background-meta":{"desktop":{"background-color":"var(--ast-global-color-4)","background-image":"","background-repeat":"repeat","background-position":"center center","background-size":"auto","background-attachment":"scroll","background-type":"","background-media":"","overlay-type":"","overlay-color":"","overlay-opacity":"","overlay-gradient":""},"tablet":{"background-color":"","background-image":"","background-repeat":"repeat","background-position":"center center","background-size":"auto","background-attachment":"scroll","background-type":"","background-media":"","overlay-type":"","overlay-color":"","overlay-opacity":"","overlay-gradient":""},"mobile":{"background-color":"","background-image":"","background-repeat":"repeat","background-position":"center center","background-size":"auto","background-attachment":"scroll","background-type":"","background-media":"","overlay-type":"","overlay-color":"","overlay-opacity":"","overlay-gradient":""}},"ast-content-background-meta":{"desktop":{"background-color":"var(--ast-global-color-5)","background-image":"","background-repeat":"repeat","background-position":"center center","background-size":"auto","background-attachment":"scroll","background-type":"","background-media":"","overlay-type":"","overlay-color":"","overlay-opacity":"","overlay-gradient":""},"tablet":{"background-color":"var(--ast-global-color-5)","background-image":"","background-repeat":"repeat","background-position":"center center","background-size":"auto","background-attachment":"scroll","background-type":"","background-media":"","overlay-type":"","overlay-color":"","overlay-opacity":"","overlay-gradient":""},"mobile":{"background-color":"var(--ast-global-color-5)","background-image":"","background-repeat":"repeat","background-position":"center center","background-size":"auto","background-attachment":"scroll","background-type":"","background-media":"","overlay-type":"","overlay-color":"","overlay-opacity":"","overlay-gradient":""}},"footnotes":""},"class_list":["post-49","page","type-page","status-publish","hentry"],"_links":{"self":[{"href":"https:\/\/spasauna.pl\/fr\/wp-json\/wp\/v2\/pages\/49","targetHints":{"allow":["GET"]}}],"collection":[{"href":"https:\/\/spasauna.pl\/fr\/wp-json\/wp\/v2\/pages"}],"about":[{"href":"https:\/\/spasauna.pl\/fr\/wp-json\/wp\/v2\/types\/page"}],"author":[{"embeddable":true,"href":"https:\/\/spasauna.pl\/fr\/wp-json\/wp\/v2\/users\/1"}],"replies":[{"embeddable":true,"href":"https:\/\/spasauna.pl\/fr\/wp-json\/wp\/v2\/comments?post=49"}],"version-history":[{"count":0,"href":"https:\/\/spasauna.pl\/fr\/wp-json\/wp\/v2\/pages\/49\/revisions"}],"wp:attachment":[{"href":"https:\/\/spasauna.pl\/fr\/wp-json\/wp\/v2\/media?parent=49"}],"curies":[{"name":"wp","href":"https:\/\/api.w.org\/{rel}","templated":true}]}}