{"id":3,"date":"2022-05-04T13:26:25","date_gmt":"2022-05-04T11:26:25","guid":{"rendered":"http:\/\/spasauna.pl\/?page_id=3"},"modified":"2024-03-06T10:14:41","modified_gmt":"2024-03-06T09:14:41","slug":"polityka-prywatnosci","status":"publish","type":"page","link":"https:\/\/spasauna.pl\/fr\/politique-de-confidentialite\/","title":{"rendered":"Politique de confidentialit\u00e9 et cookies"},"content":{"rendered":"<div data-elementor-type=\"wp-page\" data-elementor-id=\"3\" class=\"elementor elementor-3\" data-elementor-post-type=\"page\">\n\t\t\t\t\t\t<section class=\"elementor-section elementor-top-section elementor-element elementor-element-2c1cadf elementor-section-boxed elementor-section-height-default elementor-section-height-default\" data-id=\"2c1cadf\" data-element_type=\"section\" data-e-type=\"section\">\n\t\t\t\t\t\t<div class=\"elementor-container elementor-column-gap-default\">\n\t\t\t\t\t<div class=\"elementor-column elementor-col-100 elementor-top-column elementor-element elementor-element-9a260eb\" data-id=\"9a260eb\" data-element_type=\"column\" data-e-type=\"column\">\n\t\t\t<div class=\"elementor-widget-wrap elementor-element-populated\">\n\t\t\t\t\t\t<div class=\"elementor-element elementor-element-d25dbec elementor-widget elementor-widget-text-editor\" data-id=\"d25dbec\" data-element_type=\"widget\" data-e-type=\"widget\" data-widget_type=\"text-editor.default\">\n\t\t\t\t<div class=\"elementor-widget-container\">\n\t\t\t\t\t\t\t\t\t<h2 class=\"western\"><strong>Politique de confidentialit\u00e9 et cookies<\/strong><\/h2>\n<p>La politique de confidentialit\u00e9 informe les utilisateurs du magasin sur les r\u00e8gles d&#039;obtention, de traitement et de s\u00e9curisation des donn\u00e9es personnelles au sein du site Web. Toutes les donn\u00e9es sont collect\u00e9es, stock\u00e9es et trait\u00e9es conform\u00e9ment aux dispositions de la loi du 29 ao\u00fbt 1997 sur la protection des donn\u00e9es personnelles (Journal officiel de 2002, n\u00b0 101, article 926, tel que modifi\u00e9).<\/p>\n<p><strong>L&#039;administrateur des donn\u00e9es personnelles est :<\/strong><\/p>\n<p><b>Cabinet en ligne Bartosz Zieli\u0144ski<\/b><br \/>ul. Talasiewicza 16<br \/>38-100 Strzy\u017c\u00f3w<br \/><br \/><\/p>\n<h2 class=\"western\"><strong>Donn\u00e9es collect\u00e9es<\/strong><\/h2>\n<p>Le client fournit volontairement des donn\u00e9es personnelles. L&#039;inscription dans le magasin n&#039;est pas obligatoire. Le client peut passer une commande sans inscription. Le propri\u00e9taire collecte les donn\u00e9es personnelles suivantes : nom, pr\u00e9nom, adresse personnelle, adresse e-mail, adresse IP de l&#039;ordinateur. Les donn\u00e9es sont utilis\u00e9es pour ex\u00e9cuter les commandes et pour communiquer avec le client. Ils sont mis \u00e0 la disposition des entreprises de messagerie (la confidentialit\u00e9 des donn\u00e9es s&#039;applique) aux fins de livraison. Dans la boutique en ligne\u00a0<b>epraktyk.pl\u00a0<\/b>les donn\u00e9es collect\u00e9es automatiquement peuvent \u00eatre utilis\u00e9es pour analyser le comportement des clients sur le site Web, collecter des donn\u00e9es d\u00e9mographiques sur les clients et \u00e0 des fins techniques pour administrer les serveurs. \u00c0 leur tour, les donn\u00e9es collect\u00e9es par contact direct entre le client et le magasin via le site Web sont utilis\u00e9es pour correspondre avec le client. Les donn\u00e9es sont mises \u00e0 la disposition des autorit\u00e9s r\u00e9pressives et judiciaires conform\u00e9ment aux dispositions de la loi. Le magasin utilise les donn\u00e9es \u00e0 des fins de marketing uniquement avec le consentement du client.<br \/><br \/><\/p>\n<h2 class=\"western\"><strong>Stockage de donn\u00e9es<\/strong><\/h2>\n<p>Magasin\u00a0<b>epraktyk.pl\u00a0<\/b>assure la s\u00e9curit\u00e9 des donn\u00e9es personnelles. Le magasin ne transf\u00e8re pas les donn\u00e9es de ses clients \u00e0 des tiers, il les utilise lui-m\u00eame pour assurer un bon service aux utilisateurs du magasin, l&#039;ex\u00e9cution des commandes et une communication efficace. Les donn\u00e9es personnelles sont trait\u00e9es de mani\u00e8re totalement confidentielle, elles sont stock\u00e9es sur un serveur bien s\u00e9curis\u00e9 contre les menaces distantes et physiques.<br \/><br \/><\/p>\n<h2 class=\"western\"><strong>Acc\u00e8s aux donn\u00e9es<\/strong><\/h2>\n<p>Chaque utilisateur qui a fourni des informations sur les donn\u00e9es personnelles a le droit d&#039;acc\u00e9der \u00e0 ce contenu, de le corriger, de le mettre \u00e0 jour, de le compl\u00e9ter, de demander l&#039;arr\u00eat du traitement et de s&#039;opposer au traitement des donn\u00e9es personnelles conform\u00e9ment \u00e0 l&#039;art. 32 s. 1 points 7 et 8 de la loi sur la protection des donn\u00e9es personnelles.<br \/><br \/><\/p>\n<h2 class=\"western\"><strong>Utilisation de cookies<\/strong><\/h2>\n<p>Afin de fournir des services au plus haut niveau, nous utilisons des cookies sur notre site Web. L&#039;utilisation du site Web sans modifier les param\u00e8tres des cookies signifie qu&#039;ils seront stock\u00e9s sur votre terminal. Vous pouvez modifier vos param\u00e8tres de cookies \u00e0 tout moment.<br \/>Le site Web utilise des fichiers &quot;de session&quot; et &quot;permanents&quot;. Les premiers sont temporaires. Ils sont stock\u00e9s sur l&#039;appareil final de l&#039;utilisateur jusqu&#039;\u00e0 ce qu&#039;il se d\u00e9connecte, quitte le site Web ou d\u00e9sactive le navigateur Web. Le deuxi\u00e8me type est stock\u00e9 dans l&#039;appareil final pendant la dur\u00e9e sp\u00e9cifi\u00e9e dans les param\u00e8tres des cookies ou jusqu&#039;\u00e0 ce qu&#039;ils soient supprim\u00e9s par l&#039;utilisateur.<br \/><br \/><strong>Les types de cookies utilis\u00e9s permettent :<br \/><\/strong><br \/>\u2022 d&#039;utiliser les services disponibles sur le site,<br \/>\u2022 assurer la s\u00e9curit\u00e9, par exemple en d\u00e9tectant les abus,<br \/>\u2022 collecter des informations sur l&#039;utilisation du site,<br \/>\u2022 pour &quot;m\u00e9moriser&quot; les param\u00e8tres s\u00e9lectionn\u00e9s par l&#039;utilisateur et personnaliser l&#039;interface utilisateur, par exemple la langue s\u00e9lectionn\u00e9e, la r\u00e9gion d&#039;origine de l&#039;utilisateur, etc.,<br \/>\u2022 de fournir \u00e0 l&#039;utilisateur un contenu publicitaire adapt\u00e9 \u00e0 ses centres d&#039;int\u00e9r\u00eat.<br \/><br \/><\/p>\n<h2 class=\"western\"><strong>Modification de la politique de confidentialit\u00e9<\/strong><\/h2>\n<p>La boutique en ligne epraktyk.pl se r\u00e9serve le droit de modifier la politique de confidentialit\u00e9 \u00e0 tout moment sans en informer les utilisateurs. Les clients sont tenus de lire les modifications apr\u00e8s avoir acc\u00e9d\u00e9 au site Web du magasin.<\/p>\t\t\t\t\t\t\t\t<\/div>\n\t\t\t\t<\/div>\n\t\t\t\t\t<\/div>\n\t\t<\/div>\n\t\t\t\t\t<\/div>\n\t\t<\/section>\n\t\t\t\t<section class=\"elementor-section elementor-top-section elementor-element elementor-element-a852322 elementor-section-boxed elementor-section-height-default elementor-section-height-default\" data-id=\"a852322\" data-element_type=\"section\" data-e-type=\"section\">\n\t\t\t\t\t\t<div class=\"elementor-container elementor-column-gap-default\">\n\t\t\t\t\t<div class=\"elementor-column elementor-col-100 elementor-top-column elementor-element elementor-element-779395a\" data-id=\"779395a\" data-element_type=\"column\" data-e-type=\"column\">\n\t\t\t<div class=\"elementor-widget-wrap elementor-element-populated\">\n\t\t\t\t\t\t<div class=\"elementor-element elementor-element-c6f2c8b elementor-widget elementor-widget-html\" data-id=\"c6f2c8b\" data-element_type=\"widget\" data-e-type=\"widget\" data-widget_type=\"html.default\">\n\t\t\t\t<div class=\"elementor-widget-container\">\n\t\t\t\t\t<script\r\n  id=\"CookieDeclaration\"\r\n  src=\"https:\/\/consent.cookiebot.com\/3a6f4686-1434-406d-b074-206f3fdb5969\/cd.js\"\r\n  type=\"text\/javascript\"\r\n><\/script>\t\t\t\t<\/div>\n\t\t\t\t<\/div>\n\t\t\t\t\t<\/div>\n\t\t<\/div>\n\t\t\t\t\t<\/div>\n\t\t<\/section>\n\t\t\t\t<\/div>","protected":false},"excerpt":{"rendered":"<p>Politique de confidentialit\u00e9 et de cookies. La politique de confidentialit\u00e9 informe les utilisateurs de la boutique des principes de collecte, de traitement et de s\u00e9curisation des donn\u00e9es personnelles au sein du service. Toutes les donn\u00e9es sont collect\u00e9es, stock\u00e9es et trait\u00e9es conform\u00e9ment aux dispositions de la loi du 29 ao\u00fbt 1997 relative \u00e0 la protection des donn\u00e9es personnelles (Journal officiel de 2002, n\u00b0 101, art. 926, telle que modifi\u00e9e). L&#039;administrateur des donn\u00e9es personnelles est\u00a0: ePraktyk [\u2026]<\/p>","protected":false},"author":1,"featured_media":0,"parent":0,"menu_order":0,"comment_status":"closed","ping_status":"open","template":"","meta":{"site-sidebar-layout":"default","site-content-layout":"default","ast-site-content-layout":"","site-content-style":"default","site-sidebar-style":"default","ast-global-header-display":"","ast-banner-title-visibility":"","ast-main-header-display":"","ast-hfb-above-header-display":"","ast-hfb-below-header-display":"","ast-hfb-mobile-header-display":"","site-post-title":"disabled","ast-breadcrumbs-content":"","ast-featured-img":"","footer-sml-layout":"","theme-transparent-header-meta":"default","adv-header-id-meta":"","stick-header-meta":"","header-above-stick-meta":"","header-main-stick-meta":"","header-below-stick-meta":"","astra-migrate-meta-layouts":"default","ast-page-background-enabled":"default","ast-page-background-meta":{"desktop":{"background-color":"var(--ast-global-color-4)","background-image":"","background-repeat":"repeat","background-position":"center center","background-size":"auto","background-attachment":"scroll","background-type":"","background-media":"","overlay-type":"","overlay-color":"","overlay-opacity":"","overlay-gradient":""},"tablet":{"background-color":"","background-image":"","background-repeat":"repeat","background-position":"center center","background-size":"auto","background-attachment":"scroll","background-type":"","background-media":"","overlay-type":"","overlay-color":"","overlay-opacity":"","overlay-gradient":""},"mobile":{"background-color":"","background-image":"","background-repeat":"repeat","background-position":"center center","background-size":"auto","background-attachment":"scroll","background-type":"","background-media":"","overlay-type":"","overlay-color":"","overlay-opacity":"","overlay-gradient":""}},"ast-content-background-meta":{"desktop":{"background-color":"var(--ast-global-color-5)","background-image":"","background-repeat":"repeat","background-position":"center center","background-size":"auto","background-attachment":"scroll","background-type":"","background-media":"","overlay-type":"","overlay-color":"","overlay-opacity":"","overlay-gradient":""},"tablet":{"background-color":"var(--ast-global-color-5)","background-image":"","background-repeat":"repeat","background-position":"center center","background-size":"auto","background-attachment":"scroll","background-type":"","background-media":"","overlay-type":"","overlay-color":"","overlay-opacity":"","overlay-gradient":""},"mobile":{"background-color":"var(--ast-global-color-5)","background-image":"","background-repeat":"repeat","background-position":"center center","background-size":"auto","background-attachment":"scroll","background-type":"","background-media":"","overlay-type":"","overlay-color":"","overlay-opacity":"","overlay-gradient":""}},"footnotes":""},"class_list":["post-3","page","type-page","status-publish","hentry"],"_links":{"self":[{"href":"https:\/\/spasauna.pl\/fr\/wp-json\/wp\/v2\/pages\/3","targetHints":{"allow":["GET"]}}],"collection":[{"href":"https:\/\/spasauna.pl\/fr\/wp-json\/wp\/v2\/pages"}],"about":[{"href":"https:\/\/spasauna.pl\/fr\/wp-json\/wp\/v2\/types\/page"}],"author":[{"embeddable":true,"href":"https:\/\/spasauna.pl\/fr\/wp-json\/wp\/v2\/users\/1"}],"replies":[{"embeddable":true,"href":"https:\/\/spasauna.pl\/fr\/wp-json\/wp\/v2\/comments?post=3"}],"version-history":[{"count":0,"href":"https:\/\/spasauna.pl\/fr\/wp-json\/wp\/v2\/pages\/3\/revisions"}],"wp:attachment":[{"href":"https:\/\/spasauna.pl\/fr\/wp-json\/wp\/v2\/media?parent=3"}],"curies":[{"name":"wp","href":"https:\/\/api.w.org\/{rel}","templated":true}]}}