{"id":22,"date":"2022-05-04T14:48:09","date_gmt":"2022-05-04T12:48:09","guid":{"rendered":"http:\/\/spasauna.pl\/?page_id=22"},"modified":"2022-06-03T22:38:02","modified_gmt":"2022-06-03T20:38:02","slug":"zwroty","status":"publish","type":"page","link":"https:\/\/spasauna.pl\/fr\/phrases\/","title":{"rendered":"R\u00e9clamations et retours"},"content":{"rendered":"<div data-elementor-type=\"wp-page\" data-elementor-id=\"22\" class=\"elementor elementor-22\" data-elementor-post-type=\"page\">\n\t\t\t\t\t\t<section class=\"elementor-section elementor-top-section elementor-element elementor-element-6fe192c elementor-section-boxed elementor-section-height-default elementor-section-height-default\" data-id=\"6fe192c\" data-element_type=\"section\" data-e-type=\"section\">\n\t\t\t\t\t\t<div class=\"elementor-container elementor-column-gap-default\">\n\t\t\t\t\t<div class=\"elementor-column elementor-col-100 elementor-top-column elementor-element elementor-element-5043e95\" data-id=\"5043e95\" data-element_type=\"column\" data-e-type=\"column\">\n\t\t\t<div class=\"elementor-widget-wrap elementor-element-populated\">\n\t\t\t\t\t\t<div class=\"elementor-element elementor-element-74aa889 elementor-widget elementor-widget-text-editor\" data-id=\"74aa889\" data-element_type=\"widget\" data-e-type=\"widget\" data-widget_type=\"text-editor.default\">\n\t\t\t\t<div class=\"elementor-widget-container\">\n\t\t\t\t\t\t\t\t\t<h2 class=\"western\"><strong>Marchandises d\u00e9fectueuses ou non conformes au contrat<\/strong><\/h2>\n<p>V\u00e9rifier l&#039;\u00e9tat du colis \u00e0 r\u00e9ception. Les r\u00e9clamations concernant les dommages pendant le transport et le non-respect du contrat seront examin\u00e9es sur la base d&#039;un rapport \u00e9crit de dommages \/ anomalies dans le contenu de l&#039;envoi, \u00e9tabli au moment de la r\u00e9ception des marchandises en pr\u00e9sence du transporteur.<\/p>\n<p>Envoyez-nous le produit annonc\u00e9 \u00e0 l&#039;adresse du magasin :<\/p>\n<p><b>Cabinet en ligne Bartosz Zieli\u0144ski<\/b><br \/>ul. Talasiewicza 16<br \/>38-100 Strzy\u017c\u00f3w<br \/><br \/><\/p>\n<p>Contactez-nous par t\u00e9l\u00e9phone\u00a0<strong>530 737 841\u00a0<\/strong>ou par mail :\u00a0<a href=\"mailto:info@spasauna.pl\">info@spasauna.pl<\/a><br \/>Envoyez un scan du protocole et du formulaire de plainte \u00e0 l&#039;adresse e-mail suivante\u00a0:\u00a0<a href=\"mailto:info@spasauna.pl\">info@spasauna.pl<\/a><\/p>\t\t\t\t\t\t\t\t<\/div>\n\t\t\t\t<\/div>\n\t\t\t\t<div class=\"elementor-element elementor-element-a07b590 elementor-widget elementor-widget-heading\" data-id=\"a07b590\" data-element_type=\"widget\" data-e-type=\"widget\" data-widget_type=\"heading.default\">\n\t\t\t\t<div class=\"elementor-widget-container\">\n\t\t\t\t\t<span class=\"elementor-heading-title elementor-size-default\"><a href=\"http:\/\/spasauna.pl\/wp-content\/uploads\/2022\/06\/formularz-reklamacji-epraktyk.pdf\">Fichier \u00e0 t\u00e9l\u00e9charger : T\u00c9L\u00c9CHARGER<\/a><\/span>\t\t\t\t<\/div>\n\t\t\t\t<\/div>\n\t\t\t\t<div class=\"elementor-element elementor-element-3b05492 elementor-widget elementor-widget-text-editor\" data-id=\"3b05492\" data-element_type=\"widget\" data-e-type=\"widget\" data-widget_type=\"text-editor.default\">\n\t\t\t\t<div class=\"elementor-widget-container\">\n\t\t\t\t\t\t\t\t\t<h2 class=\"western\"><strong>Le droit de r\u00e9silier le contrat<\/strong><\/h2>\n<p>\u2022 Si vous n&#039;\u00eates pas un entrepreneur, vous avez le droit de r\u00e9silier le contrat conclu via le magasin dans un d\u00e9lai de 14 jours \u00e0 compter de la livraison de l&#039;article, sans donner de motif.<br \/>\u2022 La condition pour l&#039;exercice du droit de r\u00e9tractation du contrat est la soumission par le Client d&#039;une d\u00e9claration appropri\u00e9e par \u00e9crit ou sous forme \u00e9lectronique via e-mail.<br \/>\u2022 La d\u00e9claration de r\u00e9tractation du contrat, le num\u00e9ro de compte bancaire sur lequel l&#039;argent doit \u00eatre retourn\u00e9 au client et les marchandises retourn\u00e9es doivent \u00eatre envoy\u00e9s \u00e0 l&#039;adresse suivante\u00a0:\u00a0<b>ePratique Bartosz Zieli\u0144ski,\u00a0<\/b>ul. Talasiewicza 16, 38-100 Strzy\u017c\u00f3w.<br \/>\u2022 L&#039;argent sera restitu\u00e9 au client sur le compte bancaire indiqu\u00e9 par lui, dont le num\u00e9ro devra \u00eatre joint au relev\u00e9 de r\u00e9tractation du contrat.<br \/>\u2022 Vous pouvez renvoyer le formulaire \u00e0 l&#039;adresse postale ci-dessus ou \u00e0 l&#039;adresse e-mail suivante :\u00a0<a href=\"mailto:info@spasauna.pl\">info@spasauna.pl<\/a><\/p>\t\t\t\t\t\t\t\t<\/div>\n\t\t\t\t<\/div>\n\t\t\t\t<div class=\"elementor-element elementor-element-1521495 elementor-widget elementor-widget-heading\" data-id=\"1521495\" data-element_type=\"widget\" data-e-type=\"widget\" data-widget_type=\"heading.default\">\n\t\t\t\t<div class=\"elementor-widget-container\">\n\t\t\t\t\t<span class=\"elementor-heading-title elementor-size-default\"><a href=\"http:\/\/spasauna.pl\/wp-content\/uploads\/2022\/06\/prawo-odstapienia-od-umowy-epraktyk.pdf\">Annexe 1 Droit de r\u00e9tractation du contrat : T\u00c9L\u00c9CHARGER<\/a><\/span>\t\t\t\t<\/div>\n\t\t\t\t<\/div>\n\t\t\t\t<div class=\"elementor-element elementor-element-8ae906c elementor-widget elementor-widget-heading\" data-id=\"8ae906c\" data-element_type=\"widget\" data-e-type=\"widget\" data-widget_type=\"heading.default\">\n\t\t\t\t<div class=\"elementor-widget-container\">\n\t\t\t\t\t<span class=\"elementor-heading-title elementor-size-default\"><a href=\"http:\/\/spasauna.pl\/wp-content\/uploads\/2022\/06\/formularz-odstapienia-od-umowy-e-praktyk.pdf\">Pi\u00e8ce jointe n\u00b02 Formulaire de r\u00e9tractation : T\u00c9L\u00c9CHARGER<\/a><\/span>\t\t\t\t<\/div>\n\t\t\t\t<\/div>\n\t\t\t\t\t<\/div>\n\t\t<\/div>\n\t\t\t\t\t<\/div>\n\t\t<\/section>\n\t\t\t\t<\/div>","protected":false},"excerpt":{"rendered":"<p>Marchandises d\u00e9fectueuses ou non conformes au contrat. D\u00e8s r\u00e9ception, v\u00e9rifiez l&#039;\u00e9tat de l&#039;envoi. Les r\u00e9clamations concernant des dommages pendant le transport ou des non-conformit\u00e9s au contrat seront examin\u00e9es sur la base d&#039;un proc\u00e8s-verbal \u00e9crit de dommages\/d&#039;anomalies dans le contenu de l&#039;envoi, \u00e9tabli \u00e0 la r\u00e9ception des marchandises en pr\u00e9sence du transporteur. Veuillez nous retourner le produit concern\u00e9 \u00e0 l&#039;adresse suivante\u00a0: ePraktyk Bartosz Zieli\u0144skiul. Talasiewicza 1638-100 Strzy\u017c\u00f3w. Contact [\u2026]<\/p>","protected":false},"author":1,"featured_media":0,"parent":0,"menu_order":0,"comment_status":"closed","ping_status":"closed","template":"","meta":{"site-sidebar-layout":"default","site-content-layout":"default","ast-site-content-layout":"","site-content-style":"default","site-sidebar-style":"default","ast-global-header-display":"","ast-banner-title-visibility":"","ast-main-header-display":"","ast-hfb-above-header-display":"","ast-hfb-below-header-display":"","ast-hfb-mobile-header-display":"","site-post-title":"disabled","ast-breadcrumbs-content":"","ast-featured-img":"","footer-sml-layout":"","theme-transparent-header-meta":"default","adv-header-id-meta":"","stick-header-meta":"","header-above-stick-meta":"","header-main-stick-meta":"","header-below-stick-meta":"","astra-migrate-meta-layouts":"default","ast-page-background-enabled":"default","ast-page-background-meta":{"desktop":{"background-color":"var(--ast-global-color-4)","background-image":"","background-repeat":"repeat","background-position":"center center","background-size":"auto","background-attachment":"scroll","background-type":"","background-media":"","overlay-type":"","overlay-color":"","overlay-opacity":"","overlay-gradient":""},"tablet":{"background-color":"","background-image":"","background-repeat":"repeat","background-position":"center center","background-size":"auto","background-attachment":"scroll","background-type":"","background-media":"","overlay-type":"","overlay-color":"","overlay-opacity":"","overlay-gradient":""},"mobile":{"background-color":"","background-image":"","background-repeat":"repeat","background-position":"center center","background-size":"auto","background-attachment":"scroll","background-type":"","background-media":"","overlay-type":"","overlay-color":"","overlay-opacity":"","overlay-gradient":""}},"ast-content-background-meta":{"desktop":{"background-color":"var(--ast-global-color-5)","background-image":"","background-repeat":"repeat","background-position":"center center","background-size":"auto","background-attachment":"scroll","background-type":"","background-media":"","overlay-type":"","overlay-color":"","overlay-opacity":"","overlay-gradient":""},"tablet":{"background-color":"var(--ast-global-color-5)","background-image":"","background-repeat":"repeat","background-position":"center center","background-size":"auto","background-attachment":"scroll","background-type":"","background-media":"","overlay-type":"","overlay-color":"","overlay-opacity":"","overlay-gradient":""},"mobile":{"background-color":"var(--ast-global-color-5)","background-image":"","background-repeat":"repeat","background-position":"center center","background-size":"auto","background-attachment":"scroll","background-type":"","background-media":"","overlay-type":"","overlay-color":"","overlay-opacity":"","overlay-gradient":""}},"footnotes":""},"class_list":["post-22","page","type-page","status-publish","hentry"],"_links":{"self":[{"href":"https:\/\/spasauna.pl\/fr\/wp-json\/wp\/v2\/pages\/22","targetHints":{"allow":["GET"]}}],"collection":[{"href":"https:\/\/spasauna.pl\/fr\/wp-json\/wp\/v2\/pages"}],"about":[{"href":"https:\/\/spasauna.pl\/fr\/wp-json\/wp\/v2\/types\/page"}],"author":[{"embeddable":true,"href":"https:\/\/spasauna.pl\/fr\/wp-json\/wp\/v2\/users\/1"}],"replies":[{"embeddable":true,"href":"https:\/\/spasauna.pl\/fr\/wp-json\/wp\/v2\/comments?post=22"}],"version-history":[{"count":0,"href":"https:\/\/spasauna.pl\/fr\/wp-json\/wp\/v2\/pages\/22\/revisions"}],"wp:attachment":[{"href":"https:\/\/spasauna.pl\/fr\/wp-json\/wp\/v2\/media?parent=22"}],"curies":[{"name":"wp","href":"https:\/\/api.w.org\/{rel}","templated":true}]}}