{"id":51,"date":"2022-05-04T14:49:14","date_gmt":"2022-05-04T12:49:14","guid":{"rendered":"http:\/\/spasauna.pl\/?page_id=51"},"modified":"2022-06-03T22:35:47","modified_gmt":"2022-06-03T20:35:47","slug":"polityka-korzystania-ze-strony","status":"publish","type":"page","link":"https:\/\/spasauna.pl\/es\/politica-de-uso-del-sitio-web\/","title":{"rendered":"Pol\u00edtica de uso del sitio web"},"content":{"rendered":"<div data-elementor-type=\"wp-page\" data-elementor-id=\"51\" class=\"elementor elementor-51\" data-elementor-post-type=\"page\">\n\t\t\t\t\t\t<section class=\"elementor-section elementor-top-section elementor-element elementor-element-a383cd6 elementor-section-boxed elementor-section-height-default elementor-section-height-default\" data-id=\"a383cd6\" data-element_type=\"section\" data-e-type=\"section\">\n\t\t\t\t\t\t<div class=\"elementor-container elementor-column-gap-default\">\n\t\t\t\t\t<div class=\"elementor-column elementor-col-100 elementor-top-column elementor-element elementor-element-00ff724\" data-id=\"00ff724\" data-element_type=\"column\" data-e-type=\"column\">\n\t\t\t<div class=\"elementor-widget-wrap elementor-element-populated\">\n\t\t\t\t\t\t<div class=\"elementor-element elementor-element-c4fff0c elementor-widget elementor-widget-text-editor\" data-id=\"c4fff0c\" data-element_type=\"widget\" data-e-type=\"widget\" data-widget_type=\"text-editor.default\">\n\t\t\t\t<div class=\"elementor-widget-container\">\n\t\t\t\t\t\t\t\t\t<h2 class=\"western\"><strong>Pol\u00edtica de uso del sitio web<\/strong><\/h2><p>Acceso y uso del sitio web de la tienda\u00a0<a href=\"http:\/\/epraktyk.pl\/\" target=\"_blank\" rel=\"noopener\"><b>epraktyk.pl<\/b><\/a>\u00a0se lleva a cabo en los siguientes t\u00e9rminos y condiciones. Al ingresar y utilizar el sitio web de la tienda, el usuario acepta las reglas aplicables.<\/p><p>El due\u00f1o de la tienda es:<\/p><p><br \/><b>ePracticante Bartosz Zieli\u0144ski<\/b><br \/>calle Talasiewicza 16<br \/>38-100 Strzy\u017c\u00f3w<\/p><p>Los t\u00e9rminos de uso del sitio web pueden ser actualizados y modificados por la empresa.\u00a0<b>ePracticante\u00a0<\/b>en cualquier momento, sin previo aviso. Al acceder al sitio web de la tienda, el usuario se obliga a leer las normas vigentes de uso del sitio web, vigentes en el momento de su publicaci\u00f3n en el sitio web. Leerlos equivale a aceptarlos.<br \/><br \/><\/p><h2 class=\"western\"><strong>Normas generales de uso<\/strong><\/h2><p>El usuario se obliga a:<br \/><br \/>\u2022 utilizar el sitio web de acuerdo con los t\u00e9rminos y condiciones, la ley aplicable en Polonia y las jurisdicciones en las que reside al acceder al sitio web,<br \/>\u2022 proporcionar informaci\u00f3n verdadera, precisa y actualizada,<br \/>\u2022 no revelar datos ilegales o falsos,<br \/>\u2022 no colocar en el sitio web de la tienda, transmitir o difundir a trav\u00e9s del mismo informaci\u00f3n nociva, vulgar, racista o de cualquier otro tipo que sea ilegal, ofensiva o viole los derechos de terceros (derechos personales, derechos de propiedad intelectual).<br \/><br \/><\/p><h2 class=\"western\"><strong>Reglas para compartir la p\u00e1gina.<\/strong><\/h2><p>El titular del sitio web tiene derecho en cualquier momento, sin previo aviso, a:<br \/><br \/>\u2022 su cierre o modificaci\u00f3n total, parcial,<br \/>\u2022 suspensi\u00f3n de todos o determinados servicios, productos,<br \/>\u2022 eliminar productos y promociones del mismo,<br \/>\u2022 negar el acceso al sitio web si el usuario viola cualquiera de las reglas de uso del sitio web o la pol\u00edtica de privacidad,<br \/>\u2022 denunciar casos de violaciones de la normativa (incluidos delitos contra la seguridad de la informaci\u00f3n y la privacidad), proporcionando la identidad del usuario.<br \/><br \/><\/p><h2 class=\"western\"><strong>Derechos de autor y propiedad intelectual<\/strong><\/h2><p>Todas las fotograf\u00edas, elementos gr\u00e1ficos, iconos, textos, as\u00ed como la selecci\u00f3n, disposici\u00f3n y organizaci\u00f3n de los elementos anteriores en el sitio web est\u00e1n sujetos a derechos de autor y de propiedad intelectual. El uso il\u00edcito de los materiales del sitio web constituye una violaci\u00f3n de los derechos del propietario de la tienda, quien podr\u00e1 presentar cualquier reclamaci\u00f3n al respecto. Est\u00e1 prohibido copiar o modificar textos y fotograf\u00edas del sitio web, parcial o totalmente, sin el consentimiento por escrito. Tambi\u00e9n est\u00e1 prohibido utilizar los materiales con fines comerciales, incluida su puesta a disposici\u00f3n de terceros. Puede utilizar los materiales publicados en la tienda s\u00f3lo para uso personal (leer la oferta, utilizar la gu\u00eda).<br \/><br \/><\/p><h2 class=\"western\"><strong>Ley Aplicable y Jurisdicci\u00f3n<\/strong><\/h2><p>Se presentan las reglas de uso del sitio web.\u00a0<b>epraktyk.pl\u00a0<\/b>se interpretar\u00e1 de acuerdo con la ley polaca. En caso de cualquier disputa o reclamaci\u00f3n relacionada con ellos, ser\u00e1n escuchados exclusivamente ante los tribunales comunes polacos.<br \/><br \/><\/p><h2 class=\"western\"><strong>Pol\u00edtica de privacidad y cookies<\/strong><\/h2><p>Garantizamos la confidencialidad de los datos personales a todos los usuarios. Son tratados como confidenciales, por lo que la tienda los almacena, aplicando normas y medidas de seguridad, de acuerdo con los requisitos de la Ley de protecci\u00f3n de datos personales, prestaci\u00f3n de servicios electr\u00f3nicos, el reglamento sobre la documentaci\u00f3n del tratamiento de datos personales. y las condiciones t\u00e9cnicas y organizativas que deben cumplir los dispositivos y sistemas inform\u00e1ticos. Puede encontrar m\u00e1s informaci\u00f3n en:\u00a0<a href=\"https:\/\/epraktyk.pl\/polityka-prywatnosci-i-cookies\" target=\"_blank\" rel=\"noopener\">Pol\u00edtica de privacidad y cookies<\/a>.<\/p><p>La aceptaci\u00f3n de estas condiciones de uso por parte del usuario significa que pasan a ser vinculantes para \u00e9l y ePraktyk. Usted declara, sin reservas, que no impugnar\u00e1 la validez y aplicabilidad de estos T\u00e9rminos de uso.<br \/><br \/><\/p><h2 class=\"western\"><strong>Atenci\u00f3n al cliente y datos de contacto<\/strong><\/h2><p><b>ePracticante Bartosz Zieli\u0144ski<\/b><br \/>calle Talasiewicza 16<br \/>38-100 Strzy\u017c\u00f3w<\/p><p><strong>Tel\u00e9fono:\u00a0<\/strong>+48 530 737 841<br \/><strong>Direcci\u00f3n de correo electr\u00f3nico:\u00a0<\/strong><a href=\"mailto:info@spasauna.pl\">info@spasauna.pl<\/a><\/p>\t\t\t\t\t\t\t\t<\/div>\n\t\t\t\t<\/div>\n\t\t\t\t\t<\/div>\n\t\t<\/div>\n\t\t\t\t\t<\/div>\n\t\t<\/section>\n\t\t\t\t<\/div>","protected":false},"excerpt":{"rendered":"<p>Pol\u00edtica de uso del sitio web. El acceso y uso del sitio web de la tienda epraktyk.pl est\u00e1 sujeto a los siguientes t\u00e9rminos y condiciones. Al acceder y utilizar el sitio web de la tienda, el usuario acepta las normas aplicables. El propietario de la tienda es: ePraktyk Bartosz Zieli\u0144skiul. Talasiewicza 1638-100 Strzy\u017c\u00f3w. Las condiciones de uso del sitio web pueden ser actualizadas y modificadas por ePraktyk en cualquier momento, sin previo aviso. Al acceder [\u2026]<\/p>","protected":false},"author":1,"featured_media":0,"parent":0,"menu_order":0,"comment_status":"closed","ping_status":"closed","template":"","meta":{"site-sidebar-layout":"no-sidebar","site-content-layout":"page-builder","ast-site-content-layout":"","site-content-style":"default","site-sidebar-style":"default","ast-global-header-display":"","ast-banner-title-visibility":"","ast-main-header-display":"","ast-hfb-above-header-display":"","ast-hfb-below-header-display":"","ast-hfb-mobile-header-display":"","site-post-title":"disabled","ast-breadcrumbs-content":"","ast-featured-img":"disabled","footer-sml-layout":"","theme-transparent-header-meta":"default","adv-header-id-meta":"","stick-header-meta":"","header-above-stick-meta":"","header-main-stick-meta":"","header-below-stick-meta":"","astra-migrate-meta-layouts":"default","ast-page-background-enabled":"default","ast-page-background-meta":{"desktop":{"background-color":"var(--ast-global-color-4)","background-image":"","background-repeat":"repeat","background-position":"center center","background-size":"auto","background-attachment":"scroll","background-type":"","background-media":"","overlay-type":"","overlay-color":"","overlay-opacity":"","overlay-gradient":""},"tablet":{"background-color":"","background-image":"","background-repeat":"repeat","background-position":"center center","background-size":"auto","background-attachment":"scroll","background-type":"","background-media":"","overlay-type":"","overlay-color":"","overlay-opacity":"","overlay-gradient":""},"mobile":{"background-color":"","background-image":"","background-repeat":"repeat","background-position":"center center","background-size":"auto","background-attachment":"scroll","background-type":"","background-media":"","overlay-type":"","overlay-color":"","overlay-opacity":"","overlay-gradient":""}},"ast-content-background-meta":{"desktop":{"background-color":"var(--ast-global-color-5)","background-image":"","background-repeat":"repeat","background-position":"center center","background-size":"auto","background-attachment":"scroll","background-type":"","background-media":"","overlay-type":"","overlay-color":"","overlay-opacity":"","overlay-gradient":""},"tablet":{"background-color":"var(--ast-global-color-5)","background-image":"","background-repeat":"repeat","background-position":"center center","background-size":"auto","background-attachment":"scroll","background-type":"","background-media":"","overlay-type":"","overlay-color":"","overlay-opacity":"","overlay-gradient":""},"mobile":{"background-color":"var(--ast-global-color-5)","background-image":"","background-repeat":"repeat","background-position":"center center","background-size":"auto","background-attachment":"scroll","background-type":"","background-media":"","overlay-type":"","overlay-color":"","overlay-opacity":"","overlay-gradient":""}},"footnotes":""},"class_list":["post-51","page","type-page","status-publish","hentry"],"_links":{"self":[{"href":"https:\/\/spasauna.pl\/es\/wp-json\/wp\/v2\/pages\/51","targetHints":{"allow":["GET"]}}],"collection":[{"href":"https:\/\/spasauna.pl\/es\/wp-json\/wp\/v2\/pages"}],"about":[{"href":"https:\/\/spasauna.pl\/es\/wp-json\/wp\/v2\/types\/page"}],"author":[{"embeddable":true,"href":"https:\/\/spasauna.pl\/es\/wp-json\/wp\/v2\/users\/1"}],"replies":[{"embeddable":true,"href":"https:\/\/spasauna.pl\/es\/wp-json\/wp\/v2\/comments?post=51"}],"version-history":[{"count":0,"href":"https:\/\/spasauna.pl\/es\/wp-json\/wp\/v2\/pages\/51\/revisions"}],"wp:attachment":[{"href":"https:\/\/spasauna.pl\/es\/wp-json\/wp\/v2\/media?parent=51"}],"curies":[{"name":"wp","href":"https:\/\/api.w.org\/{rel}","templated":true}]}}