{"id":49,"date":"2022-05-04T14:48:51","date_gmt":"2022-05-04T12:48:51","guid":{"rendered":"http:\/\/spasauna.pl\/?page_id=49"},"modified":"2022-06-03T22:38:51","modified_gmt":"2022-06-03T20:38:51","slug":"sposoby-i-koszty-dostawy","status":"publish","type":"page","link":"https:\/\/spasauna.pl\/es\/metodos-y-costos-de-entrega\/","title":{"rendered":"M\u00e9todos y costos de entrega."},"content":{"rendered":"<div data-elementor-type=\"wp-page\" data-elementor-id=\"49\" class=\"elementor elementor-49\" data-elementor-post-type=\"page\">\n\t\t\t\t\t\t<section class=\"elementor-section elementor-top-section elementor-element elementor-element-bab1326 elementor-section-boxed elementor-section-height-default elementor-section-height-default\" data-id=\"bab1326\" data-element_type=\"section\" data-e-type=\"section\">\n\t\t\t\t\t\t<div class=\"elementor-container elementor-column-gap-default\">\n\t\t\t\t\t<div class=\"elementor-column elementor-col-100 elementor-top-column elementor-element elementor-element-2731c5a\" data-id=\"2731c5a\" data-element_type=\"column\" data-e-type=\"column\">\n\t\t\t<div class=\"elementor-widget-wrap elementor-element-populated\">\n\t\t\t\t\t\t<div class=\"elementor-element elementor-element-e5290cf elementor-widget elementor-widget-text-editor\" data-id=\"e5290cf\" data-element_type=\"widget\" data-e-type=\"widget\" data-widget_type=\"text-editor.default\">\n\t\t\t\t<div class=\"elementor-widget-container\">\n\t\t\t\t\t\t\t\t\t<h2 class=\"western\"><strong>M\u00e9todo de entrega<\/strong><\/h2><p>\u2022 Mensajer\u00eda 24 horas FEDEX y DPD (le recordamos que proporcione el n\u00famero de tel\u00e9fono del mensajero, esto facilita mucho la entrega de paquetes)\u00a0<br \/>\u2022 recogida personal en el almac\u00e9n - Rzesz\u00f3w, ul. Przemys\u0142owa 14, de 09:00 a 16:00\u00a0<\/p><p><strong>Almac\u00e9n y punto de recogida personal en Rzesz\u00f3w<\/strong><\/p><p>ePraktyk.pl<\/p><p>calle Przemys\u0142owa 14<br \/>Rzesz\u00f3w 35-105<\/p><p>Tel\u00e9fono: +48 530 737 841<\/p><p>Direcci\u00f3n de correo electr\u00f3nico: info@spasauna.pl<br \/><br \/><\/p><h2 class=\"western\"><strong>Costo de entrega<\/strong><\/h2><p>Mensajer\u00eda \u2013 9,90 PLN o contra reembolso (pago en efectivo al mensajero) 19,90 PLN \u2013 en toda Polonia\u00a0<\/p><h2 class=\"western\"><strong>entrega gratis<\/strong><\/h2><p>Entrega para pedidos superiores a 400 PLN\u00a0<strong>GRATIS.<\/strong><\/p><p>\u00a0<\/p><h2 class=\"western\"><strong>M\u00e9todos de pago disponibles<\/strong><\/h2><p>\u2022 Transferencia o pago en efectivo a la cuenta de ING Bank \u015al\u0105ski \u2013 Tienda \u2013\u00a0<strong>36 1050 1562 1000 0092 2000 1417<\/strong><\/p><p>Direcci\u00f3n de la tienda:<\/p><p>ePraktyk.pl\u00a0<\/p><p>calle Ta\u0142asiewicza 16\u00a0<\/p><p>Strzy\u017c\u00f3w 38-100 (indique el n\u00famero de pedido exacto en el t\u00edtulo de la transferencia)\u00a0<\/p><p>\u00a0<\/p><p>\u2022 Opci\u00f3n contra reembolso o contra reembolso.\u00a0<br \/><br \/><br \/><\/p><p>Posibilidad de pago en sistema PayU, admitimos todas las tarjetas, VISA y MASTER CARD, cuotas PayU.\u00a0<\/p>\t\t\t\t\t\t\t\t<\/div>\n\t\t\t\t<\/div>\n\t\t\t\t\t<\/div>\n\t\t<\/div>\n\t\t\t\t\t<\/div>\n\t\t<\/section>\n\t\t\t\t<\/div>","protected":false},"excerpt":{"rendered":"<p>M\u00e9todo de entrega \u2022 Mensajer\u00eda 24 horas FEDEX y DPD (le recordamos que debe proporcionar el n\u00famero de tel\u00e9fono del mensajero; esto facilita considerablemente la entrega de los paquetes) \u2022 Recogida en el almac\u00e9n - Rzesz\u00f3w, ul. Przemys\u0142owa 14, de 09:00 a 16:00. Almac\u00e9n y lugar de recogida en Rzesz\u00f3w ePraktyk.pl ul. Przemys\u0142owa 14, Rzesz\u00f3w 35-105 Tel\u00e9fono: +48 530 737 841 Correo electr\u00f3nico: [\u2026]<\/p>","protected":false},"author":1,"featured_media":0,"parent":0,"menu_order":0,"comment_status":"closed","ping_status":"closed","template":"","meta":{"site-sidebar-layout":"no-sidebar","site-content-layout":"page-builder","ast-site-content-layout":"","site-content-style":"default","site-sidebar-style":"default","ast-global-header-display":"","ast-banner-title-visibility":"","ast-main-header-display":"","ast-hfb-above-header-display":"","ast-hfb-below-header-display":"","ast-hfb-mobile-header-display":"","site-post-title":"disabled","ast-breadcrumbs-content":"","ast-featured-img":"disabled","footer-sml-layout":"","theme-transparent-header-meta":"default","adv-header-id-meta":"","stick-header-meta":"","header-above-stick-meta":"","header-main-stick-meta":"","header-below-stick-meta":"","astra-migrate-meta-layouts":"default","ast-page-background-enabled":"default","ast-page-background-meta":{"desktop":{"background-color":"var(--ast-global-color-4)","background-image":"","background-repeat":"repeat","background-position":"center center","background-size":"auto","background-attachment":"scroll","background-type":"","background-media":"","overlay-type":"","overlay-color":"","overlay-opacity":"","overlay-gradient":""},"tablet":{"background-color":"","background-image":"","background-repeat":"repeat","background-position":"center center","background-size":"auto","background-attachment":"scroll","background-type":"","background-media":"","overlay-type":"","overlay-color":"","overlay-opacity":"","overlay-gradient":""},"mobile":{"background-color":"","background-image":"","background-repeat":"repeat","background-position":"center center","background-size":"auto","background-attachment":"scroll","background-type":"","background-media":"","overlay-type":"","overlay-color":"","overlay-opacity":"","overlay-gradient":""}},"ast-content-background-meta":{"desktop":{"background-color":"var(--ast-global-color-5)","background-image":"","background-repeat":"repeat","background-position":"center center","background-size":"auto","background-attachment":"scroll","background-type":"","background-media":"","overlay-type":"","overlay-color":"","overlay-opacity":"","overlay-gradient":""},"tablet":{"background-color":"var(--ast-global-color-5)","background-image":"","background-repeat":"repeat","background-position":"center center","background-size":"auto","background-attachment":"scroll","background-type":"","background-media":"","overlay-type":"","overlay-color":"","overlay-opacity":"","overlay-gradient":""},"mobile":{"background-color":"var(--ast-global-color-5)","background-image":"","background-repeat":"repeat","background-position":"center center","background-size":"auto","background-attachment":"scroll","background-type":"","background-media":"","overlay-type":"","overlay-color":"","overlay-opacity":"","overlay-gradient":""}},"footnotes":""},"class_list":["post-49","page","type-page","status-publish","hentry"],"_links":{"self":[{"href":"https:\/\/spasauna.pl\/es\/wp-json\/wp\/v2\/pages\/49","targetHints":{"allow":["GET"]}}],"collection":[{"href":"https:\/\/spasauna.pl\/es\/wp-json\/wp\/v2\/pages"}],"about":[{"href":"https:\/\/spasauna.pl\/es\/wp-json\/wp\/v2\/types\/page"}],"author":[{"embeddable":true,"href":"https:\/\/spasauna.pl\/es\/wp-json\/wp\/v2\/users\/1"}],"replies":[{"embeddable":true,"href":"https:\/\/spasauna.pl\/es\/wp-json\/wp\/v2\/comments?post=49"}],"version-history":[{"count":0,"href":"https:\/\/spasauna.pl\/es\/wp-json\/wp\/v2\/pages\/49\/revisions"}],"wp:attachment":[{"href":"https:\/\/spasauna.pl\/es\/wp-json\/wp\/v2\/media?parent=49"}],"curies":[{"name":"wp","href":"https:\/\/api.w.org\/{rel}","templated":true}]}}