{"id":3,"date":"2022-05-04T13:26:25","date_gmt":"2022-05-04T11:26:25","guid":{"rendered":"http:\/\/spasauna.pl\/?page_id=3"},"modified":"2024-03-06T10:14:41","modified_gmt":"2024-03-06T09:14:41","slug":"polityka-prywatnosci","status":"publish","type":"page","link":"https:\/\/spasauna.pl\/es\/politica-de-privacidad\/","title":{"rendered":"Pol\u00edtica de privacidad y cookies"},"content":{"rendered":"<div data-elementor-type=\"wp-page\" data-elementor-id=\"3\" class=\"elementor elementor-3\" data-elementor-post-type=\"page\">\n\t\t\t\t\t\t<section class=\"elementor-section elementor-top-section elementor-element elementor-element-2c1cadf elementor-section-boxed elementor-section-height-default elementor-section-height-default\" data-id=\"2c1cadf\" data-element_type=\"section\" data-e-type=\"section\">\n\t\t\t\t\t\t<div class=\"elementor-container elementor-column-gap-default\">\n\t\t\t\t\t<div class=\"elementor-column elementor-col-100 elementor-top-column elementor-element elementor-element-9a260eb\" data-id=\"9a260eb\" data-element_type=\"column\" data-e-type=\"column\">\n\t\t\t<div class=\"elementor-widget-wrap elementor-element-populated\">\n\t\t\t\t\t\t<div class=\"elementor-element elementor-element-d25dbec elementor-widget elementor-widget-text-editor\" data-id=\"d25dbec\" data-element_type=\"widget\" data-e-type=\"widget\" data-widget_type=\"text-editor.default\">\n\t\t\t\t<div class=\"elementor-widget-container\">\n\t\t\t\t\t\t\t\t\t<h2 class=\"western\"><strong>Pol\u00edtica de privacidad y cookies<\/strong><\/h2>\n<p>La pol\u00edtica de privacidad informa a los usuarios de la tienda sobre los principios de obtenci\u00f3n, procesamiento y protecci\u00f3n de datos personales dentro del sitio web. Todos los datos se recopilan, almacenan y procesan de conformidad con las disposiciones de la Ley del 29 de agosto de 1997 sobre la protecci\u00f3n de datos personales (Bolet\u00edn Jur\u00eddico de 2002, N\u00b0 101, art\u00edculo 926, seg\u00fan enmendada).<\/p>\n<p><strong>El administrador de los datos personales es:<\/strong><\/p>\n<p><b>ePracticante Bartosz Zieli\u0144ski<\/b><br \/>calle Talasiewicza 16<br \/>38-100 Strzy\u017c\u00f3w<br \/><br \/><\/p>\n<h2 class=\"western\"><strong>Datos recolectados<\/strong><\/h2>\n<p>El Cliente proporciona datos personales de forma voluntaria. El registro en la tienda no es obligatorio. El cliente puede realizar un pedido sin necesidad de registrarse. El titular recoge los siguientes datos personales: nombre, apellidos, direcci\u00f3n residencial, direcci\u00f3n de correo electr\u00f3nico, direcci\u00f3n IP del ordenador. Los datos se utilizan para cumplir con los pedidos y comunicarse con el cliente. Se ponen a disposici\u00f3n de empresas de mensajer\u00eda (sus datos son confidenciales) para poder completar la entrega. en tienda en linea\u00a0<b>epraktyk.pl\u00a0<\/b>Los datos recopilados autom\u00e1ticamente pueden usarse para analizar el comportamiento de los Clientes en el sitio web, recopilar datos demogr\u00e1ficos sobre los Clientes y con fines t\u00e9cnicos para administrar servidores. A su vez, los datos recogidos a trav\u00e9s del contacto directo entre el Cliente y la tienda a trav\u00e9s del sitio web se utilizan para mantener la correspondencia con el Cliente. Los datos se ponen a disposici\u00f3n de las autoridades policiales y judiciales de conformidad con las disposiciones legales. La tienda utiliza datos con fines de marketing \u00fanicamente con el consentimiento del cliente.<br \/><br \/><\/p>\n<h2 class=\"western\"><strong>Almacenamiento de datos<\/strong><\/h2>\n<p>Almacenar\u00a0<b>epraktyk.pl\u00a0<\/b>garantiza la seguridad de los datos personales. La tienda no cede los datos de sus clientes a terceros, los utiliza para garantizar un servicio adecuado a los usuarios de la tienda, cumplir con los pedidos y una comunicaci\u00f3n eficiente. Los datos personales se tratan de forma completamente confidencial y se almacenan en un servidor bien protegido contra amenazas f\u00edsicas y remotas.<br \/><br \/><\/p>\n<h2 class=\"western\"><strong>Acceso a los datos<\/strong><\/h2>\n<p>Cada usuario que haya facilitado informaci\u00f3n sobre datos personales tiene derecho a acceder a este contenido, corregirlo, actualizarlo, completarlo, solicitar el cese del tratamiento y oponerse al tratamiento de sus datos personales de conformidad con el art. 32 secci\u00f3n 1 puntos 7 y 8 de la Ley de Protecci\u00f3n de Datos Personales.<br \/><br \/><\/p>\n<h2 class=\"western\"><strong>Uso de cookies<\/strong><\/h2>\n<p>Para proporcionar servicios al m\u00e1s alto nivel, utilizamos cookies en nuestro sitio web. Usar el sitio web sin cambiar la configuraci\u00f3n de las cookies significa que se almacenar\u00e1n en su dispositivo final. Puede cambiar la configuraci\u00f3n de cookies en cualquier momento.<br \/>El sitio web utiliza archivos de &quot;sesi\u00f3n&quot; y &quot;persistentes&quot;. Los primeros son temporales. Se almacenan en el dispositivo final del usuario hasta que cierra la sesi\u00f3n, abandona el sitio web o apaga el navegador web. El segundo tipo se almacena en el dispositivo final durante el tiempo especificado en los par\u00e1metros de las cookies o hasta que sean eliminadas por el usuario.<br \/><br \/><strong>Los tipos de cookies utilizadas permiten:<br \/><\/strong><br \/>\u2022 utilizar los servicios disponibles en el sitio web,<br \/>\u2022 garantizar la seguridad, por ejemplo, detectando abusos,<br \/>\u2022 recopilar informaci\u00f3n sobre c\u00f3mo se utiliza el sitio web,<br \/>\u2022 &quot;recordar&quot; la configuraci\u00f3n seleccionada por el usuario y personalizar la interfaz de usuario, por ejemplo, el idioma seleccionado, la regi\u00f3n de donde proviene el internauta, etc.,<br \/>\u2022 proporcionar al usuario contenidos publicitarios adaptados a sus intereses.<br \/><br \/><\/p>\n<h2 class=\"western\"><strong>Cambio de pol\u00edtica de privacidad<\/strong><\/h2>\n<p>La tienda online epraktyk.pl se reserva el derecho de modificar su pol\u00edtica de privacidad en cualquier momento, sin tener que informar a los usuarios al respecto. Los clientes est\u00e1n obligados a familiarizarse con los cambios despu\u00e9s de ingresar al sitio web de la tienda.<\/p>\t\t\t\t\t\t\t\t<\/div>\n\t\t\t\t<\/div>\n\t\t\t\t\t<\/div>\n\t\t<\/div>\n\t\t\t\t\t<\/div>\n\t\t<\/section>\n\t\t\t\t<section class=\"elementor-section elementor-top-section elementor-element elementor-element-a852322 elementor-section-boxed elementor-section-height-default elementor-section-height-default\" data-id=\"a852322\" data-element_type=\"section\" data-e-type=\"section\">\n\t\t\t\t\t\t<div class=\"elementor-container elementor-column-gap-default\">\n\t\t\t\t\t<div class=\"elementor-column elementor-col-100 elementor-top-column elementor-element elementor-element-779395a\" data-id=\"779395a\" data-element_type=\"column\" data-e-type=\"column\">\n\t\t\t<div class=\"elementor-widget-wrap elementor-element-populated\">\n\t\t\t\t\t\t<div class=\"elementor-element elementor-element-c6f2c8b elementor-widget elementor-widget-html\" data-id=\"c6f2c8b\" data-element_type=\"widget\" data-e-type=\"widget\" data-widget_type=\"html.default\">\n\t\t\t\t<div class=\"elementor-widget-container\">\n\t\t\t\t\t<script\r\n  id=\"CookieDeclaration\"\r\n  src=\"https:\/\/consent.cookiebot.com\/3a6f4686-1434-406d-b074-206f3fdb5969\/cd.js\"\r\n  type=\"text\/javascript\"\r\n><\/script>\t\t\t\t<\/div>\n\t\t\t\t<\/div>\n\t\t\t\t\t<\/div>\n\t\t<\/div>\n\t\t\t\t\t<\/div>\n\t\t<\/section>\n\t\t\t\t<\/div>","protected":false},"excerpt":{"rendered":"<p>Pol\u00edtica de privacidad y cookies. La pol\u00edtica de privacidad informa a los usuarios de la tienda sobre los principios de obtenci\u00f3n, tratamiento y protecci\u00f3n de datos personales dentro del servicio. Todos los datos se recopilan, almacenan y tratan de conformidad con las disposiciones de la Ley de 29 de agosto de 1997 sobre protecci\u00f3n de datos personales (Bolet\u00edn Oficial de la Rep\u00fablica de 2002, n.\u00ba 101, art\u00edculo 926, en su versi\u00f3n modificada). El administrador de los datos personales es: ePraktyk [\u2026]<\/p>","protected":false},"author":1,"featured_media":0,"parent":0,"menu_order":0,"comment_status":"closed","ping_status":"open","template":"","meta":{"site-sidebar-layout":"default","site-content-layout":"default","ast-site-content-layout":"","site-content-style":"default","site-sidebar-style":"default","ast-global-header-display":"","ast-banner-title-visibility":"","ast-main-header-display":"","ast-hfb-above-header-display":"","ast-hfb-below-header-display":"","ast-hfb-mobile-header-display":"","site-post-title":"disabled","ast-breadcrumbs-content":"","ast-featured-img":"","footer-sml-layout":"","theme-transparent-header-meta":"default","adv-header-id-meta":"","stick-header-meta":"","header-above-stick-meta":"","header-main-stick-meta":"","header-below-stick-meta":"","astra-migrate-meta-layouts":"default","ast-page-background-enabled":"default","ast-page-background-meta":{"desktop":{"background-color":"var(--ast-global-color-4)","background-image":"","background-repeat":"repeat","background-position":"center center","background-size":"auto","background-attachment":"scroll","background-type":"","background-media":"","overlay-type":"","overlay-color":"","overlay-opacity":"","overlay-gradient":""},"tablet":{"background-color":"","background-image":"","background-repeat":"repeat","background-position":"center center","background-size":"auto","background-attachment":"scroll","background-type":"","background-media":"","overlay-type":"","overlay-color":"","overlay-opacity":"","overlay-gradient":""},"mobile":{"background-color":"","background-image":"","background-repeat":"repeat","background-position":"center center","background-size":"auto","background-attachment":"scroll","background-type":"","background-media":"","overlay-type":"","overlay-color":"","overlay-opacity":"","overlay-gradient":""}},"ast-content-background-meta":{"desktop":{"background-color":"var(--ast-global-color-5)","background-image":"","background-repeat":"repeat","background-position":"center center","background-size":"auto","background-attachment":"scroll","background-type":"","background-media":"","overlay-type":"","overlay-color":"","overlay-opacity":"","overlay-gradient":""},"tablet":{"background-color":"var(--ast-global-color-5)","background-image":"","background-repeat":"repeat","background-position":"center center","background-size":"auto","background-attachment":"scroll","background-type":"","background-media":"","overlay-type":"","overlay-color":"","overlay-opacity":"","overlay-gradient":""},"mobile":{"background-color":"var(--ast-global-color-5)","background-image":"","background-repeat":"repeat","background-position":"center center","background-size":"auto","background-attachment":"scroll","background-type":"","background-media":"","overlay-type":"","overlay-color":"","overlay-opacity":"","overlay-gradient":""}},"footnotes":""},"class_list":["post-3","page","type-page","status-publish","hentry"],"_links":{"self":[{"href":"https:\/\/spasauna.pl\/es\/wp-json\/wp\/v2\/pages\/3","targetHints":{"allow":["GET"]}}],"collection":[{"href":"https:\/\/spasauna.pl\/es\/wp-json\/wp\/v2\/pages"}],"about":[{"href":"https:\/\/spasauna.pl\/es\/wp-json\/wp\/v2\/types\/page"}],"author":[{"embeddable":true,"href":"https:\/\/spasauna.pl\/es\/wp-json\/wp\/v2\/users\/1"}],"replies":[{"embeddable":true,"href":"https:\/\/spasauna.pl\/es\/wp-json\/wp\/v2\/comments?post=3"}],"version-history":[{"count":0,"href":"https:\/\/spasauna.pl\/es\/wp-json\/wp\/v2\/pages\/3\/revisions"}],"wp:attachment":[{"href":"https:\/\/spasauna.pl\/es\/wp-json\/wp\/v2\/media?parent=3"}],"curies":[{"name":"wp","href":"https:\/\/api.w.org\/{rel}","templated":true}]}}