{"id":22,"date":"2022-05-04T14:48:09","date_gmt":"2022-05-04T12:48:09","guid":{"rendered":"http:\/\/spasauna.pl\/?page_id=22"},"modified":"2022-06-03T22:38:02","modified_gmt":"2022-06-03T20:38:02","slug":"zwroty","status":"publish","type":"page","link":"https:\/\/spasauna.pl\/en\/phrases\/","title":{"rendered":"Complaints and returns"},"content":{"rendered":"<div data-elementor-type=\"wp-page\" data-elementor-id=\"22\" class=\"elementor elementor-22\" data-elementor-post-type=\"page\">\n\t\t\t\t\t\t<section class=\"elementor-section elementor-top-section elementor-element elementor-element-6fe192c elementor-section-boxed elementor-section-height-default elementor-section-height-default\" data-id=\"6fe192c\" data-element_type=\"section\" data-e-type=\"section\">\n\t\t\t\t\t\t<div class=\"elementor-container elementor-column-gap-default\">\n\t\t\t\t\t<div class=\"elementor-column elementor-col-100 elementor-top-column elementor-element elementor-element-5043e95\" data-id=\"5043e95\" data-element_type=\"column\" data-e-type=\"column\">\n\t\t\t<div class=\"elementor-widget-wrap elementor-element-populated\">\n\t\t\t\t\t\t<div class=\"elementor-element elementor-element-74aa889 elementor-widget elementor-widget-text-editor\" data-id=\"74aa889\" data-element_type=\"widget\" data-e-type=\"widget\" data-widget_type=\"text-editor.default\">\n\t\t\t\t<div class=\"elementor-widget-container\">\n\t\t\t\t\t\t\t\t\t<h2 class=\"western\"><strong>Defective goods or not in accordance with the contract<\/strong><\/h2>\n<p>Check the condition of the parcel upon receipt. Complaints regarding damage during transport and non-compliance with the contract will be considered on the basis of a written damage \/ discrepancy report in the contents of the shipment, drawn up at the time of receipt of the goods in the presence of the courier forwarder.<\/p>\n<p>Send us the advertised product to the address of the store:<\/p>\n<p><b>ePractice Bartosz Zieli\u0144ski<\/b><br \/>ul. Talasiewicza 16<br \/>38-100 Strzy\u017c\u00f3w<br \/><br \/><\/p>\n<p>Contact us by phone\u00a0<strong>530 737 841\u00a0<\/strong>or by e-mail:\u00a0<a href=\"mailto:info@spasauna.pl\">info@spasauna.pl<\/a><br \/>Send a scan of the protocol and the complaint form to the following e-mail address:\u00a0<a href=\"mailto:info@spasauna.pl\">info@spasauna.pl<\/a><\/p>\t\t\t\t\t\t\t\t<\/div>\n\t\t\t\t<\/div>\n\t\t\t\t<div class=\"elementor-element elementor-element-a07b590 elementor-widget elementor-widget-heading\" data-id=\"a07b590\" data-element_type=\"widget\" data-e-type=\"widget\" data-widget_type=\"heading.default\">\n\t\t\t\t<div class=\"elementor-widget-container\">\n\t\t\t\t\t<span class=\"elementor-heading-title elementor-size-default\"><a href=\"http:\/\/spasauna.pl\/wp-content\/uploads\/2022\/06\/formularz-reklamacji-epraktyk.pdf\">File to download: DOWNLOAD<\/a><\/span>\t\t\t\t<\/div>\n\t\t\t\t<\/div>\n\t\t\t\t<div class=\"elementor-element elementor-element-3b05492 elementor-widget elementor-widget-text-editor\" data-id=\"3b05492\" data-element_type=\"widget\" data-e-type=\"widget\" data-widget_type=\"text-editor.default\">\n\t\t\t\t<div class=\"elementor-widget-container\">\n\t\t\t\t\t\t\t\t\t<h2 class=\"western\"><strong>The right to withdraw from the contract<\/strong><\/h2>\n<p>\u2022 If you are not an entrepreneur, you have the right to withdraw from the contract concluded via the store within 14 days from the delivery of the item, without giving any reason.<br \/>\u2022 The condition for the exercise of the right to withdraw from the contract is the submission by the Customer of an appropriate declaration in writing or in electronic form via e-mail.<br \/>\u2022 The declaration of withdrawal from the contract, the bank account number to which the money should be returned to the customer and the returned goods should be sent to the following address:\u00a0<b>ePractice Bartosz Zieli\u0144ski,\u00a0<\/b>ul. Talasiewicza 16, 38-100 Strzy\u017c\u00f3w.<br \/>\u2022 The money will be returned to the customer to the bank account indicated by him, the number of which should be attached to the statement on withdrawal from the contract.<br \/>\u2022 You can send the form back to the above postal address or to the following e-mail address:\u00a0<a href=\"mailto:info@spasauna.pl\">info@spasauna.pl<\/a><\/p>\t\t\t\t\t\t\t\t<\/div>\n\t\t\t\t<\/div>\n\t\t\t\t<div class=\"elementor-element elementor-element-1521495 elementor-widget elementor-widget-heading\" data-id=\"1521495\" data-element_type=\"widget\" data-e-type=\"widget\" data-widget_type=\"heading.default\">\n\t\t\t\t<div class=\"elementor-widget-container\">\n\t\t\t\t\t<span class=\"elementor-heading-title elementor-size-default\"><a href=\"http:\/\/spasauna.pl\/wp-content\/uploads\/2022\/06\/prawo-odstapienia-od-umowy-epraktyk.pdf\">Appendix 1 The right to withdraw from the contract: DOWNLOAD<\/a><\/span>\t\t\t\t<\/div>\n\t\t\t\t<\/div>\n\t\t\t\t<div class=\"elementor-element elementor-element-8ae906c elementor-widget elementor-widget-heading\" data-id=\"8ae906c\" data-element_type=\"widget\" data-e-type=\"widget\" data-widget_type=\"heading.default\">\n\t\t\t\t<div class=\"elementor-widget-container\">\n\t\t\t\t\t<span class=\"elementor-heading-title elementor-size-default\"><a href=\"http:\/\/spasauna.pl\/wp-content\/uploads\/2022\/06\/formularz-odstapienia-od-umowy-e-praktyk.pdf\">Attachment No. 2 Withdrawal form: DOWNLOAD<\/a><\/span>\t\t\t\t<\/div>\n\t\t\t\t<\/div>\n\t\t\t\t\t<\/div>\n\t\t<\/div>\n\t\t\t\t\t<\/div>\n\t\t<\/section>\n\t\t\t\t<\/div>","protected":false},"excerpt":{"rendered":"<p>Faulty goods or non-conformity with the contract Upon receipt, check the condition of the shipment. Complaints regarding damage during transport and non-conformity with the contract will be considered on the basis of a written protocol of damage\/discrepancies in the contents of the shipment, prepared at the time of receipt of the goods in the presence of the courier company&#039;s forwarder. Send us the product in question to the store address: ePraktyk Bartosz Zieli\u0144skiul. Talasiewicza 1638-100 Strzy\u017c\u00f3w Contact [\u2026]<\/p>","protected":false},"author":1,"featured_media":0,"parent":0,"menu_order":0,"comment_status":"closed","ping_status":"closed","template":"","meta":{"site-sidebar-layout":"default","site-content-layout":"default","ast-site-content-layout":"","site-content-style":"default","site-sidebar-style":"default","ast-global-header-display":"","ast-banner-title-visibility":"","ast-main-header-display":"","ast-hfb-above-header-display":"","ast-hfb-below-header-display":"","ast-hfb-mobile-header-display":"","site-post-title":"disabled","ast-breadcrumbs-content":"","ast-featured-img":"","footer-sml-layout":"","theme-transparent-header-meta":"default","adv-header-id-meta":"","stick-header-meta":"","header-above-stick-meta":"","header-main-stick-meta":"","header-below-stick-meta":"","astra-migrate-meta-layouts":"default","ast-page-background-enabled":"default","ast-page-background-meta":{"desktop":{"background-color":"var(--ast-global-color-4)","background-image":"","background-repeat":"repeat","background-position":"center center","background-size":"auto","background-attachment":"scroll","background-type":"","background-media":"","overlay-type":"","overlay-color":"","overlay-opacity":"","overlay-gradient":""},"tablet":{"background-color":"","background-image":"","background-repeat":"repeat","background-position":"center center","background-size":"auto","background-attachment":"scroll","background-type":"","background-media":"","overlay-type":"","overlay-color":"","overlay-opacity":"","overlay-gradient":""},"mobile":{"background-color":"","background-image":"","background-repeat":"repeat","background-position":"center center","background-size":"auto","background-attachment":"scroll","background-type":"","background-media":"","overlay-type":"","overlay-color":"","overlay-opacity":"","overlay-gradient":""}},"ast-content-background-meta":{"desktop":{"background-color":"var(--ast-global-color-5)","background-image":"","background-repeat":"repeat","background-position":"center center","background-size":"auto","background-attachment":"scroll","background-type":"","background-media":"","overlay-type":"","overlay-color":"","overlay-opacity":"","overlay-gradient":""},"tablet":{"background-color":"var(--ast-global-color-5)","background-image":"","background-repeat":"repeat","background-position":"center center","background-size":"auto","background-attachment":"scroll","background-type":"","background-media":"","overlay-type":"","overlay-color":"","overlay-opacity":"","overlay-gradient":""},"mobile":{"background-color":"var(--ast-global-color-5)","background-image":"","background-repeat":"repeat","background-position":"center center","background-size":"auto","background-attachment":"scroll","background-type":"","background-media":"","overlay-type":"","overlay-color":"","overlay-opacity":"","overlay-gradient":""}},"footnotes":""},"class_list":["post-22","page","type-page","status-publish","hentry"],"_links":{"self":[{"href":"https:\/\/spasauna.pl\/en\/wp-json\/wp\/v2\/pages\/22","targetHints":{"allow":["GET"]}}],"collection":[{"href":"https:\/\/spasauna.pl\/en\/wp-json\/wp\/v2\/pages"}],"about":[{"href":"https:\/\/spasauna.pl\/en\/wp-json\/wp\/v2\/types\/page"}],"author":[{"embeddable":true,"href":"https:\/\/spasauna.pl\/en\/wp-json\/wp\/v2\/users\/1"}],"replies":[{"embeddable":true,"href":"https:\/\/spasauna.pl\/en\/wp-json\/wp\/v2\/comments?post=22"}],"version-history":[{"count":0,"href":"https:\/\/spasauna.pl\/en\/wp-json\/wp\/v2\/pages\/22\/revisions"}],"wp:attachment":[{"href":"https:\/\/spasauna.pl\/en\/wp-json\/wp\/v2\/media?parent=22"}],"curies":[{"name":"wp","href":"https:\/\/api.w.org\/{rel}","templated":true}]}}