{"id":51,"date":"2022-05-04T14:49:14","date_gmt":"2022-05-04T12:49:14","guid":{"rendered":"http:\/\/spasauna.pl\/?page_id=51"},"modified":"2022-06-03T22:35:47","modified_gmt":"2022-06-03T20:35:47","slug":"polityka-korzystania-ze-strony","status":"publish","type":"page","link":"https:\/\/spasauna.pl\/de\/website-nutzungsrichtlinie\/","title":{"rendered":"Website-Nutzungsrichtlinie"},"content":{"rendered":"<div data-elementor-type=\"wp-page\" data-elementor-id=\"51\" class=\"elementor elementor-51\" data-elementor-post-type=\"page\">\n\t\t\t\t\t\t<section class=\"elementor-section elementor-top-section elementor-element elementor-element-a383cd6 elementor-section-boxed elementor-section-height-default elementor-section-height-default\" data-id=\"a383cd6\" data-element_type=\"section\" data-e-type=\"section\">\n\t\t\t\t\t\t<div class=\"elementor-container elementor-column-gap-default\">\n\t\t\t\t\t<div class=\"elementor-column elementor-col-100 elementor-top-column elementor-element elementor-element-00ff724\" data-id=\"00ff724\" data-element_type=\"column\" data-e-type=\"column\">\n\t\t\t<div class=\"elementor-widget-wrap elementor-element-populated\">\n\t\t\t\t\t\t<div class=\"elementor-element elementor-element-c4fff0c elementor-widget elementor-widget-text-editor\" data-id=\"c4fff0c\" data-element_type=\"widget\" data-e-type=\"widget\" data-widget_type=\"text-editor.default\">\n\t\t\t\t<div class=\"elementor-widget-container\">\n\t\t\t\t\t\t\t\t\t<h2 class=\"western\"><strong>Website-Nutzungsrichtlinie<\/strong><\/h2><p>Zugriff und Nutzung der Website des Gesch\u00e4fts\u00a0<a href=\"http:\/\/epraktyk.pl\/\" target=\"_blank\" rel=\"noopener\"><b>epraktyk.pl<\/b><\/a>\u00a0erfolgt zu den nachfolgenden Bedingungen. Durch das Betreten und Verwenden der Website des Gesch\u00e4fts erkl\u00e4rt sich der Benutzer mit den geltenden Regeln einverstanden.<\/p><p>Inhaber des Ladens ist:<\/p><p><br \/><b>ePraxis Bartosz Zieli\u0144ski<\/b><br \/>Ul. Talasiewicza 16<br \/>38-100 Strzy\u017c\u00f3w<\/p><p>Die Nutzungsbedingungen der Website k\u00f6nnen vom Unternehmen aktualisiert und ge\u00e4ndert werden\u00a0<b>ePraxis\u00a0<\/b>jederzeit ohne Vorank\u00fcndigung. Beim Betreten der Website des Gesch\u00e4fts muss der Benutzer die aktuellen Regeln f\u00fcr die Nutzung der Website lesen, die zum Zeitpunkt der Ver\u00f6ffentlichung auf der Website in Kraft sind. Sie zu lesen ist gleichbedeutend damit, sie zu akzeptieren.<br \/><br \/><\/p><h2 class=\"western\"><strong>Allgemeine Nutzungsbedingungen<\/strong><\/h2><p>Der Benutzer ist verpflichtet:<br \/><br \/>\u2022 Nutzung der Website in \u00dcbereinstimmung mit den Allgemeinen Gesch\u00e4ftsbedingungen, dem in Polen und den Gerichtsbarkeiten, in denen sie sich befindet, geltenden Recht, Zugriff auf die Website,<br \/>\u2022 Bereitstellung wahrer, genauer und aktueller Informationen,<br \/>\u2022 keine rechtswidrigen oder unwahren Daten preiszugeben,<br \/>\u2022 keine sch\u00e4dlichen, vulg\u00e4ren, rassistischen oder sonstigen Informationen, die rechtswidrig, anst\u00f6\u00dfig oder die Rechte Dritter (Pers\u00f6nlichkeitsrechte, geistige Eigentumsrechte) verletzen, auf der Website des Gesch\u00e4fts zu ver\u00f6ffentlichen, zu \u00fcbertragen oder zu verbreiten.<br \/><br \/><\/p><h2 class=\"western\"><strong>Regeln f\u00fcr die gemeinsame Nutzung von Websites<\/strong><\/h2><p>Der Eigent\u00fcmer der Website hat jederzeit das Recht, ohne vorherige Ank\u00fcndigung:<br \/><br \/>\u2022 seine vollst\u00e4ndige, teilweise Schlie\u00dfung oder \u00c4nderung,<br \/>\u2022 Aussetzung aller oder bestimmter Dienstleistungen, Produkte,<br \/>\u2022 Waren, Werbeaktionen entfernen,<br \/>\u2022 den Zugriff auf die Website zu verweigern, wenn der Benutzer gegen eine der Regeln f\u00fcr die Nutzung der Website, die Datenschutzrichtlinie verst\u00f6\u00dft,<br \/>\u2022 Meldung von Gesetzesverst\u00f6\u00dfen (einschlie\u00dflich Verst\u00f6\u00dfen gegen die Informationssicherheit und den Datenschutz) unter Angabe der Identit\u00e4t des Benutzers.<br \/><br \/><\/p><h2 class=\"western\"><strong>Urheberrecht und geistiges Eigentum<\/strong><\/h2><p>Alle Fotos, Grafiken, Symbole, Texte sowie die Auswahl, Anordnung und Anordnung der oben genannten Elemente auf der Website unterliegen dem Urheberrecht und dem geistigen Eigentum. Die rechtswidrige Verwendung der Materialien auf der Website stellt eine Verletzung der Rechte des Shop-Inhabers dar, der diesbez\u00fcgliche Anspr\u00fcche geltend machen kann. Das Kopieren, Ver\u00e4ndern von Texten, Fotos von der Website in Teilen oder im Ganzen ohne schriftliche Zustimmung ist untersagt. Es ist auch nicht gestattet, die Materialien f\u00fcr kommerzielle Zwecke zu verwenden, einschlie\u00dflich der Weitergabe an Dritte. Die im Shop ver\u00f6ffentlichten Materialien d\u00fcrfen nur f\u00fcr den pers\u00f6nlichen Gebrauch verwendet werden (Kennenlernen des Angebots, Verwenden des Leitfadens).<br \/><br \/><\/p><h2 class=\"western\"><strong>Anwendbares Recht und Gerichtsstand<\/strong><\/h2><p>Regeln f\u00fcr die Nutzung der vorgestellten Website\u00a0<b>epraktyk.pl\u00a0<\/b>werden nach polnischem Recht ausgelegt. Im Falle von Streitigkeiten oder Anspr\u00fcchen in Bezug auf sie werden sie nur vor polnischen ordentlichen Gerichten gepr\u00fcft.<br \/><br \/><\/p><h2 class=\"western\"><strong>Datenschutz- und Cookie-Richtlinie<\/strong><\/h2><p>Wir garantieren allen Benutzern die Vertraulichkeit personenbezogener Daten. Sie werden vertraulich behandelt, daher speichert der Shop sie unter Anwendung der Regeln und Sicherheitsvorkehrungen gem\u00e4\u00df den Anforderungen des Gesetzes zum Schutz personenbezogener Daten, zur Erbringung elektronischer Dienste, der Verordnung \u00fcber die Dokumentation der Verarbeitung personenbezogener Daten und technischer und organisatorische Bedingungen, die Ger\u00e4te und IT-Systeme erf\u00fcllen sollten. F\u00fcr weitere Informationen, besuchen Sie bitte:\u00a0<a href=\"https:\/\/epraktyk.pl\/polityka-prywatnosci-i-cookies\" target=\"_blank\" rel=\"noopener\">Datenschutz- und Cookie-Richtlinie<\/a>.<\/p><p>Die Annahme dieser Nutzungsbedingungen durch den Nutzer bedeutet, dass sie sowohl f\u00fcr ihn als auch f\u00fcr ePraktyk bindend werden. Der Nutzer erkl\u00e4rt vorbehaltlos, dass er die G\u00fcltigkeit und Durchsetzbarkeit dieser Nutzungsbedingungen nicht in Frage stellen wird.<br \/><br \/><\/p><h2 class=\"western\"><strong>Kundenservice und Kontaktdaten<\/strong><\/h2><p><b>ePraxis Bartosz Zieli\u0144ski<\/b><br \/>Ul. Talasiewicza 16<br \/>38-100 Strzy\u017c\u00f3w<\/p><p><strong>Telefon:\u00a0<\/strong>+48 530 737 841<br \/><strong>E-Mail-Adresse:\u00a0<\/strong><a href=\"mailto:info@spasauna.pl\">info@spasauna.pl<\/a><\/p>\t\t\t\t\t\t\t\t<\/div>\n\t\t\t\t<\/div>\n\t\t\t\t\t<\/div>\n\t\t<\/div>\n\t\t\t\t\t<\/div>\n\t\t<\/section>\n\t\t\t\t<\/div>","protected":false},"excerpt":{"rendered":"<p>Nutzungsbestimmungen f\u00fcr die Website Der Zugriff auf und die Nutzung der Website epraktyk.pl unterliegen den folgenden Bedingungen. Durch den Zugriff auf die Website und die Nutzung der Website erkl\u00e4rt sich der Nutzer mit den geltenden Regeln einverstanden. Inhaber des Shops ist: ePraktyk Bartosz Zieli\u0144skiul. Talasiewicza 1638-100 Strzy\u017c\u00f3w. Die Nutzungsbedingungen der Website k\u00f6nnen von ePraktyk jederzeit und ohne vorherige Ank\u00fcndigung aktualisiert und ge\u00e4ndert werden. Durch den Zugriff [\u2026]<\/p>","protected":false},"author":1,"featured_media":0,"parent":0,"menu_order":0,"comment_status":"closed","ping_status":"closed","template":"","meta":{"site-sidebar-layout":"no-sidebar","site-content-layout":"page-builder","ast-site-content-layout":"","site-content-style":"default","site-sidebar-style":"default","ast-global-header-display":"","ast-banner-title-visibility":"","ast-main-header-display":"","ast-hfb-above-header-display":"","ast-hfb-below-header-display":"","ast-hfb-mobile-header-display":"","site-post-title":"disabled","ast-breadcrumbs-content":"","ast-featured-img":"disabled","footer-sml-layout":"","theme-transparent-header-meta":"default","adv-header-id-meta":"","stick-header-meta":"","header-above-stick-meta":"","header-main-stick-meta":"","header-below-stick-meta":"","astra-migrate-meta-layouts":"default","ast-page-background-enabled":"default","ast-page-background-meta":{"desktop":{"background-color":"var(--ast-global-color-4)","background-image":"","background-repeat":"repeat","background-position":"center center","background-size":"auto","background-attachment":"scroll","background-type":"","background-media":"","overlay-type":"","overlay-color":"","overlay-opacity":"","overlay-gradient":""},"tablet":{"background-color":"","background-image":"","background-repeat":"repeat","background-position":"center center","background-size":"auto","background-attachment":"scroll","background-type":"","background-media":"","overlay-type":"","overlay-color":"","overlay-opacity":"","overlay-gradient":""},"mobile":{"background-color":"","background-image":"","background-repeat":"repeat","background-position":"center center","background-size":"auto","background-attachment":"scroll","background-type":"","background-media":"","overlay-type":"","overlay-color":"","overlay-opacity":"","overlay-gradient":""}},"ast-content-background-meta":{"desktop":{"background-color":"var(--ast-global-color-5)","background-image":"","background-repeat":"repeat","background-position":"center center","background-size":"auto","background-attachment":"scroll","background-type":"","background-media":"","overlay-type":"","overlay-color":"","overlay-opacity":"","overlay-gradient":""},"tablet":{"background-color":"var(--ast-global-color-5)","background-image":"","background-repeat":"repeat","background-position":"center center","background-size":"auto","background-attachment":"scroll","background-type":"","background-media":"","overlay-type":"","overlay-color":"","overlay-opacity":"","overlay-gradient":""},"mobile":{"background-color":"var(--ast-global-color-5)","background-image":"","background-repeat":"repeat","background-position":"center center","background-size":"auto","background-attachment":"scroll","background-type":"","background-media":"","overlay-type":"","overlay-color":"","overlay-opacity":"","overlay-gradient":""}},"footnotes":""},"class_list":["post-51","page","type-page","status-publish","hentry"],"_links":{"self":[{"href":"https:\/\/spasauna.pl\/de\/wp-json\/wp\/v2\/pages\/51","targetHints":{"allow":["GET"]}}],"collection":[{"href":"https:\/\/spasauna.pl\/de\/wp-json\/wp\/v2\/pages"}],"about":[{"href":"https:\/\/spasauna.pl\/de\/wp-json\/wp\/v2\/types\/page"}],"author":[{"embeddable":true,"href":"https:\/\/spasauna.pl\/de\/wp-json\/wp\/v2\/users\/1"}],"replies":[{"embeddable":true,"href":"https:\/\/spasauna.pl\/de\/wp-json\/wp\/v2\/comments?post=51"}],"version-history":[{"count":0,"href":"https:\/\/spasauna.pl\/de\/wp-json\/wp\/v2\/pages\/51\/revisions"}],"wp:attachment":[{"href":"https:\/\/spasauna.pl\/de\/wp-json\/wp\/v2\/media?parent=51"}],"curies":[{"name":"wp","href":"https:\/\/api.w.org\/{rel}","templated":true}]}}