{"id":49,"date":"2022-05-04T14:48:51","date_gmt":"2022-05-04T12:48:51","guid":{"rendered":"http:\/\/spasauna.pl\/?page_id=49"},"modified":"2022-06-03T22:38:51","modified_gmt":"2022-06-03T20:38:51","slug":"sposoby-i-koszty-dostawy","status":"publish","type":"page","link":"https:\/\/spasauna.pl\/de\/versandarten-und-kosten\/","title":{"rendered":"Liefermethoden und Kosten"},"content":{"rendered":"<div data-elementor-type=\"wp-page\" data-elementor-id=\"49\" class=\"elementor elementor-49\" data-elementor-post-type=\"page\">\n\t\t\t\t\t\t<section class=\"elementor-section elementor-top-section elementor-element elementor-element-bab1326 elementor-section-boxed elementor-section-height-default elementor-section-height-default\" data-id=\"bab1326\" data-element_type=\"section\" data-e-type=\"section\">\n\t\t\t\t\t\t<div class=\"elementor-container elementor-column-gap-default\">\n\t\t\t\t\t<div class=\"elementor-column elementor-col-100 elementor-top-column elementor-element elementor-element-2731c5a\" data-id=\"2731c5a\" data-element_type=\"column\" data-e-type=\"column\">\n\t\t\t<div class=\"elementor-widget-wrap elementor-element-populated\">\n\t\t\t\t\t\t<div class=\"elementor-element elementor-element-e5290cf elementor-widget elementor-widget-text-editor\" data-id=\"e5290cf\" data-element_type=\"widget\" data-e-type=\"widget\" data-widget_type=\"text-editor.default\">\n\t\t\t\t<div class=\"elementor-widget-container\">\n\t\t\t\t\t\t\t\t\t<h2 class=\"western\"><strong>Versandart<\/strong><\/h2><p>\u2022 FEDEX und DPD 24-Stunden-Kurier (wir erinnern Sie daran, eine Telefonnummer f\u00fcr den Kurier anzugeben \u2013 dies erleichtert die Paketzustellung erheblich)\u00a0<br \/>\u2022 pers\u00f6nliche Abholung im Lager - Rzesz\u00f3w an der ul. Przemys\u0142owa 14, von 09:00 bis 16:00 Uhr\u00a0<\/p><p><strong>Lager und Ort der pers\u00f6nlichen Sammlung in Rzesz\u00f3w<\/strong><\/p><p>ePraktyk.pl<\/p><p>Ul. Przemyslowa 14<br \/>Rzesz\u00f3w 35-105<\/p><p>Telefon: +48 530 737 841<\/p><p>E-Mail-Adresse: info@spasauna.pl<br \/><br \/><\/p><h2 class=\"western\"><strong>Lieferkosten<\/strong><\/h2><p>Kurier - 9,90 PLN oder per Nachnahme (Barzahlung an den Kurier) 19,90 PLN - in ganz Polen\u00a0<\/p><h2 class=\"western\"><strong>kostenlose Lieferung<\/strong><\/h2><p>Bei Bestellungen \u00fcber 400 PLN Lieferung\u00a0<strong>FREI.<\/strong><\/p><p>\u00a0<\/p><h2 class=\"western\"><strong>Zahlungsmethoden verf\u00fcgbar<\/strong><\/h2><p>\u2022 \u00dcberweisung oder Barzahlung auf das Konto der ING Bank \u015al\u0105ski - Shop -\u00a0<strong>36 1050 1562 1000 0092 2000 1417<\/strong><\/p><p>Gesch\u00e4ftsadresse:<\/p><p>ePraktyk.pl\u00a0<\/p><p>Ta\u0142asiewicza-Stra\u00dfe 16\u00a0<\/p><p>Strzy\u017c\u00f3w 38-100 (bitte genaue Auftragsnummer im \u00dcberweisungstitel angeben)\u00a0<\/p><p>\u00a0<\/p><p>\u2022 Nachnahme oder Nachnahme.\u00a0<br \/><br \/><br \/><\/p><p>Die M\u00f6glichkeit, im PayU-System zu bezahlen, wir unterst\u00fctzen alle Karten, VISA und MASTER CARD, PayU-Ratenzahlungen.\u00a0<\/p>\t\t\t\t\t\t\t\t<\/div>\n\t\t\t\t<\/div>\n\t\t\t\t\t<\/div>\n\t\t<\/div>\n\t\t\t\t\t<\/div>\n\t\t<\/section>\n\t\t\t\t<\/div>","protected":false},"excerpt":{"rendered":"<p>Liefermethode \u2022 24-Stunden-Kurier FEDEX und DPD (wir erinnern Sie daran, dem Kurier eine Telefonnummer anzugeben \u2013 das erleichtert die Paketzustellung erheblich) \u2022 pers\u00f6nliche Abholung im Lager \u2013 Rzesz\u00f3w, ul. Przemys\u0142owa 14, von 09:00 bis 16:00 Uhr Lager und Ort der pers\u00f6nlichen Abholung in Rzesz\u00f3w ePraktyk.pl ul. Przemys\u0142owa 14 Rzesz\u00f3w 35-105 Telefon: +48 530 737 841 E-Mail-Adresse: [\u2026]<\/p>","protected":false},"author":1,"featured_media":0,"parent":0,"menu_order":0,"comment_status":"closed","ping_status":"closed","template":"","meta":{"site-sidebar-layout":"no-sidebar","site-content-layout":"page-builder","ast-site-content-layout":"","site-content-style":"default","site-sidebar-style":"default","ast-global-header-display":"","ast-banner-title-visibility":"","ast-main-header-display":"","ast-hfb-above-header-display":"","ast-hfb-below-header-display":"","ast-hfb-mobile-header-display":"","site-post-title":"disabled","ast-breadcrumbs-content":"","ast-featured-img":"disabled","footer-sml-layout":"","theme-transparent-header-meta":"default","adv-header-id-meta":"","stick-header-meta":"","header-above-stick-meta":"","header-main-stick-meta":"","header-below-stick-meta":"","astra-migrate-meta-layouts":"default","ast-page-background-enabled":"default","ast-page-background-meta":{"desktop":{"background-color":"var(--ast-global-color-4)","background-image":"","background-repeat":"repeat","background-position":"center center","background-size":"auto","background-attachment":"scroll","background-type":"","background-media":"","overlay-type":"","overlay-color":"","overlay-opacity":"","overlay-gradient":""},"tablet":{"background-color":"","background-image":"","background-repeat":"repeat","background-position":"center center","background-size":"auto","background-attachment":"scroll","background-type":"","background-media":"","overlay-type":"","overlay-color":"","overlay-opacity":"","overlay-gradient":""},"mobile":{"background-color":"","background-image":"","background-repeat":"repeat","background-position":"center center","background-size":"auto","background-attachment":"scroll","background-type":"","background-media":"","overlay-type":"","overlay-color":"","overlay-opacity":"","overlay-gradient":""}},"ast-content-background-meta":{"desktop":{"background-color":"var(--ast-global-color-5)","background-image":"","background-repeat":"repeat","background-position":"center center","background-size":"auto","background-attachment":"scroll","background-type":"","background-media":"","overlay-type":"","overlay-color":"","overlay-opacity":"","overlay-gradient":""},"tablet":{"background-color":"var(--ast-global-color-5)","background-image":"","background-repeat":"repeat","background-position":"center center","background-size":"auto","background-attachment":"scroll","background-type":"","background-media":"","overlay-type":"","overlay-color":"","overlay-opacity":"","overlay-gradient":""},"mobile":{"background-color":"var(--ast-global-color-5)","background-image":"","background-repeat":"repeat","background-position":"center center","background-size":"auto","background-attachment":"scroll","background-type":"","background-media":"","overlay-type":"","overlay-color":"","overlay-opacity":"","overlay-gradient":""}},"footnotes":""},"class_list":["post-49","page","type-page","status-publish","hentry"],"_links":{"self":[{"href":"https:\/\/spasauna.pl\/de\/wp-json\/wp\/v2\/pages\/49","targetHints":{"allow":["GET"]}}],"collection":[{"href":"https:\/\/spasauna.pl\/de\/wp-json\/wp\/v2\/pages"}],"about":[{"href":"https:\/\/spasauna.pl\/de\/wp-json\/wp\/v2\/types\/page"}],"author":[{"embeddable":true,"href":"https:\/\/spasauna.pl\/de\/wp-json\/wp\/v2\/users\/1"}],"replies":[{"embeddable":true,"href":"https:\/\/spasauna.pl\/de\/wp-json\/wp\/v2\/comments?post=49"}],"version-history":[{"count":0,"href":"https:\/\/spasauna.pl\/de\/wp-json\/wp\/v2\/pages\/49\/revisions"}],"wp:attachment":[{"href":"https:\/\/spasauna.pl\/de\/wp-json\/wp\/v2\/media?parent=49"}],"curies":[{"name":"wp","href":"https:\/\/api.w.org\/{rel}","templated":true}]}}