{"id":3,"date":"2022-05-04T13:26:25","date_gmt":"2022-05-04T11:26:25","guid":{"rendered":"http:\/\/spasauna.pl\/?page_id=3"},"modified":"2024-03-06T10:14:41","modified_gmt":"2024-03-06T09:14:41","slug":"polityka-prywatnosci","status":"publish","type":"page","link":"https:\/\/spasauna.pl\/de\/datenschutzrichtlinie\/","title":{"rendered":"Datenschutz- und Cookie-Richtlinie"},"content":{"rendered":"<div data-elementor-type=\"wp-page\" data-elementor-id=\"3\" class=\"elementor elementor-3\" data-elementor-post-type=\"page\">\n\t\t\t\t\t\t<section class=\"elementor-section elementor-top-section elementor-element elementor-element-2c1cadf elementor-section-boxed elementor-section-height-default elementor-section-height-default\" data-id=\"2c1cadf\" data-element_type=\"section\" data-e-type=\"section\">\n\t\t\t\t\t\t<div class=\"elementor-container elementor-column-gap-default\">\n\t\t\t\t\t<div class=\"elementor-column elementor-col-100 elementor-top-column elementor-element elementor-element-9a260eb\" data-id=\"9a260eb\" data-element_type=\"column\" data-e-type=\"column\">\n\t\t\t<div class=\"elementor-widget-wrap elementor-element-populated\">\n\t\t\t\t\t\t<div class=\"elementor-element elementor-element-d25dbec elementor-widget elementor-widget-text-editor\" data-id=\"d25dbec\" data-element_type=\"widget\" data-e-type=\"widget\" data-widget_type=\"text-editor.default\">\n\t\t\t\t<div class=\"elementor-widget-container\">\n\t\t\t\t\t\t\t\t\t<h2 class=\"western\"><strong>Datenschutz- und Cookie-Richtlinie<\/strong><\/h2>\n<p>Die Datenschutzrichtlinie informiert die Benutzer des Shops \u00fcber die Grunds\u00e4tze der Erhebung, Verarbeitung und Sicherung personenbezogener Daten innerhalb der Website. Alle Daten werden gem\u00e4\u00df den Bestimmungen des Gesetzes vom 29. August 1997 zum Schutz personenbezogener Daten (Gesetzblatt von 2002, Nr. 101, Pos. 926, in der ge\u00e4nderten Fassung) erhoben, gespeichert und verarbeitet.<\/p>\n<p><strong>Der Administrator der personenbezogenen Daten ist:<\/strong><\/p>\n<p><b>ePraxis Bartosz Zieli\u0144ski<\/b><br \/>Ul. Talasiewicza 16<br \/>38-100 Strzy\u017c\u00f3w<br \/><br \/><\/p>\n<h2 class=\"western\"><strong>Gesammelte Daten<\/strong><\/h2>\n<p>Der Kunde gibt freiwillig personenbezogene Daten an. Eine Registrierung im Shop ist nicht obligatorisch. Der Kunde kann ohne Registrierung eine Bestellung aufgeben. Der Eigent\u00fcmer erhebt die folgenden personenbezogenen Daten: Name, Nachname, Wohnadresse, E-Mail-Adresse, IP-Adresse des Computers. Die Daten werden zur Abwicklung von Bestellungen und zur Kommunikation mit dem Kunden verwendet. Sie werden zum Zweck der Zustellung Kurierunternehmen (es gilt das Datengeheimnis) zur Verf\u00fcgung gestellt. Im Onlineshop\u00a0<b>epraktyk.pl\u00a0<\/b>Die automatisch erhobenen Daten k\u00f6nnen zur Analyse des Kundenverhaltens auf der Website, zur Erhebung demografischer Daten \u00fcber Kunden und zu technischen Zwecken zur Verwaltung der Server verwendet werden. Die durch den direkten Kontakt des Kunden mit dem Gesch\u00e4ft \u00fcber die Website erhobenen Daten werden wiederum f\u00fcr die Korrespondenz mit dem Kunden verwendet. Die Daten werden Strafverfolgungs- und Justizbeh\u00f6rden im Rahmen der gesetzlichen Bestimmungen zur Verf\u00fcgung gestellt. Der Shop verwendet die Daten f\u00fcr Marketingzwecke nur mit Zustimmung des Kunden.<br \/><br \/><\/p>\n<h2 class=\"western\"><strong>Datenspeicher<\/strong><\/h2>\n<p>Speichern\u00a0<b>epraktyk.pl\u00a0<\/b>gew\u00e4hrleistet die Sicherheit personenbezogener Daten. Das Gesch\u00e4ft gibt die Daten seiner Kunden nicht an Dritte weiter, sondern verwendet sie selbst, um einen ordnungsgem\u00e4\u00dfen Service f\u00fcr die Benutzer des Gesch\u00e4fts, die Auftragsabwicklung und eine effiziente Kommunikation sicherzustellen. Pers\u00f6nliche Daten werden absolut vertraulich behandelt, sie werden auf einem gut gesicherten Server gegen entfernte und physische Bedrohungen gespeichert.<br \/><br \/><\/p>\n<h2 class=\"western\"><strong>Zugriff auf die Daten<\/strong><\/h2>\n<p>Jeder Benutzer, der Informationen zu personenbezogenen Daten bereitgestellt hat, hat das Recht, auf diese Inhalte zuzugreifen, sie zu korrigieren, zu aktualisieren, zu erg\u00e4nzen, die Beendigung der Verarbeitung zu verlangen und der Verarbeitung personenbezogener Daten gem\u00e4\u00df Art. 32 Sek. 1 Punkte 7 und 8 des Datenschutzgesetzes.<br \/><br \/><\/p>\n<h2 class=\"western\"><strong>Verwendung von Cookies<\/strong><\/h2>\n<p>Um Dienstleistungen auf h\u00f6chstem Niveau bereitzustellen, verwenden wir Cookies auf unserer Website. Wenn Sie die Website nutzen, ohne die Cookie-Einstellungen zu \u00e4ndern, werden diese auf Ihrem Endger\u00e4t gespeichert. Sie k\u00f6nnen Ihre Cookie-Einstellungen jederzeit \u00e4ndern.<br \/>Die Website verwendet \u201eSession\u201c- und \u201epermanente\u201c Dateien. Die ersten sind vor\u00fcbergehend. Sie werden auf dem Endger\u00e4t des Nutzers gespeichert, bis er sich abmeldet, die Website verl\u00e4sst oder den Webbrowser abschaltet. Der zweite Typ wird im Endger\u00e4t f\u00fcr die in den Parametern von Cookies angegebene Zeit oder bis zu ihrer L\u00f6schung durch den Benutzer gespeichert.<br \/><br \/><strong>Die verwendeten Arten von Cookies erm\u00f6glichen:<br \/><\/strong><br \/>\u2022 um die auf der Website verf\u00fcgbaren Dienste zu nutzen,<br \/>\u2022 Sicherheit gew\u00e4hrleisten, indem z.B. Missbrauch aufgedeckt wird,<br \/>\u2022 Informationen zur Nutzung der Website sammeln,<br \/>\u2022 sich die vom Nutzer gew\u00e4hlten Einstellungen zu \u201emerken\u201c und die Benutzeroberfl\u00e4che zu personalisieren, z.B. gew\u00e4hlte Sprache, Herkunftsregion des Nutzers etc.,<br \/>\u2022 um dem Nutzer auf seine Interessen zugeschnittene Werbeinhalte bereitzustellen.<br \/><br \/><\/p>\n<h2 class=\"western\"><strong>\u00c4nderung der Datenschutzerkl\u00e4rung<\/strong><\/h2>\n<p>Der Online-Shop epraktyk.pl beh\u00e4lt sich das Recht vor, die Datenschutzrichtlinie jederzeit zu \u00e4ndern, ohne die Benutzer dar\u00fcber zu informieren. Kunden m\u00fcssen die \u00c4nderungen lesen, nachdem sie die Website des Gesch\u00e4fts aufgerufen haben.<\/p>\t\t\t\t\t\t\t\t<\/div>\n\t\t\t\t<\/div>\n\t\t\t\t\t<\/div>\n\t\t<\/div>\n\t\t\t\t\t<\/div>\n\t\t<\/section>\n\t\t\t\t<section class=\"elementor-section elementor-top-section elementor-element elementor-element-a852322 elementor-section-boxed elementor-section-height-default elementor-section-height-default\" data-id=\"a852322\" data-element_type=\"section\" data-e-type=\"section\">\n\t\t\t\t\t\t<div class=\"elementor-container elementor-column-gap-default\">\n\t\t\t\t\t<div class=\"elementor-column elementor-col-100 elementor-top-column elementor-element elementor-element-779395a\" data-id=\"779395a\" data-element_type=\"column\" data-e-type=\"column\">\n\t\t\t<div class=\"elementor-widget-wrap elementor-element-populated\">\n\t\t\t\t\t\t<div class=\"elementor-element elementor-element-c6f2c8b elementor-widget elementor-widget-html\" data-id=\"c6f2c8b\" data-element_type=\"widget\" data-e-type=\"widget\" data-widget_type=\"html.default\">\n\t\t\t\t<div class=\"elementor-widget-container\">\n\t\t\t\t\t<script\r\n  id=\"CookieDeclaration\"\r\n  src=\"https:\/\/consent.cookiebot.com\/3a6f4686-1434-406d-b074-206f3fdb5969\/cd.js\"\r\n  type=\"text\/javascript\"\r\n><\/script>\t\t\t\t<\/div>\n\t\t\t\t<\/div>\n\t\t\t\t\t<\/div>\n\t\t<\/div>\n\t\t\t\t\t<\/div>\n\t\t<\/section>\n\t\t\t\t<\/div>","protected":false},"excerpt":{"rendered":"<p>Datenschutz- und Cookie-Richtlinie Die Datenschutzrichtlinie informiert die Nutzer des Shops \u00fcber die Grunds\u00e4tze der Erhebung, Verarbeitung und Sicherung personenbezogener Daten im Rahmen des Dienstes. Alle Daten werden gem\u00e4\u00df den Bestimmungen des Gesetzes vom 29.08.1997 zum Schutz personenbezogener Daten (Gesetzblatt von 2002, Nr. 101, Pos. 926, in der ge\u00e4nderten Fassung) erhoben, gespeichert und verarbeitet. Der Administrator der personenbezogenen Daten ist: ePraktyk [\u2026]<\/p>","protected":false},"author":1,"featured_media":0,"parent":0,"menu_order":0,"comment_status":"closed","ping_status":"open","template":"","meta":{"site-sidebar-layout":"default","site-content-layout":"default","ast-site-content-layout":"","site-content-style":"default","site-sidebar-style":"default","ast-global-header-display":"","ast-banner-title-visibility":"","ast-main-header-display":"","ast-hfb-above-header-display":"","ast-hfb-below-header-display":"","ast-hfb-mobile-header-display":"","site-post-title":"disabled","ast-breadcrumbs-content":"","ast-featured-img":"","footer-sml-layout":"","theme-transparent-header-meta":"default","adv-header-id-meta":"","stick-header-meta":"","header-above-stick-meta":"","header-main-stick-meta":"","header-below-stick-meta":"","astra-migrate-meta-layouts":"default","ast-page-background-enabled":"default","ast-page-background-meta":{"desktop":{"background-color":"var(--ast-global-color-4)","background-image":"","background-repeat":"repeat","background-position":"center center","background-size":"auto","background-attachment":"scroll","background-type":"","background-media":"","overlay-type":"","overlay-color":"","overlay-opacity":"","overlay-gradient":""},"tablet":{"background-color":"","background-image":"","background-repeat":"repeat","background-position":"center center","background-size":"auto","background-attachment":"scroll","background-type":"","background-media":"","overlay-type":"","overlay-color":"","overlay-opacity":"","overlay-gradient":""},"mobile":{"background-color":"","background-image":"","background-repeat":"repeat","background-position":"center center","background-size":"auto","background-attachment":"scroll","background-type":"","background-media":"","overlay-type":"","overlay-color":"","overlay-opacity":"","overlay-gradient":""}},"ast-content-background-meta":{"desktop":{"background-color":"var(--ast-global-color-5)","background-image":"","background-repeat":"repeat","background-position":"center center","background-size":"auto","background-attachment":"scroll","background-type":"","background-media":"","overlay-type":"","overlay-color":"","overlay-opacity":"","overlay-gradient":""},"tablet":{"background-color":"var(--ast-global-color-5)","background-image":"","background-repeat":"repeat","background-position":"center center","background-size":"auto","background-attachment":"scroll","background-type":"","background-media":"","overlay-type":"","overlay-color":"","overlay-opacity":"","overlay-gradient":""},"mobile":{"background-color":"var(--ast-global-color-5)","background-image":"","background-repeat":"repeat","background-position":"center center","background-size":"auto","background-attachment":"scroll","background-type":"","background-media":"","overlay-type":"","overlay-color":"","overlay-opacity":"","overlay-gradient":""}},"footnotes":""},"class_list":["post-3","page","type-page","status-publish","hentry"],"_links":{"self":[{"href":"https:\/\/spasauna.pl\/de\/wp-json\/wp\/v2\/pages\/3","targetHints":{"allow":["GET"]}}],"collection":[{"href":"https:\/\/spasauna.pl\/de\/wp-json\/wp\/v2\/pages"}],"about":[{"href":"https:\/\/spasauna.pl\/de\/wp-json\/wp\/v2\/types\/page"}],"author":[{"embeddable":true,"href":"https:\/\/spasauna.pl\/de\/wp-json\/wp\/v2\/users\/1"}],"replies":[{"embeddable":true,"href":"https:\/\/spasauna.pl\/de\/wp-json\/wp\/v2\/comments?post=3"}],"version-history":[{"count":0,"href":"https:\/\/spasauna.pl\/de\/wp-json\/wp\/v2\/pages\/3\/revisions"}],"wp:attachment":[{"href":"https:\/\/spasauna.pl\/de\/wp-json\/wp\/v2\/media?parent=3"}],"curies":[{"name":"wp","href":"https:\/\/api.w.org\/{rel}","templated":true}]}}