{"id":22,"date":"2022-05-04T14:48:09","date_gmt":"2022-05-04T12:48:09","guid":{"rendered":"http:\/\/spasauna.pl\/?page_id=22"},"modified":"2022-06-03T22:38:02","modified_gmt":"2022-06-03T20:38:02","slug":"zwroty","status":"publish","type":"page","link":"https:\/\/spasauna.pl\/de\/phrasen\/","title":{"rendered":"Reklamationen und R\u00fccksendungen"},"content":{"rendered":"<div data-elementor-type=\"wp-page\" data-elementor-id=\"22\" class=\"elementor elementor-22\" data-elementor-post-type=\"page\">\n\t\t\t\t\t\t<section class=\"elementor-section elementor-top-section elementor-element elementor-element-6fe192c elementor-section-boxed elementor-section-height-default elementor-section-height-default\" data-id=\"6fe192c\" data-element_type=\"section\" data-e-type=\"section\">\n\t\t\t\t\t\t<div class=\"elementor-container elementor-column-gap-default\">\n\t\t\t\t\t<div class=\"elementor-column elementor-col-100 elementor-top-column elementor-element elementor-element-5043e95\" data-id=\"5043e95\" data-element_type=\"column\" data-e-type=\"column\">\n\t\t\t<div class=\"elementor-widget-wrap elementor-element-populated\">\n\t\t\t\t\t\t<div class=\"elementor-element elementor-element-74aa889 elementor-widget elementor-widget-text-editor\" data-id=\"74aa889\" data-element_type=\"widget\" data-e-type=\"widget\" data-widget_type=\"text-editor.default\">\n\t\t\t\t<div class=\"elementor-widget-container\">\n\t\t\t\t\t\t\t\t\t<h2 class=\"western\"><strong>Mangelhafte oder nicht vertragsgem\u00e4\u00dfe Ware<\/strong><\/h2>\n<p>\u00dcberpr\u00fcfen Sie den Zustand des Pakets nach Erhalt. Reklamationen wegen Transportsch\u00e4den und Vertragswidrigkeit werden auf der Grundlage eines schriftlichen Schadens- \/ Abweichungsprotokolls im Inhalt der Sendung ber\u00fccksichtigt, das zum Zeitpunkt des Wareneingangs in Anwesenheit des Kurierspediteurs erstellt wird.<\/p>\n<p>Senden Sie uns das beworbene Produkt an die Adresse des Gesch\u00e4fts:<\/p>\n<p><b>ePraxis Bartosz Zieli\u0144ski<\/b><br \/>Ul. Talasiewicza 16<br \/>38-100 Strzy\u017c\u00f3w<br \/><br \/><\/p>\n<p>Kontaktieren Sie uns telefonisch\u00a0<strong>530 737 841\u00a0<\/strong>oder per E-Mail:\u00a0<a href=\"mailto:info@spasauna.pl\">info@spasauna.pl<\/a><br \/>Senden Sie einen Scan des Protokolls und des Beschwerdeformulars an folgende E-Mail-Adresse:\u00a0<a href=\"mailto:info@spasauna.pl\">info@spasauna.pl<\/a><\/p>\t\t\t\t\t\t\t\t<\/div>\n\t\t\t\t<\/div>\n\t\t\t\t<div class=\"elementor-element elementor-element-a07b590 elementor-widget elementor-widget-heading\" data-id=\"a07b590\" data-element_type=\"widget\" data-e-type=\"widget\" data-widget_type=\"heading.default\">\n\t\t\t\t<div class=\"elementor-widget-container\">\n\t\t\t\t\t<span class=\"elementor-heading-title elementor-size-default\"><a href=\"http:\/\/spasauna.pl\/wp-content\/uploads\/2022\/06\/formularz-reklamacji-epraktyk.pdf\">Datei zum Download: DOWNLOAD<\/a><\/span>\t\t\t\t<\/div>\n\t\t\t\t<\/div>\n\t\t\t\t<div class=\"elementor-element elementor-element-3b05492 elementor-widget elementor-widget-text-editor\" data-id=\"3b05492\" data-element_type=\"widget\" data-e-type=\"widget\" data-widget_type=\"text-editor.default\">\n\t\t\t\t<div class=\"elementor-widget-container\">\n\t\t\t\t\t\t\t\t\t<h2 class=\"western\"><strong>Das Recht, vom Vertrag zur\u00fcckzutreten<\/strong><\/h2>\n<p>\u2022 Wenn Sie kein Unternehmer sind, haben Sie das Recht, binnen 14 Tagen ab Lieferung der Ware ohne Angabe von Gr\u00fcnden von dem \u00fcber den Shop geschlossenen Vertrag zur\u00fcckzutreten.<br \/>\u2022 Voraussetzung f\u00fcr die Aus\u00fcbung des R\u00fccktrittsrechts ist die Abgabe einer entsprechenden Erkl\u00e4rung des Kunden in Textform oder in elektronischer Form per E-Mail.<br \/>\u2022 Die R\u00fccktrittserkl\u00e4rung vom Vertrag, die Kontonummer, auf die das Geld an den Kunden zur\u00fcckerstattet werden soll, und die retournierte Ware sind an folgende Adresse zu richten:\u00a0<b>ePraxis Bartosz Zieli\u0144ski,\u00a0<\/b>Ul. Talasiewicza 16, 38-100 Strzy\u017c\u00f3w.<br \/>\u2022 Das Geld wird dem Kunden auf das von ihm angegebene Bankkonto zur\u00fcckerstattet, dessen Nummer der R\u00fccktrittserkl\u00e4rung beigef\u00fcgt werden muss.<br \/>\u2022 Sie k\u00f6nnen das Formular an obige Postadresse oder an folgende E-Mail-Adresse zur\u00fccksenden:\u00a0<a href=\"mailto:info@spasauna.pl\">info@spasauna.pl<\/a><\/p>\t\t\t\t\t\t\t\t<\/div>\n\t\t\t\t<\/div>\n\t\t\t\t<div class=\"elementor-element elementor-element-1521495 elementor-widget elementor-widget-heading\" data-id=\"1521495\" data-element_type=\"widget\" data-e-type=\"widget\" data-widget_type=\"heading.default\">\n\t\t\t\t<div class=\"elementor-widget-container\">\n\t\t\t\t\t<span class=\"elementor-heading-title elementor-size-default\"><a href=\"http:\/\/spasauna.pl\/wp-content\/uploads\/2022\/06\/prawo-odstapienia-od-umowy-epraktyk.pdf\">Anlage 1 Widerrufsrecht: DOWNLOAD<\/a><\/span>\t\t\t\t<\/div>\n\t\t\t\t<\/div>\n\t\t\t\t<div class=\"elementor-element elementor-element-8ae906c elementor-widget elementor-widget-heading\" data-id=\"8ae906c\" data-element_type=\"widget\" data-e-type=\"widget\" data-widget_type=\"heading.default\">\n\t\t\t\t<div class=\"elementor-widget-container\">\n\t\t\t\t\t<span class=\"elementor-heading-title elementor-size-default\"><a href=\"http:\/\/spasauna.pl\/wp-content\/uploads\/2022\/06\/formularz-odstapienia-od-umowy-e-praktyk.pdf\">Anlage Nr. 2 Widerrufsformular: DOWNLOAD<\/a><\/span>\t\t\t\t<\/div>\n\t\t\t\t<\/div>\n\t\t\t\t\t<\/div>\n\t\t<\/div>\n\t\t\t\t\t<\/div>\n\t\t<\/section>\n\t\t\t\t<\/div>","protected":false},"excerpt":{"rendered":"<p>M\u00e4ngel oder Vertragswidrigkeiten: \u00dcberpr\u00fcfen Sie nach Erhalt den Zustand der Sendung. Reklamationen wegen Transportsch\u00e4den und Vertragswidrigkeiten werden anhand eines schriftlichen Protokolls \u00fcber Sch\u00e4den\/Abweichungen im Sendungsinhalt bearbeitet, das bei Erhalt der Ware im Beisein des Spediteurs des Kurierdienstes erstellt wird. Senden Sie uns das fragliche Produkt an die folgende Adresse: ePraktyk Bartosz Zieli\u0144skiul. Talasiewicza 1638-100 Strzy\u017c\u00f3w. Kontakt: [\u2026]<\/p>","protected":false},"author":1,"featured_media":0,"parent":0,"menu_order":0,"comment_status":"closed","ping_status":"closed","template":"","meta":{"site-sidebar-layout":"default","site-content-layout":"default","ast-site-content-layout":"","site-content-style":"default","site-sidebar-style":"default","ast-global-header-display":"","ast-banner-title-visibility":"","ast-main-header-display":"","ast-hfb-above-header-display":"","ast-hfb-below-header-display":"","ast-hfb-mobile-header-display":"","site-post-title":"disabled","ast-breadcrumbs-content":"","ast-featured-img":"","footer-sml-layout":"","theme-transparent-header-meta":"default","adv-header-id-meta":"","stick-header-meta":"","header-above-stick-meta":"","header-main-stick-meta":"","header-below-stick-meta":"","astra-migrate-meta-layouts":"default","ast-page-background-enabled":"default","ast-page-background-meta":{"desktop":{"background-color":"var(--ast-global-color-4)","background-image":"","background-repeat":"repeat","background-position":"center center","background-size":"auto","background-attachment":"scroll","background-type":"","background-media":"","overlay-type":"","overlay-color":"","overlay-opacity":"","overlay-gradient":""},"tablet":{"background-color":"","background-image":"","background-repeat":"repeat","background-position":"center center","background-size":"auto","background-attachment":"scroll","background-type":"","background-media":"","overlay-type":"","overlay-color":"","overlay-opacity":"","overlay-gradient":""},"mobile":{"background-color":"","background-image":"","background-repeat":"repeat","background-position":"center center","background-size":"auto","background-attachment":"scroll","background-type":"","background-media":"","overlay-type":"","overlay-color":"","overlay-opacity":"","overlay-gradient":""}},"ast-content-background-meta":{"desktop":{"background-color":"var(--ast-global-color-5)","background-image":"","background-repeat":"repeat","background-position":"center center","background-size":"auto","background-attachment":"scroll","background-type":"","background-media":"","overlay-type":"","overlay-color":"","overlay-opacity":"","overlay-gradient":""},"tablet":{"background-color":"var(--ast-global-color-5)","background-image":"","background-repeat":"repeat","background-position":"center center","background-size":"auto","background-attachment":"scroll","background-type":"","background-media":"","overlay-type":"","overlay-color":"","overlay-opacity":"","overlay-gradient":""},"mobile":{"background-color":"var(--ast-global-color-5)","background-image":"","background-repeat":"repeat","background-position":"center center","background-size":"auto","background-attachment":"scroll","background-type":"","background-media":"","overlay-type":"","overlay-color":"","overlay-opacity":"","overlay-gradient":""}},"footnotes":""},"class_list":["post-22","page","type-page","status-publish","hentry"],"_links":{"self":[{"href":"https:\/\/spasauna.pl\/de\/wp-json\/wp\/v2\/pages\/22","targetHints":{"allow":["GET"]}}],"collection":[{"href":"https:\/\/spasauna.pl\/de\/wp-json\/wp\/v2\/pages"}],"about":[{"href":"https:\/\/spasauna.pl\/de\/wp-json\/wp\/v2\/types\/page"}],"author":[{"embeddable":true,"href":"https:\/\/spasauna.pl\/de\/wp-json\/wp\/v2\/users\/1"}],"replies":[{"embeddable":true,"href":"https:\/\/spasauna.pl\/de\/wp-json\/wp\/v2\/comments?post=22"}],"version-history":[{"count":0,"href":"https:\/\/spasauna.pl\/de\/wp-json\/wp\/v2\/pages\/22\/revisions"}],"wp:attachment":[{"href":"https:\/\/spasauna.pl\/de\/wp-json\/wp\/v2\/media?parent=22"}],"curies":[{"name":"wp","href":"https:\/\/api.w.org\/{rel}","templated":true}]}}