{"id":51,"date":"2022-05-04T14:49:14","date_gmt":"2022-05-04T12:49:14","guid":{"rendered":"http:\/\/spasauna.pl\/?page_id=51"},"modified":"2022-06-03T22:35:47","modified_gmt":"2022-06-03T20:35:47","slug":"polityka-korzystania-ze-strony","status":"publish","type":"page","link":"https:\/\/spasauna.pl\/cs\/zasady-pouzivani-webovych-stranek\/","title":{"rendered":"Z\u00e1sady pou\u017e\u00edv\u00e1n\u00ed webov\u00fdch str\u00e1nek"},"content":{"rendered":"<div data-elementor-type=\"wp-page\" data-elementor-id=\"51\" class=\"elementor elementor-51\" data-elementor-post-type=\"page\">\n\t\t\t\t\t\t<section class=\"elementor-section elementor-top-section elementor-element elementor-element-a383cd6 elementor-section-boxed elementor-section-height-default elementor-section-height-default\" data-id=\"a383cd6\" data-element_type=\"section\" data-e-type=\"section\">\n\t\t\t\t\t\t<div class=\"elementor-container elementor-column-gap-default\">\n\t\t\t\t\t<div class=\"elementor-column elementor-col-100 elementor-top-column elementor-element elementor-element-00ff724\" data-id=\"00ff724\" data-element_type=\"column\" data-e-type=\"column\">\n\t\t\t<div class=\"elementor-widget-wrap elementor-element-populated\">\n\t\t\t\t\t\t<div class=\"elementor-element elementor-element-c4fff0c elementor-widget elementor-widget-text-editor\" data-id=\"c4fff0c\" data-element_type=\"widget\" data-e-type=\"widget\" data-widget_type=\"text-editor.default\">\n\t\t\t\t<div class=\"elementor-widget-container\">\n\t\t\t\t\t\t\t\t\t<h2 class=\"western\"><strong>Z\u00e1sady pou\u017e\u00edv\u00e1n\u00ed webov\u00fdch str\u00e1nek<\/strong><\/h2><p>P\u0159\u00edstup a pou\u017e\u00edv\u00e1n\u00ed webov\u00fdch str\u00e1nek obchodu\u00a0<a href=\"http:\/\/epraktyk.pl\/\" target=\"_blank\" rel=\"noopener\"><b>epaktyk.pl<\/b><\/a>\u00a0prob\u00edh\u00e1 za n\u00e1sleduj\u00edc\u00edch podm\u00ednek. Vstupem a pou\u017e\u00edv\u00e1n\u00edm webov\u00fdch str\u00e1nek obchodu u\u017eivatel souhlas\u00ed s platn\u00fdmi pravidly.<\/p><p>Majitelem obchodu je:<\/p><p><br \/><b>ePraktik Bartosz Zieli\u0144ski<\/b><br \/>ulice Talasiewicza 16<br \/>38-100 Strzy\u017c\u00f3w<\/p><p>Podm\u00ednky pou\u017e\u00edv\u00e1n\u00ed webov\u00fdch str\u00e1nek mohou b\u00fdt spole\u010dnost\u00ed aktualizov\u00e1ny a m\u011bn\u011bny\u00a0<b>ePraktik\u00a0<\/b>kdykoli, bez p\u0159edchoz\u00edho upozorn\u011bn\u00ed. P\u0159i vstupu na webov\u00e9 str\u00e1nky obchodu je u\u017eivatel povinen se sezn\u00e1mit s aktu\u00e1ln\u00edmi pravidly u\u017e\u00edv\u00e1n\u00ed webov\u00fdch str\u00e1nek, platn\u00fdmi v dob\u011b jejich zve\u0159ejn\u011bn\u00ed na webov\u00fdch str\u00e1nk\u00e1ch. Jejich \u010dten\u00ed se rovn\u00e1 jejich p\u0159ijet\u00ed.<br \/><br \/><\/p><h2 class=\"western\"><strong>Obecn\u00e1 pravidla pou\u017eit\u00ed<\/strong><\/h2><p>U\u017eivatel je povinen:<br \/><br \/>\u2022 pou\u017e\u00edvat webovou str\u00e1nku v souladu s podm\u00ednkami, pr\u00e1vn\u00edmi p\u0159edpisy platn\u00fdmi v Polsku a jurisdikcemi, ve kter\u00fdch p\u0159i p\u0159\u00edstupu na web pob\u00fdv\u00e1te,<br \/>\u2022 poskytov\u00e1n\u00ed pravdiv\u00fdch, p\u0159esn\u00fdch a aktu\u00e1ln\u00edch informac\u00ed,<br \/>\u2022 nezve\u0159ej\u0148ov\u00e1n\u00ed nez\u00e1konn\u00fdch nebo nepravdiv\u00fdch \u00fadaj\u016f,<br \/>\u2022 neumis\u0165ovat na webov\u00e9 str\u00e1nky obchodu, p\u0159en\u00e1\u0161et nebo \u0161\u00ed\u0159it jejich prost\u0159ednictv\u00edm \u0161kodliv\u00e9, vulg\u00e1rn\u00ed, rasistick\u00e9 ani \u017e\u00e1dn\u00e9 jin\u00e9 informace, kter\u00e9 jsou nez\u00e1konn\u00e9, ur\u00e1\u017eliv\u00e9 nebo poru\u0161uj\u00ed pr\u00e1va t\u0159et\u00edch osob (osobn\u00ed pr\u00e1va, pr\u00e1va du\u0161evn\u00edho vlastnictv\u00ed).<br \/><br \/><\/p><h2 class=\"western\"><strong>Pravidla pro sd\u00edlen\u00ed str\u00e1nky<\/strong><\/h2><p>Vlastn\u00edk webu m\u00e1 pr\u00e1vo kdykoli bez p\u0159edchoz\u00edho upozorn\u011bn\u00ed:<br \/><br \/>\u2022 jej\u00ed \u00fapln\u00e9, \u010d\u00e1ste\u010dn\u00e9 uzav\u0159en\u00ed nebo \u00faprava,<br \/>\u2022 pozastaven\u00ed v\u0161ech nebo konkr\u00e9tn\u00edch slu\u017eeb, produkt\u016f,<br \/>\u2022 odstran\u011bn\u00ed zbo\u017e\u00ed a propagace z n\u011bj,<br \/>\u2022 odep\u0159\u00edt p\u0159\u00edstup na web, pokud u\u017eivatel poru\u0161\u00ed n\u011bkter\u00e9 z pravidel pou\u017e\u00edv\u00e1n\u00ed webu nebo z\u00e1sady ochrany osobn\u00edch \u00fadaj\u016f,<br \/>\u2022 hl\u00e1\u0161en\u00ed p\u0159\u00edpad\u016f poru\u0161en\u00ed p\u0159edpis\u016f (v\u010detn\u011b p\u0159estupk\u016f proti bezpe\u010dnosti informac\u00ed a soukrom\u00ed) s uveden\u00edm identity u\u017eivatele.<br \/><br \/><\/p><h2 class=\"western\"><strong>Autorsk\u00e1 pr\u00e1va a du\u0161evn\u00ed vlastnictv\u00ed<\/strong><\/h2><p>Ve\u0161ker\u00e9 fotografie, grafick\u00e9 prvky, ikony, texty, jako\u017e i v\u00fdb\u011br, uspo\u0159\u00e1d\u00e1n\u00ed a uspo\u0159\u00e1d\u00e1n\u00ed v\u00fd\u0161e uveden\u00fdch prvk\u016f na webu podl\u00e9haj\u00ed autorsk\u00fdm pr\u00e1v\u016fm a pr\u00e1v\u016fm du\u0161evn\u00edho vlastnictv\u00ed. Nez\u00e1konn\u00e9 pou\u017eit\u00ed materi\u00e1l\u016f z webu p\u0159edstavuje poru\u0161en\u00ed pr\u00e1v majitele obchodu, kter\u00fd m\u016f\u017ee v tomto ohledu uplat\u0148ovat jak\u00e9koli n\u00e1roky. Kop\u00edrov\u00e1n\u00ed nebo \u00faprava text\u016f a fotografi\u00ed z webov\u00fdch str\u00e1nek, a\u0165 u\u017e \u010d\u00e1ste\u010dn\u011b nebo \u00fapln\u011b, bez p\u00edsemn\u00e9ho souhlasu je zak\u00e1z\u00e1na. Rovn\u011b\u017e je zak\u00e1z\u00e1no pou\u017e\u00edvat materi\u00e1ly pro komer\u010dn\u00ed \u00fa\u010dely, v\u010detn\u011b jejich zp\u0159\u00edstupn\u011bn\u00ed t\u0159et\u00edm stran\u00e1m. Materi\u00e1ly zve\u0159ejn\u011bn\u00e9 na obchod\u011b m\u016f\u017eete pou\u017e\u00edt pouze pro osobn\u00ed pot\u0159ebu (pro\u010dten\u00ed nab\u00eddky, pou\u017eit\u00ed pr\u016fvodce).<br \/><br \/><\/p><h2 class=\"western\"><strong>Rozhodn\u00e9 pr\u00e1vo a jurisdikce<\/strong><\/h2><p>Jsou zde uvedena pravidla pou\u017e\u00edv\u00e1n\u00ed webu\u00a0<b>epaktyk.pl\u00a0<\/b>budou vykl\u00e1d\u00e1ny v souladu s polsk\u00fdm pr\u00e1vem. V p\u0159\u00edpad\u011b jak\u00e9hokoli sporu nebo n\u00e1roku s nimi souvisej\u00edc\u00edho budou sly\u0161eni v\u00fdhradn\u011b p\u0159ed polsk\u00fdmi obecn\u00fdmi soudy.<br \/><br \/><\/p><h2 class=\"western\"><strong>Z\u00e1sady ochrany osobn\u00edch \u00fadaj\u016f a soubor\u016f cookie<\/strong><\/h2><p>V\u0161em u\u017eivatel\u016fm garantujeme d\u016fv\u011brnost osobn\u00edch \u00fadaj\u016f. Jsou pova\u017eov\u00e1ny za d\u016fv\u011brn\u00e9, proto je obchod uchov\u00e1v\u00e1 za pou\u017eit\u00ed pravidel a bezpe\u010dnostn\u00edch opat\u0159en\u00ed v souladu s po\u017eadavky z\u00e1kona o ochran\u011b osobn\u00edch \u00fadaj\u016f, poskytov\u00e1n\u00ed elektronick\u00fdch slu\u017eeb, na\u0159\u00edzen\u00ed o dokumentaci zpracov\u00e1n\u00ed osobn\u00edch \u00fadaj\u016f a technick\u00e9 a organiza\u010dn\u00ed podm\u00ednky, kter\u00e9 mus\u00ed za\u0159\u00edzen\u00ed a IT syst\u00e9my spl\u0148ovat. V\u00edce informac\u00ed naleznete na:\u00a0<a href=\"https:\/\/epraktyk.pl\/polityka-prywatnosci-i-cookies\" target=\"_blank\" rel=\"noopener\">Z\u00e1sady ochrany osobn\u00edch \u00fadaj\u016f a soubor\u016f cookie<\/a>.<\/p><p>P\u0159ijet\u00ed t\u011bchto podm\u00ednek pou\u017e\u00edv\u00e1n\u00ed u\u017eivatelem znamen\u00e1, \u017ee se st\u00e1vaj\u00ed pro n\u011bj a ePraktyk z\u00e1vazn\u00fdmi. Bez v\u00fdhrad prohla\u0161ujete, \u017ee nebudete zpochyb\u0148ovat platnost a vymahatelnost t\u011bchto Podm\u00ednek pou\u017eit\u00ed.<br \/><br \/><\/p><h2 class=\"western\"><strong>Z\u00e1kaznick\u00fd servis a kontaktn\u00ed \u00fadaje<\/strong><\/h2><p><b>ePraktik Bartosz Zieli\u0144ski<\/b><br \/>ulice Talasiewicza 16<br \/>38-100 Strzy\u017c\u00f3w<\/p><p><strong>Telefon:\u00a0<\/strong>+48 530 737 841<br \/><strong>Emailov\u00e1 adresa:\u00a0<\/strong><a href=\"mailto:info@spasauna.pl\">info@spasauna.pl<\/a><\/p>\t\t\t\t\t\t\t\t<\/div>\n\t\t\t\t<\/div>\n\t\t\t\t\t<\/div>\n\t\t<\/div>\n\t\t\t\t\t<\/div>\n\t\t<\/section>\n\t\t\t\t<\/div>","protected":false},"excerpt":{"rendered":"<p>Z\u00e1sady pou\u017e\u00edv\u00e1n\u00ed webov\u00fdch str\u00e1nek P\u0159\u00edstup na webov\u00e9 str\u00e1nky obchodu epraktyk.pl a jejich pou\u017e\u00edv\u00e1n\u00ed podl\u00e9h\u00e1 n\u00e1sleduj\u00edc\u00edm podm\u00ednk\u00e1m. Vstupem na webov\u00e9 str\u00e1nky obchodu a jejich pou\u017e\u00edv\u00e1n\u00edm u\u017eivatel souhlas\u00ed s platn\u00fdmi pravidly. Majitelem obchodu je: ePraktyk Bartosz Zieli\u0144skiul. Talasiewicza 1638-100 Strzy\u017c\u00f3w Podm\u00ednky pou\u017e\u00edv\u00e1n\u00ed webov\u00fdch str\u00e1nek m\u016f\u017ee ePraktyk kdykoli aktualizovat a zm\u011bnit bez p\u0159edchoz\u00edho upozorn\u011bn\u00ed. Vstupem [\u2026]<\/p>","protected":false},"author":1,"featured_media":0,"parent":0,"menu_order":0,"comment_status":"closed","ping_status":"closed","template":"","meta":{"site-sidebar-layout":"no-sidebar","site-content-layout":"page-builder","ast-site-content-layout":"","site-content-style":"default","site-sidebar-style":"default","ast-global-header-display":"","ast-banner-title-visibility":"","ast-main-header-display":"","ast-hfb-above-header-display":"","ast-hfb-below-header-display":"","ast-hfb-mobile-header-display":"","site-post-title":"disabled","ast-breadcrumbs-content":"","ast-featured-img":"disabled","footer-sml-layout":"","theme-transparent-header-meta":"default","adv-header-id-meta":"","stick-header-meta":"","header-above-stick-meta":"","header-main-stick-meta":"","header-below-stick-meta":"","astra-migrate-meta-layouts":"default","ast-page-background-enabled":"default","ast-page-background-meta":{"desktop":{"background-color":"var(--ast-global-color-4)","background-image":"","background-repeat":"repeat","background-position":"center center","background-size":"auto","background-attachment":"scroll","background-type":"","background-media":"","overlay-type":"","overlay-color":"","overlay-opacity":"","overlay-gradient":""},"tablet":{"background-color":"","background-image":"","background-repeat":"repeat","background-position":"center center","background-size":"auto","background-attachment":"scroll","background-type":"","background-media":"","overlay-type":"","overlay-color":"","overlay-opacity":"","overlay-gradient":""},"mobile":{"background-color":"","background-image":"","background-repeat":"repeat","background-position":"center center","background-size":"auto","background-attachment":"scroll","background-type":"","background-media":"","overlay-type":"","overlay-color":"","overlay-opacity":"","overlay-gradient":""}},"ast-content-background-meta":{"desktop":{"background-color":"var(--ast-global-color-5)","background-image":"","background-repeat":"repeat","background-position":"center center","background-size":"auto","background-attachment":"scroll","background-type":"","background-media":"","overlay-type":"","overlay-color":"","overlay-opacity":"","overlay-gradient":""},"tablet":{"background-color":"var(--ast-global-color-5)","background-image":"","background-repeat":"repeat","background-position":"center center","background-size":"auto","background-attachment":"scroll","background-type":"","background-media":"","overlay-type":"","overlay-color":"","overlay-opacity":"","overlay-gradient":""},"mobile":{"background-color":"var(--ast-global-color-5)","background-image":"","background-repeat":"repeat","background-position":"center center","background-size":"auto","background-attachment":"scroll","background-type":"","background-media":"","overlay-type":"","overlay-color":"","overlay-opacity":"","overlay-gradient":""}},"footnotes":""},"class_list":["post-51","page","type-page","status-publish","hentry"],"_links":{"self":[{"href":"https:\/\/spasauna.pl\/cs\/wp-json\/wp\/v2\/pages\/51","targetHints":{"allow":["GET"]}}],"collection":[{"href":"https:\/\/spasauna.pl\/cs\/wp-json\/wp\/v2\/pages"}],"about":[{"href":"https:\/\/spasauna.pl\/cs\/wp-json\/wp\/v2\/types\/page"}],"author":[{"embeddable":true,"href":"https:\/\/spasauna.pl\/cs\/wp-json\/wp\/v2\/users\/1"}],"replies":[{"embeddable":true,"href":"https:\/\/spasauna.pl\/cs\/wp-json\/wp\/v2\/comments?post=51"}],"version-history":[{"count":0,"href":"https:\/\/spasauna.pl\/cs\/wp-json\/wp\/v2\/pages\/51\/revisions"}],"wp:attachment":[{"href":"https:\/\/spasauna.pl\/cs\/wp-json\/wp\/v2\/media?parent=51"}],"curies":[{"name":"wp","href":"https:\/\/api.w.org\/{rel}","templated":true}]}}