{"id":3,"date":"2022-05-04T13:26:25","date_gmt":"2022-05-04T11:26:25","guid":{"rendered":"http:\/\/spasauna.pl\/?page_id=3"},"modified":"2024-03-06T10:14:41","modified_gmt":"2024-03-06T09:14:41","slug":"polityka-prywatnosci","status":"publish","type":"page","link":"https:\/\/spasauna.pl\/cs\/zasady-ochrany-osobnich-udaju\/","title":{"rendered":"Z\u00e1sady ochrany osobn\u00edch \u00fadaj\u016f a soubor\u016f cookie"},"content":{"rendered":"<div data-elementor-type=\"wp-page\" data-elementor-id=\"3\" class=\"elementor elementor-3\" data-elementor-post-type=\"page\">\n\t\t\t\t\t\t<section class=\"elementor-section elementor-top-section elementor-element elementor-element-2c1cadf elementor-section-boxed elementor-section-height-default elementor-section-height-default\" data-id=\"2c1cadf\" data-element_type=\"section\" data-e-type=\"section\">\n\t\t\t\t\t\t<div class=\"elementor-container elementor-column-gap-default\">\n\t\t\t\t\t<div class=\"elementor-column elementor-col-100 elementor-top-column elementor-element elementor-element-9a260eb\" data-id=\"9a260eb\" data-element_type=\"column\" data-e-type=\"column\">\n\t\t\t<div class=\"elementor-widget-wrap elementor-element-populated\">\n\t\t\t\t\t\t<div class=\"elementor-element elementor-element-d25dbec elementor-widget elementor-widget-text-editor\" data-id=\"d25dbec\" data-element_type=\"widget\" data-e-type=\"widget\" data-widget_type=\"text-editor.default\">\n\t\t\t\t<div class=\"elementor-widget-container\">\n\t\t\t\t\t\t\t\t\t<h2 class=\"western\"><strong>Z\u00e1sady ochrany osobn\u00edch \u00fadaj\u016f a soubor\u016f cookie<\/strong><\/h2>\n<p>Z\u00e1sady ochrany osobn\u00edch \u00fadaj\u016f informuj\u00ed u\u017eivatele obchodu o z\u00e1sad\u00e1ch z\u00edsk\u00e1v\u00e1n\u00ed, zpracov\u00e1n\u00ed a zabezpe\u010den\u00ed osobn\u00edch \u00fadaj\u016f v r\u00e1mci webu. Ve\u0161ker\u00e9 \u00fadaje jsou shroma\u017e\u010fov\u00e1ny, uchov\u00e1v\u00e1ny a zpracov\u00e1v\u00e1ny v souladu s ustanoven\u00edmi z\u00e1kona ze dne 29. srpna 1997 o ochran\u011b osobn\u00edch \u00fadaj\u016f (Sb\u00edrka z\u00e1kon\u016f z roku 2002, \u010d. 101, polo\u017eka 926, v platn\u00e9m zn\u011bn\u00ed).<\/p>\n<p><strong>Spr\u00e1vcem osobn\u00edch \u00fadaj\u016f je:<\/strong><\/p>\n<p><b>ePraktik Bartosz Zieli\u0144ski<\/b><br \/>ulice Talasiewicza 16<br \/>38-100 Strzy\u017c\u00f3w<br \/><br \/><\/p>\n<h2 class=\"western\"><strong>Shrom\u00e1\u017ed\u011bn\u00e1 data<\/strong><\/h2>\n<p>Z\u00e1kazn\u00edk poskytuje osobn\u00ed \u00fadaje dobrovoln\u011b. Registrace v obchod\u011b nen\u00ed povinn\u00e1. Z\u00e1kazn\u00edk m\u016f\u017ee prov\u00e9st objedn\u00e1vku bez registrace. Majitel shroma\u017e\u010fuje tyto osobn\u00ed \u00fadaje: jm\u00e9no, p\u0159\u00edjmen\u00ed, adresa bydli\u0161t\u011b, e-mailov\u00e1 adresa, IP adresa po\u010d\u00edta\u010de. \u00dadaje slou\u017e\u00ed k pln\u011bn\u00ed objedn\u00e1vek a komunikaci se z\u00e1kazn\u00edkem. Jsou zp\u0159\u00edstupn\u011bny kur\u00fdrn\u00edm spole\u010dnostem (jejich \u00fadaje jsou d\u016fv\u011brn\u00e9) za \u00fa\u010delem dokon\u010den\u00ed dod\u00e1vky. V internetov\u00e9m obchod\u011b\u00a0<b>epaktyk.pl\u00a0<\/b>automaticky shroma\u017e\u010fovan\u00e9 \u00fadaje mohou b\u00fdt pou\u017eity k anal\u00fdze chov\u00e1n\u00ed z\u00e1kazn\u00edk\u016f na webov\u00fdch str\u00e1nk\u00e1ch, shroma\u017e\u010fov\u00e1n\u00ed demografick\u00fdch \u00fadaj\u016f o z\u00e1kazn\u00edc\u00edch a pro technick\u00e9 \u00fa\u010dely ke spr\u00e1v\u011b server\u016f. \u00dadaje shrom\u00e1\u017ed\u011bn\u00e9 prost\u0159ednictv\u00edm p\u0159\u00edm\u00e9ho kontaktu mezi z\u00e1kazn\u00edkem a obchodem prost\u0159ednictv\u00edm webov\u00e9 str\u00e1nky se zase pou\u017e\u00edvaj\u00ed k veden\u00ed korespondence se z\u00e1kazn\u00edkem. \u00dadaje jsou zp\u0159\u00edstupn\u011bny org\u00e1n\u016fm \u010dinn\u00fdm v trestn\u00edm \u0159\u00edzen\u00ed a soudn\u00edm org\u00e1n\u016fm v souladu se z\u00e1konn\u00fdmi ustanoven\u00edmi. Obchod pou\u017e\u00edv\u00e1 \u00fadaje pro marketingov\u00e9 \u00fa\u010dely pouze se souhlasem z\u00e1kazn\u00edka.<br \/><br \/><\/p>\n<h2 class=\"western\"><strong>Datov\u00e9 \u00falo\u017ei\u0161t\u011b<\/strong><\/h2>\n<p>Obchod\u00a0<b>epaktyk.pl\u00a0<\/b>zaji\u0161\u0165uje bezpe\u010dnost osobn\u00edch \u00fadaj\u016f. Obchod nep\u0159ed\u00e1v\u00e1 data sv\u00fdch z\u00e1kazn\u00edk\u016f t\u0159et\u00edm stran\u00e1m, vyu\u017e\u00edv\u00e1 je k zaji\u0161t\u011bn\u00ed \u0159\u00e1dn\u00e9ho servisu pro u\u017eivatele obchodu, pln\u011bn\u00ed objedn\u00e1vek a efektivn\u00ed komunikace. Osobn\u00ed \u00fadaje jsou pova\u017eov\u00e1ny za zcela d\u016fv\u011brn\u00e9 a jsou ulo\u017eeny na dob\u0159e zabezpe\u010den\u00e9m serveru proti vzd\u00e1len\u00fdm a fyzick\u00fdm hrozb\u00e1m.<br \/><br \/><\/p>\n<h2 class=\"western\"><strong>P\u0159\u00edstup k dat\u016fm<\/strong><\/h2>\n<p>Ka\u017ed\u00fd u\u017eivatel, kter\u00fd poskytl informace o osobn\u00edch \u00fadaj\u00edch, m\u00e1 pr\u00e1vo na p\u0159\u00edstup k tomuto obsahu, na jeho opravu, aktualizaci, dopln\u011bn\u00ed, pr\u00e1vo po\u017eadovat zastaven\u00ed zpracov\u00e1n\u00ed a vzn\u00e9st n\u00e1mitku proti zpracov\u00e1n\u00ed osobn\u00edch \u00fadaj\u016f v souladu s \u010dl. 32 sekce 1 bod 7 a 8 z\u00e1kona o ochran\u011b osobn\u00edch \u00fadaj\u016f.<br \/><br \/><\/p>\n<h2 class=\"western\"><strong>Pou\u017e\u00edv\u00e1n\u00ed cookies<\/strong><\/h2>\n<p>Abychom mohli poskytovat slu\u017eby na nejvy\u0161\u0161\u00ed \u00farovni, pou\u017e\u00edv\u00e1me na na\u0161ich webov\u00fdch str\u00e1nk\u00e1ch soubory cookie. Pou\u017e\u00edv\u00e1n\u00ed webov\u00fdch str\u00e1nek beze zm\u011bny nastaven\u00ed cookies znamen\u00e1, \u017ee budou ulo\u017eeny na va\u0161em koncov\u00e9m za\u0159\u00edzen\u00ed. Nastaven\u00ed soubor\u016f cookie m\u016f\u017eete kdykoli zm\u011bnit.<br \/>Web pou\u017e\u00edv\u00e1 soubory \u201esession\u201c a \u201epersistent\u201c. Prvn\u00ed z nich jsou do\u010dasn\u00e9. Jsou ulo\u017eeny na koncov\u00e9m za\u0159\u00edzen\u00ed u\u017eivatele a\u017e do odhl\u00e1\u0161en\u00ed, opu\u0161t\u011bn\u00ed webu nebo vypnut\u00ed webov\u00e9ho prohl\u00ed\u017ee\u010de. Druh\u00fd typ je ulo\u017een na koncov\u00e9m za\u0159\u00edzen\u00ed po dobu uvedenou v parametrech cookies nebo do jejich smaz\u00e1n\u00ed u\u017eivatelem.<br \/><br \/><strong>Pou\u017e\u00edvan\u00e9 typy soubor\u016f cookie umo\u017e\u0148uj\u00ed:<br \/><\/strong><br \/>\u2022 vyu\u017e\u00edvat slu\u017eby dostupn\u00e9 na webov\u00fdch str\u00e1nk\u00e1ch,<br \/>\u2022 zajistit bezpe\u010dnost nap\u0159. odhalov\u00e1n\u00edm zneu\u017eit\u00ed,<br \/>\u2022 shroma\u017e\u010fovat informace o tom, jak je web pou\u017e\u00edv\u00e1n,<br \/>\u2022 \u201ezapamatovat si\u201c nastaven\u00ed zvolen\u00e1 u\u017eivatelem a p\u0159izp\u016fsobit u\u017eivatelsk\u00e9 rozhran\u00ed, nap\u0159. vybran\u00fd jazyk, region, ze kter\u00e9ho u\u017eivatel internetu poch\u00e1z\u00ed, atd.,<br \/>\u2022 poskytovat u\u017eivateli reklamn\u00ed obsah p\u0159izp\u016fsoben\u00fd jeho z\u00e1jm\u016fm.<br \/><br \/><\/p>\n<h2 class=\"western\"><strong>Zm\u011bna z\u00e1sad ochrany osobn\u00edch \u00fadaj\u016f<\/strong><\/h2>\n<p>Internetov\u00fd obchod epaktyk.pl si vyhrazuje pr\u00e1vo kdykoli zm\u011bnit sv\u00e9 z\u00e1sady ochrany osobn\u00edch \u00fadaj\u016f, ani\u017e by o tom musel u\u017eivatele informovat. Z\u00e1kazn\u00edci jsou povinni se se zm\u011bnami sezn\u00e1mit po vstupu na webov\u00e9 str\u00e1nky obchodu.<\/p>\t\t\t\t\t\t\t\t<\/div>\n\t\t\t\t<\/div>\n\t\t\t\t\t<\/div>\n\t\t<\/div>\n\t\t\t\t\t<\/div>\n\t\t<\/section>\n\t\t\t\t<section class=\"elementor-section elementor-top-section elementor-element elementor-element-a852322 elementor-section-boxed elementor-section-height-default elementor-section-height-default\" data-id=\"a852322\" data-element_type=\"section\" data-e-type=\"section\">\n\t\t\t\t\t\t<div class=\"elementor-container elementor-column-gap-default\">\n\t\t\t\t\t<div class=\"elementor-column elementor-col-100 elementor-top-column elementor-element elementor-element-779395a\" data-id=\"779395a\" data-element_type=\"column\" data-e-type=\"column\">\n\t\t\t<div class=\"elementor-widget-wrap elementor-element-populated\">\n\t\t\t\t\t\t<div class=\"elementor-element elementor-element-c6f2c8b elementor-widget elementor-widget-html\" data-id=\"c6f2c8b\" data-element_type=\"widget\" data-e-type=\"widget\" data-widget_type=\"html.default\">\n\t\t\t\t<div class=\"elementor-widget-container\">\n\t\t\t\t\t<script\r\n  id=\"CookieDeclaration\"\r\n  src=\"https:\/\/consent.cookiebot.com\/3a6f4686-1434-406d-b074-206f3fdb5969\/cd.js\"\r\n  type=\"text\/javascript\"\r\n><\/script>\t\t\t\t<\/div>\n\t\t\t\t<\/div>\n\t\t\t\t\t<\/div>\n\t\t<\/div>\n\t\t\t\t\t<\/div>\n\t\t<\/section>\n\t\t\t\t<\/div>","protected":false},"excerpt":{"rendered":"<p>Z\u00e1sady ochrany osobn\u00edch \u00fadaj\u016f a pou\u017e\u00edv\u00e1n\u00ed soubor\u016f cookie Z\u00e1sady ochrany osobn\u00edch \u00fadaj\u016f informuj\u00ed u\u017eivatele obchodu o z\u00e1sad\u00e1ch z\u00edsk\u00e1v\u00e1n\u00ed, zpracov\u00e1n\u00ed a zabezpe\u010den\u00ed osobn\u00edch \u00fadaj\u016f v r\u00e1mci slu\u017eby. Ve\u0161ker\u00e9 \u00fadaje jsou shroma\u017e\u010fov\u00e1ny, ukl\u00e1d\u00e1ny a zpracov\u00e1v\u00e1ny v souladu s ustanoven\u00edmi z\u00e1kona ze dne 29.08.1997 o ochran\u011b osobn\u00edch \u00fadaj\u016f (Sb\u00edrka z\u00e1kon\u016f z roku 2002, \u010d. 101, polo\u017eka 926, ve zn\u011bn\u00ed pozd\u011bj\u0161\u00edch p\u0159edpis\u016f). Spr\u00e1vcem osobn\u00edch \u00fadaj\u016f je: ePraktyk [\u2026]<\/p>","protected":false},"author":1,"featured_media":0,"parent":0,"menu_order":0,"comment_status":"closed","ping_status":"open","template":"","meta":{"site-sidebar-layout":"default","site-content-layout":"default","ast-site-content-layout":"","site-content-style":"default","site-sidebar-style":"default","ast-global-header-display":"","ast-banner-title-visibility":"","ast-main-header-display":"","ast-hfb-above-header-display":"","ast-hfb-below-header-display":"","ast-hfb-mobile-header-display":"","site-post-title":"disabled","ast-breadcrumbs-content":"","ast-featured-img":"","footer-sml-layout":"","theme-transparent-header-meta":"default","adv-header-id-meta":"","stick-header-meta":"","header-above-stick-meta":"","header-main-stick-meta":"","header-below-stick-meta":"","astra-migrate-meta-layouts":"default","ast-page-background-enabled":"default","ast-page-background-meta":{"desktop":{"background-color":"var(--ast-global-color-4)","background-image":"","background-repeat":"repeat","background-position":"center center","background-size":"auto","background-attachment":"scroll","background-type":"","background-media":"","overlay-type":"","overlay-color":"","overlay-opacity":"","overlay-gradient":""},"tablet":{"background-color":"","background-image":"","background-repeat":"repeat","background-position":"center center","background-size":"auto","background-attachment":"scroll","background-type":"","background-media":"","overlay-type":"","overlay-color":"","overlay-opacity":"","overlay-gradient":""},"mobile":{"background-color":"","background-image":"","background-repeat":"repeat","background-position":"center center","background-size":"auto","background-attachment":"scroll","background-type":"","background-media":"","overlay-type":"","overlay-color":"","overlay-opacity":"","overlay-gradient":""}},"ast-content-background-meta":{"desktop":{"background-color":"var(--ast-global-color-5)","background-image":"","background-repeat":"repeat","background-position":"center center","background-size":"auto","background-attachment":"scroll","background-type":"","background-media":"","overlay-type":"","overlay-color":"","overlay-opacity":"","overlay-gradient":""},"tablet":{"background-color":"var(--ast-global-color-5)","background-image":"","background-repeat":"repeat","background-position":"center center","background-size":"auto","background-attachment":"scroll","background-type":"","background-media":"","overlay-type":"","overlay-color":"","overlay-opacity":"","overlay-gradient":""},"mobile":{"background-color":"var(--ast-global-color-5)","background-image":"","background-repeat":"repeat","background-position":"center center","background-size":"auto","background-attachment":"scroll","background-type":"","background-media":"","overlay-type":"","overlay-color":"","overlay-opacity":"","overlay-gradient":""}},"footnotes":""},"class_list":["post-3","page","type-page","status-publish","hentry"],"_links":{"self":[{"href":"https:\/\/spasauna.pl\/cs\/wp-json\/wp\/v2\/pages\/3","targetHints":{"allow":["GET"]}}],"collection":[{"href":"https:\/\/spasauna.pl\/cs\/wp-json\/wp\/v2\/pages"}],"about":[{"href":"https:\/\/spasauna.pl\/cs\/wp-json\/wp\/v2\/types\/page"}],"author":[{"embeddable":true,"href":"https:\/\/spasauna.pl\/cs\/wp-json\/wp\/v2\/users\/1"}],"replies":[{"embeddable":true,"href":"https:\/\/spasauna.pl\/cs\/wp-json\/wp\/v2\/comments?post=3"}],"version-history":[{"count":0,"href":"https:\/\/spasauna.pl\/cs\/wp-json\/wp\/v2\/pages\/3\/revisions"}],"wp:attachment":[{"href":"https:\/\/spasauna.pl\/cs\/wp-json\/wp\/v2\/media?parent=3"}],"curies":[{"name":"wp","href":"https:\/\/api.w.org\/{rel}","templated":true}]}}