{"id":2911,"date":"2024-03-20T19:26:59","date_gmt":"2024-03-20T18:26:59","guid":{"rendered":"https:\/\/spasauna.pl\/?page_id=2911"},"modified":"2024-04-03T10:02:28","modified_gmt":"2024-04-03T08:02:28","slug":"serwis","status":"publish","type":"page","link":"https:\/\/spasauna.pl\/cs\/servis\/","title":{"rendered":"Servis"},"content":{"rendered":"<div data-elementor-type=\"wp-page\" data-elementor-id=\"2911\" class=\"elementor elementor-2911\" data-elementor-post-type=\"page\">\n\t\t\t\t\t\t<section class=\"elementor-section elementor-top-section elementor-element elementor-element-51db889 elementor-section-boxed elementor-section-height-default elementor-section-height-default\" data-id=\"51db889\" data-element_type=\"section\" data-e-type=\"section\">\n\t\t\t\t\t\t<div class=\"elementor-container elementor-column-gap-default\">\n\t\t\t\t\t<div class=\"elementor-column elementor-col-100 elementor-top-column elementor-element elementor-element-0dee311\" data-id=\"0dee311\" data-element_type=\"column\" data-e-type=\"column\">\n\t\t\t<div class=\"elementor-widget-wrap elementor-element-populated\">\n\t\t\t\t\t\t<div class=\"elementor-element elementor-element-e30aedc elementor-widget elementor-widget-heading\" data-id=\"e30aedc\" data-element_type=\"widget\" data-e-type=\"widget\" data-widget_type=\"heading.default\">\n\t\t\t\t<div class=\"elementor-widget-container\">\n\t\t\t\t\t<h1 class=\"elementor-heading-title elementor-size-default\">Servis a opravy: SPA vany, zahradn\u00ed jacuzzi, baz\u00e9ny, sauny<\/h1>\t\t\t\t<\/div>\n\t\t\t\t<\/div>\n\t\t\t\t\t<\/div>\n\t\t<\/div>\n\t\t\t\t\t<\/div>\n\t\t<\/section>\n\t\t\t\t<section class=\"elementor-section elementor-top-section elementor-element elementor-element-a0f6697 elementor-section-boxed elementor-section-height-default elementor-section-height-default\" data-id=\"a0f6697\" data-element_type=\"section\" data-e-type=\"section\">\n\t\t\t\t\t\t<div class=\"elementor-container elementor-column-gap-default\">\n\t\t\t\t\t<div class=\"elementor-column elementor-col-100 elementor-top-column elementor-element elementor-element-4a2a461\" data-id=\"4a2a461\" data-element_type=\"column\" data-e-type=\"column\">\n\t\t\t<div class=\"elementor-widget-wrap elementor-element-populated\">\n\t\t\t\t\t\t<div class=\"elementor-element elementor-element-04cf5e7 elementor-widget elementor-widget-heading\" data-id=\"04cf5e7\" data-element_type=\"widget\" data-e-type=\"widget\" data-widget_type=\"heading.default\">\n\t\t\t\t<div class=\"elementor-widget-container\">\n\t\t\t\t\t<h2 class=\"elementor-heading-title elementor-size-default\">Profesion\u00e1ln\u00ed slu\u017eby SPA a jacuzzi<\/h2>\t\t\t\t<\/div>\n\t\t\t\t<\/div>\n\t\t\t\t<div class=\"elementor-element elementor-element-9456a41 elementor-widget elementor-widget-text-editor\" data-id=\"9456a41\" data-element_type=\"widget\" data-e-type=\"widget\" data-widget_type=\"text-editor.default\">\n\t\t\t\t<div class=\"elementor-widget-container\">\n\t\t\t\t\t\t\t\t\t<p>Naj\u00edt d\u016fv\u011bryhodnou slu\u017ebu pro opravu a \u00fadr\u017ebu va\u0161\u00ed v\u00ed\u0159ivky, zahradn\u00ed jacuzzi, baz\u00e9nu nebo sauny m\u016f\u017ee b\u00fdt probl\u00e9m. Na\u0161e spole\u010dnost nab\u00edz\u00ed komplexn\u00ed servis a opravy, kter\u00e9 uvedou va\u0161e za\u0159\u00edzen\u00ed do perfektn\u00edho stavu a zajist\u00ed dlouhodob\u00e9 pou\u017e\u00edv\u00e1n\u00ed. D\u00edky \u0161irok\u00e9 s\u00edti prov\u011b\u0159en\u00fdch specialist\u016f po cel\u00e9m Polsku jsme schopni rychle reagovat na pot\u0159eby na\u0161ich klient\u016f.<\/p>\t\t\t\t\t\t\t\t<\/div>\n\t\t\t\t<\/div>\n\t\t\t\t\t<\/div>\n\t\t<\/div>\n\t\t\t\t\t<\/div>\n\t\t<\/section>\n\t\t\t\t<section class=\"elementor-section elementor-top-section elementor-element elementor-element-2cbb922 elementor-section-boxed elementor-section-height-default elementor-section-height-default\" data-id=\"2cbb922\" data-element_type=\"section\" data-e-type=\"section\" data-settings=\"{&quot;background_background&quot;:&quot;classic&quot;}\">\n\t\t\t\t\t\t\t<div class=\"elementor-background-overlay\"><\/div>\n\t\t\t\t\t\t\t<div class=\"elementor-container elementor-column-gap-default\">\n\t\t\t\t\t<div class=\"elementor-column elementor-col-50 elementor-top-column elementor-element elementor-element-bc2906e\" data-id=\"bc2906e\" data-element_type=\"column\" data-e-type=\"column\">\n\t\t\t<div class=\"elementor-widget-wrap elementor-element-populated\">\n\t\t\t\t\t\t<div class=\"elementor-element elementor-element-f2d5c4b elementor-widget elementor-widget-heading\" data-id=\"f2d5c4b\" data-element_type=\"widget\" data-e-type=\"widget\" data-widget_type=\"heading.default\">\n\t\t\t\t<div class=\"elementor-widget-container\">\n\t\t\t\t\t<h2 class=\"elementor-heading-title elementor-size-default\">Z\u00e1ruka a \u00fadr\u017eba<\/h2>\t\t\t\t<\/div>\n\t\t\t\t<\/div>\n\t\t\t\t<div class=\"elementor-element elementor-element-cd0927e elementor-widget elementor-widget-text-editor\" data-id=\"cd0927e\" data-element_type=\"widget\" data-e-type=\"widget\" data-widget_type=\"text-editor.default\">\n\t\t\t\t<div class=\"elementor-widget-container\">\n\t\t\t\t\t\t\t\t\t<p>Db\u00e1me na to, aby ka\u017ed\u00e1 oprava nebo \u00fadr\u017eba byla provedena s maxim\u00e1ln\u00ed pe\u010dlivost\u00ed a p\u0159esnost\u00ed. Pravideln\u00e1 \u00fadr\u017eba je kl\u00ed\u010dem k udr\u017een\u00ed va\u0161\u00ed v\u00ed\u0159ivky, v\u00ed\u0159ivky, baz\u00e9nu nebo sauny ve skv\u011bl\u00e9m stavu a prodlou\u017een\u00ed jej\u00ed \u017eivotnosti.<\/p>\t\t\t\t\t\t\t\t<\/div>\n\t\t\t\t<\/div>\n\t\t\t\t\t<\/div>\n\t\t<\/div>\n\t\t\t\t<div class=\"elementor-column elementor-col-50 elementor-top-column elementor-element elementor-element-73d53f5\" data-id=\"73d53f5\" data-element_type=\"column\" data-e-type=\"column\">\n\t\t\t<div class=\"elementor-widget-wrap elementor-element-populated\">\n\t\t\t\t\t\t<div class=\"elementor-element elementor-element-e7d5c30 elementor-widget elementor-widget-heading\" data-id=\"e7d5c30\" data-element_type=\"widget\" data-e-type=\"widget\" data-widget_type=\"heading.default\">\n\t\t\t\t<div class=\"elementor-widget-container\">\n\t\t\t\t\t<h2 class=\"elementor-heading-title elementor-size-default\">Opravy mnoha zna\u010dek a model\u016f<\/h2>\t\t\t\t<\/div>\n\t\t\t\t<\/div>\n\t\t\t\t<div class=\"elementor-element elementor-element-0585f85 elementor-widget elementor-widget-text-editor\" data-id=\"0585f85\" data-element_type=\"widget\" data-e-type=\"widget\" data-widget_type=\"text-editor.default\">\n\t\t\t\t<div class=\"elementor-widget-container\">\n\t\t\t\t\t\t\t\t\t<p>Na\u0161i odborn\u00edci jsou p\u0159ipraveni \u010delit jak\u00e9koli v\u00fdzv\u011b. M\u00e1me bohat\u00e9 zku\u0161enosti s opravami SPA van, zahradn\u00edch v\u00ed\u0159ivek, baz\u00e9n\u016f a saun. Od jednoduch\u00fdch \u00fadr\u017eb\u00e1\u0159sk\u00fdch \u010dinnost\u00ed, p\u0159es opravy \u010derpadel, v\u00fdm\u011bny trysek a\u017e po slo\u017eit\u00e9 technick\u00e9 opravy \u2013 m\u016f\u017eete se na n\u00e1s spolehnout.<\/p>\t\t\t\t\t\t\t\t<\/div>\n\t\t\t\t<\/div>\n\t\t\t\t\t<\/div>\n\t\t<\/div>\n\t\t\t\t\t<\/div>\n\t\t<\/section>\n\t\t\t\t<section class=\"elementor-section elementor-top-section elementor-element elementor-element-b772f71 elementor-section-boxed elementor-section-height-default elementor-section-height-default\" data-id=\"b772f71\" data-element_type=\"section\" data-e-type=\"section\">\n\t\t\t\t\t\t<div class=\"elementor-container elementor-column-gap-default\">\n\t\t\t\t\t<div class=\"elementor-column elementor-col-50 elementor-top-column elementor-element elementor-element-afbb92a\" data-id=\"afbb92a\" data-element_type=\"column\" data-e-type=\"column\">\n\t\t\t<div class=\"elementor-widget-wrap elementor-element-populated\">\n\t\t\t\t\t\t<div class=\"elementor-element elementor-element-f495d5d elementor-widget elementor-widget-heading\" data-id=\"f495d5d\" data-element_type=\"widget\" data-e-type=\"widget\" data-widget_type=\"heading.default\">\n\t\t\t\t<div class=\"elementor-widget-container\">\n\t\t\t\t\t<h2 class=\"elementor-heading-title elementor-size-default\">Pracovn\u00ed oblast <br>Obsluha jacuzzi<\/h2>\t\t\t\t<\/div>\n\t\t\t\t<\/div>\n\t\t\t\t<div class=\"elementor-element elementor-element-efad6f6 elementor-widget elementor-widget-text-editor\" data-id=\"efad6f6\" data-element_type=\"widget\" data-e-type=\"widget\" data-widget_type=\"text-editor.default\">\n\t\t\t\t<div class=\"elementor-widget-container\">\n\t\t\t\t\t\t\t\t\t<p>Na\u0161e servisn\u00ed s\u00ed\u0165 pokr\u00fdv\u00e1 cel\u00e9 Polsko, v\u010detn\u011b m\u011bst jako Katovice, Trojm\u011bst\u00ed, Lod\u017e, Var\u0161ava, Bydho\u0161\u0165, Rzesz\u00f3w a mnoho dal\u0161\u00edch. Bez ohledu na va\u0161i polohu poskytujeme rychl\u00e9 a efektivn\u00ed slu\u017eby.<\/p>\t\t\t\t\t\t\t\t<\/div>\n\t\t\t\t<\/div>\n\t\t\t\t\t<\/div>\n\t\t<\/div>\n\t\t\t\t<div class=\"elementor-column elementor-col-50 elementor-top-column elementor-element elementor-element-6da626e\" data-id=\"6da626e\" data-element_type=\"column\" data-e-type=\"column\">\n\t\t\t<div class=\"elementor-widget-wrap elementor-element-populated\">\n\t\t\t\t\t\t<div class=\"elementor-element elementor-element-e41db7e elementor-widget elementor-widget-image\" data-id=\"e41db7e\" data-element_type=\"widget\" data-e-type=\"widget\" data-widget_type=\"image.default\">\n\t\t\t\t<div class=\"elementor-widget-container\">\n\t\t\t\t\t\t\t\t\t\t\t\t\t\t\t<img loading=\"lazy\" decoding=\"async\" width=\"1000\" height=\"1000\" src=\"https:\/\/spasauna.pl\/wp-content\/uploads\/2024\/03\/serwis-jacuzzi-spasauna.jpg\" class=\"attachment-large size-large wp-image-2921\" alt=\"\" srcset=\"https:\/\/spasauna.pl\/wp-content\/uploads\/2024\/03\/serwis-jacuzzi-spasauna.jpg 1000w, https:\/\/spasauna.pl\/wp-content\/uploads\/2024\/03\/serwis-jacuzzi-spasauna-300x300.jpg 300w, https:\/\/spasauna.pl\/wp-content\/uploads\/2024\/03\/serwis-jacuzzi-spasauna-150x150.jpg 150w, https:\/\/spasauna.pl\/wp-content\/uploads\/2024\/03\/serwis-jacuzzi-spasauna-768x768.jpg 768w, https:\/\/spasauna.pl\/wp-content\/uploads\/2024\/03\/serwis-jacuzzi-spasauna-12x12.jpg 12w, https:\/\/spasauna.pl\/wp-content\/uploads\/2024\/03\/serwis-jacuzzi-spasauna-600x600.jpg 600w, https:\/\/spasauna.pl\/wp-content\/uploads\/2024\/03\/serwis-jacuzzi-spasauna-100x100.jpg 100w\" sizes=\"auto, (max-width: 1000px) 100vw, 1000px\" \/>\t\t\t\t\t\t\t\t\t\t\t\t\t\t\t<\/div>\n\t\t\t\t<\/div>\n\t\t\t\t\t<\/div>\n\t\t<\/div>\n\t\t\t\t\t<\/div>\n\t\t<\/section>\n\t\t\t\t<section class=\"elementor-section elementor-top-section elementor-element elementor-element-1479d98 elementor-section-boxed elementor-section-height-default elementor-section-height-default\" data-id=\"1479d98\" data-element_type=\"section\" data-e-type=\"section\" data-settings=\"{&quot;background_background&quot;:&quot;classic&quot;}\">\n\t\t\t\t\t\t<div class=\"elementor-container elementor-column-gap-default\">\n\t\t\t\t\t<div class=\"elementor-column elementor-col-100 elementor-top-column elementor-element elementor-element-d55c98c\" data-id=\"d55c98c\" data-element_type=\"column\" data-e-type=\"column\">\n\t\t\t<div class=\"elementor-widget-wrap elementor-element-populated\">\n\t\t\t\t\t\t<div class=\"elementor-element elementor-element-de677b9 elementor-widget elementor-widget-heading\" data-id=\"de677b9\" data-element_type=\"widget\" data-e-type=\"widget\" data-widget_type=\"heading.default\">\n\t\t\t\t<div class=\"elementor-widget-container\">\n\t\t\t\t\t<h2 class=\"elementor-heading-title elementor-size-default\">POZN\u00c1MKA: Neposkytujeme slu\u017ebu nafukovac\u00ed jacuzzi<\/h2>\t\t\t\t<\/div>\n\t\t\t\t<\/div>\n\t\t\t\t\t<\/div>\n\t\t<\/div>\n\t\t\t\t\t<\/div>\n\t\t<\/section>\n\t\t\t\t<section class=\"elementor-section elementor-top-section elementor-element elementor-element-8f55942 elementor-section-boxed elementor-section-height-default elementor-section-height-default\" data-id=\"8f55942\" data-element_type=\"section\" data-e-type=\"section\" data-settings=\"{&quot;background_background&quot;:&quot;classic&quot;}\">\n\t\t\t\t\t\t\t<div class=\"elementor-background-overlay\"><\/div>\n\t\t\t\t\t\t\t<div class=\"elementor-container elementor-column-gap-default\">\n\t\t\t\t\t<div class=\"elementor-column elementor-col-100 elementor-top-column elementor-element elementor-element-106c072\" data-id=\"106c072\" data-element_type=\"column\" data-e-type=\"column\">\n\t\t\t<div class=\"elementor-widget-wrap elementor-element-populated\">\n\t\t\t\t\t\t<section class=\"elementor-section elementor-inner-section elementor-element elementor-element-999888c elementor-section-boxed elementor-section-height-default elementor-section-height-default\" data-id=\"999888c\" data-element_type=\"section\" data-e-type=\"section\">\n\t\t\t\t\t\t<div class=\"elementor-container elementor-column-gap-default\">\n\t\t\t\t\t<div class=\"elementor-column elementor-col-100 elementor-inner-column elementor-element elementor-element-b83bb4b\" data-id=\"b83bb4b\" data-element_type=\"column\" data-e-type=\"column\">\n\t\t\t<div class=\"elementor-widget-wrap elementor-element-populated\">\n\t\t\t\t\t\t<div class=\"elementor-element elementor-element-8c86c42 elementor-widget elementor-widget-heading\" data-id=\"8c86c42\" data-element_type=\"widget\" data-e-type=\"widget\" data-widget_type=\"heading.default\">\n\t\t\t\t<div class=\"elementor-widget-container\">\n\t\t\t\t\t<h2 class=\"elementor-heading-title elementor-size-default\">Kontaktujte n\u00e1s<\/h2>\t\t\t\t<\/div>\n\t\t\t\t<\/div>\n\t\t\t\t<div class=\"elementor-element elementor-element-6447e3f elementor-widget elementor-widget-text-editor\" data-id=\"6447e3f\" data-element_type=\"widget\" data-e-type=\"widget\" data-widget_type=\"text-editor.default\">\n\t\t\t\t<div class=\"elementor-widget-container\">\n\t\t\t\t\t\t\t\t\t<p>Pot\u0159ebujete pomoci s l\u00e1zn\u011bmi, v\u00ed\u0159ivkou, baz\u00e9nem nebo saunou? Kontaktujte n\u00e1s a my v\u00e1s spoj\u00edme s profesion\u00e1ln\u00edm servisn\u00edm technikem ve va\u0161em regionu. Sta\u010d\u00ed n\u00e1m poslat zpr\u00e1vu nebo zavolat - o zbytek se postar\u00e1me!<\/p>\t\t\t\t\t\t\t\t<\/div>\n\t\t\t\t<\/div>\n\t\t\t\t\t<\/div>\n\t\t<\/div>\n\t\t\t\t\t<\/div>\n\t\t<\/section>\n\t\t\t\t<section class=\"elementor-section elementor-inner-section elementor-element elementor-element-bebc987 elementor-section-boxed elementor-section-height-default elementor-section-height-default\" data-id=\"bebc987\" data-element_type=\"section\" data-e-type=\"section\">\n\t\t\t\t\t\t<div class=\"elementor-container elementor-column-gap-default\">\n\t\t\t\t\t<div class=\"elementor-column elementor-col-50 elementor-inner-column elementor-element elementor-element-96c0a8b\" data-id=\"96c0a8b\" data-element_type=\"column\" data-e-type=\"column\">\n\t\t\t<div class=\"elementor-widget-wrap elementor-element-populated\">\n\t\t\t\t\t\t<div class=\"elementor-element elementor-element-a312a45 elementor-widget elementor-widget-heading\" data-id=\"a312a45\" data-element_type=\"widget\" data-e-type=\"widget\" data-widget_type=\"heading.default\">\n\t\t\t\t<div class=\"elementor-widget-container\">\n\t\t\t\t\t<h2 class=\"elementor-heading-title elementor-size-default\"><b>Ne\u017e zavol\u00e1te:<\/b><\/h2>\t\t\t\t<\/div>\n\t\t\t\t<\/div>\n\t\t\t\t<div class=\"elementor-element elementor-element-edec849 elementor-widget elementor-widget-text-editor\" data-id=\"edec849\" data-element_type=\"widget\" data-e-type=\"widget\" data-widget_type=\"text-editor.default\">\n\t\t\t\t<div class=\"elementor-widget-container\">\n\t\t\t\t\t\t\t\t\t<ol><li>Vyfo\u0165te \u00fanik, z\u00e1vadu nebo cokoliv, o \u010dem m\u00e1te podez\u0159en\u00ed, \u017ee je rozbit\u00e9.\u00a0<\/li><li>Ur\u010dete, jak\u00fd model zahradn\u00ed v\u00ed\u0159ivky m\u00e1te a o jakou zna\u010dku se jedn\u00e1.<\/li><\/ol><div>To v\u00e1m u\u0161et\u0159\u00ed \u010das a pen\u00edze \u2013 d\u011bkujeme!<\/div>\t\t\t\t\t\t\t\t<\/div>\n\t\t\t\t<\/div>\n\t\t\t\t\t<\/div>\n\t\t<\/div>\n\t\t\t\t<div class=\"elementor-column elementor-col-50 elementor-inner-column elementor-element elementor-element-2d84180\" data-id=\"2d84180\" data-element_type=\"column\" data-e-type=\"column\">\n\t\t\t<div class=\"elementor-widget-wrap elementor-element-populated\">\n\t\t\t\t\t\t<div class=\"elementor-element elementor-element-5ba6507 elementor-widget elementor-widget-heading\" data-id=\"5ba6507\" data-element_type=\"widget\" data-e-type=\"widget\" data-widget_type=\"heading.default\">\n\t\t\t\t<div class=\"elementor-widget-container\">\n\t\t\t\t\t<h2 class=\"elementor-heading-title elementor-size-default\"><a href=\"tel: 48530819303 \"><b>+48 530 819 303<\/b><\/a><\/h2>\t\t\t\t<\/div>\n\t\t\t\t<\/div>\n\t\t\t\t<div class=\"elementor-element elementor-element-e953302 elementor-widget elementor-widget-heading\" data-id=\"e953302\" data-element_type=\"widget\" data-e-type=\"widget\" data-widget_type=\"heading.default\">\n\t\t\t\t<div class=\"elementor-widget-container\">\n\t\t\t\t\t<h5 class=\"elementor-heading-title elementor-size-default\"><a href=\"tel: 48530819303 \">(09:00\u201317:00, pond\u011bl\u00ed\u2013p\u00e1tek) <\/a><\/h5>\t\t\t\t<\/div>\n\t\t\t\t<\/div>\n\t\t\t\t<div class=\"elementor-element elementor-element-5a5f0b2 elementor-widget elementor-widget-heading\" data-id=\"5a5f0b2\" data-element_type=\"widget\" data-e-type=\"widget\" data-widget_type=\"heading.default\">\n\t\t\t\t<div class=\"elementor-widget-container\">\n\t\t\t\t\t<h2 class=\"elementor-heading-title elementor-size-default\"><a href=\"mailto:info@spasauna.pl\"><b>info@spasauna.pl<\/b><\/a><\/h2>\t\t\t\t<\/div>\n\t\t\t\t<\/div>\n\t\t\t\t<div class=\"elementor-element elementor-element-afbfd5c elementor-align-center elementor-widget elementor-widget-button\" data-id=\"afbfd5c\" data-element_type=\"widget\" data-e-type=\"widget\" data-widget_type=\"button.default\">\n\t\t\t\t<div class=\"elementor-widget-container\">\n\t\t\t\t\t\t\t\t\t<div class=\"elementor-button-wrapper\">\n\t\t\t\t\t<a class=\"elementor-button elementor-button-link elementor-size-sm\" href=\"https:\/\/spasauna.pl\/cs\/kontakt\/\">\n\t\t\t\t\t\t<span class=\"elementor-button-content-wrapper\">\n\t\t\t\t\t\t\t\t\t<span class=\"elementor-button-text\">Kontaktn\u00ed formul\u00e1\u0159<\/span>\n\t\t\t\t\t<\/span>\n\t\t\t\t\t<\/a>\n\t\t\t\t<\/div>\n\t\t\t\t\t\t\t\t<\/div>\n\t\t\t\t<\/div>\n\t\t\t\t\t<\/div>\n\t\t<\/div>\n\t\t\t\t\t<\/div>\n\t\t<\/section>\n\t\t\t\t\t<\/div>\n\t\t<\/div>\n\t\t\t\t\t<\/div>\n\t\t<\/section>\n\t\t\t\t<section class=\"elementor-section elementor-top-section elementor-element elementor-element-fbb0a2c elementor-section-boxed elementor-section-height-default elementor-section-height-default\" data-id=\"fbb0a2c\" data-element_type=\"section\" data-e-type=\"section\">\n\t\t\t\t\t\t<div class=\"elementor-container elementor-column-gap-default\">\n\t\t\t\t\t<div class=\"elementor-column elementor-col-50 elementor-top-column elementor-element elementor-element-2f809b7\" data-id=\"2f809b7\" data-element_type=\"column\" data-e-type=\"column\">\n\t\t\t<div class=\"elementor-widget-wrap elementor-element-populated\">\n\t\t\t\t\t\t<div class=\"elementor-element elementor-element-24e7002 elementor-widget elementor-widget-image\" data-id=\"24e7002\" data-element_type=\"widget\" data-e-type=\"widget\" data-widget_type=\"image.default\">\n\t\t\t\t<div class=\"elementor-widget-container\">\n\t\t\t\t\t\t\t\t\t\t\t\t\t\t\t<img loading=\"lazy\" decoding=\"async\" width=\"641\" height=\"960\" src=\"https:\/\/spasauna.pl\/wp-content\/uploads\/2024\/01\/image-1.png\" class=\"attachment-large size-large wp-image-2821\" alt=\"\" srcset=\"https:\/\/spasauna.pl\/wp-content\/uploads\/2024\/01\/image-1.png 641w, https:\/\/spasauna.pl\/wp-content\/uploads\/2024\/01\/image-1-200x300.png 200w, https:\/\/spasauna.pl\/wp-content\/uploads\/2024\/01\/image-1-8x12.png 8w, https:\/\/spasauna.pl\/wp-content\/uploads\/2024\/01\/image-1-600x899.png 600w\" sizes=\"auto, (max-width: 641px) 100vw, 641px\" \/>\t\t\t\t\t\t\t\t\t\t\t\t\t\t\t<\/div>\n\t\t\t\t<\/div>\n\t\t\t\t\t<\/div>\n\t\t<\/div>\n\t\t\t\t<div class=\"elementor-column elementor-col-50 elementor-top-column elementor-element elementor-element-662648b\" data-id=\"662648b\" data-element_type=\"column\" data-e-type=\"column\">\n\t\t\t<div class=\"elementor-widget-wrap elementor-element-populated\">\n\t\t\t\t\t\t<div class=\"elementor-element elementor-element-884a722 elementor-widget elementor-widget-heading\" data-id=\"884a722\" data-element_type=\"widget\" data-e-type=\"widget\" data-widget_type=\"heading.default\">\n\t\t\t\t<div class=\"elementor-widget-container\">\n\t\t\t\t\t<h2 class=\"elementor-heading-title elementor-size-default\">Pro\u010d se vyplat\u00ed vybrat si n\u00e1\u0161 servis van?<\/h2>\t\t\t\t<\/div>\n\t\t\t\t<\/div>\n\t\t\t\t<div class=\"elementor-element elementor-element-2df06aa elementor-icon-list--layout-traditional elementor-list-item-link-full_width elementor-widget elementor-widget-icon-list\" data-id=\"2df06aa\" data-element_type=\"widget\" data-e-type=\"widget\" data-widget_type=\"icon-list.default\">\n\t\t\t\t<div class=\"elementor-widget-container\">\n\t\t\t\t\t\t\t<ul class=\"elementor-icon-list-items\">\n\t\t\t\t\t\t\t<li class=\"elementor-icon-list-item\">\n\t\t\t\t\t\t\t\t\t\t\t<span class=\"elementor-icon-list-icon\">\n\t\t\t\t\t\t\t<i aria-hidden=\"true\" class=\"fas fa-check\"><\/i>\t\t\t\t\t\t<\/span>\n\t\t\t\t\t\t\t\t\t\t<span class=\"elementor-icon-list-text\"><b>Komplexn\u00ed slu\u017eby:<\/b> Nab\u00edz\u00edme kompletn\u00ed servis a opravy.<\/span>\n\t\t\t\t\t\t\t\t\t<\/li>\n\t\t\t\t\t\t\t\t<li class=\"elementor-icon-list-item\">\n\t\t\t\t\t\t\t\t\t\t\t<span class=\"elementor-icon-list-icon\">\n\t\t\t\t\t\t\t<i aria-hidden=\"true\" class=\"fas fa-check\"><\/i>\t\t\t\t\t\t<\/span>\n\t\t\t\t\t\t\t\t\t\t<span class=\"elementor-icon-list-text\"><b>Zku\u0161enosti a profesionalita:<\/b> Na\u0161i servisn\u00ed s\u00ed\u0165 tvo\u0159\u00ed zku\u0161en\u00ed a prov\u011b\u0159en\u00ed specialist\u00e9.<\/span>\n\t\t\t\t\t\t\t\t\t<\/li>\n\t\t\t\t\t\t\t\t<li class=\"elementor-icon-list-item\">\n\t\t\t\t\t\t\t\t\t\t\t<span class=\"elementor-icon-list-icon\">\n\t\t\t\t\t\t\t<i aria-hidden=\"true\" class=\"fas fa-check\"><\/i>\t\t\t\t\t\t<\/span>\n\t\t\t\t\t\t\t\t\t\t<span class=\"elementor-icon-list-text\"><b>\u0160irok\u00e1 oblast p\u016fsoben\u00ed: <\/b>D\u00edky m\u00edstn\u00edm partner\u016fm jsme p\u0159\u00edtomni po cel\u00e9m Polsku.<\/span>\n\t\t\t\t\t\t\t\t\t<\/li>\n\t\t\t\t\t\t\t\t<li class=\"elementor-icon-list-item\">\n\t\t\t\t\t\t\t\t\t\t\t<span class=\"elementor-icon-list-icon\">\n\t\t\t\t\t\t\t<i aria-hidden=\"true\" class=\"fas fa-check\"><\/i>\t\t\t\t\t\t<\/span>\n\t\t\t\t\t\t\t\t\t\t<span class=\"elementor-icon-list-text\"><b>Rychl\u00e1 reakce: <\/b>Ch\u00e1peme, jak d\u016fle\u017eit\u00e9 je rychle vy\u0159e\u0161it probl\u00e9m. Fungujeme efektivn\u011b a efektivn\u011b.<\/span>\n\t\t\t\t\t\t\t\t\t<\/li>\n\t\t\t\t\t\t<\/ul>\n\t\t\t\t\t\t<\/div>\n\t\t\t\t<\/div>\n\t\t\t\t\t<\/div>\n\t\t<\/div>\n\t\t\t\t\t<\/div>\n\t\t<\/section>\n\t\t\t\t<\/div>","protected":false},"excerpt":{"rendered":"<p>Servis a opravy: v\u00ed\u0159ivky, zahradn\u00ed v\u00ed\u0159ivky, baz\u00e9ny, sauny Profesion\u00e1ln\u00ed servis v\u00ed\u0159ivek a v\u00ed\u0159ivek Nalezen\u00ed spolehliv\u00e9ho servisu pro opravu a \u00fadr\u017ebu va\u0161\u00ed v\u00ed\u0159ivky, zahradn\u00ed v\u00ed\u0159ivky, baz\u00e9nu nebo sauny m\u016f\u017ee b\u00fdt n\u00e1ro\u010dn\u00e9. Na\u0161e spole\u010dnost nab\u00edz\u00ed komplexn\u00ed servis a opravy, kter\u00e9 obnov\u00ed va\u0161e za\u0159\u00edzen\u00ed do perfektn\u00edho stavu a zajist\u00ed jeho dlouhodob\u00e9 pou\u017e\u00edv\u00e1n\u00ed. D\u00edky \u0161irok\u00e9 s\u00edti osv\u011bd\u010den\u00fdch specialist\u016f [\u2026]<\/p>","protected":false},"author":3,"featured_media":0,"parent":0,"menu_order":0,"comment_status":"closed","ping_status":"closed","template":"","meta":{"site-sidebar-layout":"no-sidebar","site-content-layout":"page-builder","ast-site-content-layout":"","site-content-style":"default","site-sidebar-style":"default","ast-global-header-display":"","ast-banner-title-visibility":"","ast-main-header-display":"","ast-hfb-above-header-display":"","ast-hfb-below-header-display":"","ast-hfb-mobile-header-display":"","site-post-title":"disabled","ast-breadcrumbs-content":"","ast-featured-img":"disabled","footer-sml-layout":"","theme-transparent-header-meta":"","adv-header-id-meta":"","stick-header-meta":"","header-above-stick-meta":"","header-main-stick-meta":"","header-below-stick-meta":"","astra-migrate-meta-layouts":"default","ast-page-background-enabled":"default","ast-page-background-meta":{"desktop":{"background-color":"var(--ast-global-color-4)","background-image":"","background-repeat":"repeat","background-position":"center center","background-size":"auto","background-attachment":"scroll","background-type":"","background-media":"","overlay-type":"","overlay-color":"","overlay-opacity":"","overlay-gradient":""},"tablet":{"background-color":"","background-image":"","background-repeat":"repeat","background-position":"center center","background-size":"auto","background-attachment":"scroll","background-type":"","background-media":"","overlay-type":"","overlay-color":"","overlay-opacity":"","overlay-gradient":""},"mobile":{"background-color":"","background-image":"","background-repeat":"repeat","background-position":"center center","background-size":"auto","background-attachment":"scroll","background-type":"","background-media":"","overlay-type":"","overlay-color":"","overlay-opacity":"","overlay-gradient":""}},"ast-content-background-meta":{"desktop":{"background-color":"var(--ast-global-color-5)","background-image":"","background-repeat":"repeat","background-position":"center center","background-size":"auto","background-attachment":"scroll","background-type":"","background-media":"","overlay-type":"","overlay-color":"","overlay-opacity":"","overlay-gradient":""},"tablet":{"background-color":"var(--ast-global-color-5)","background-image":"","background-repeat":"repeat","background-position":"center center","background-size":"auto","background-attachment":"scroll","background-type":"","background-media":"","overlay-type":"","overlay-color":"","overlay-opacity":"","overlay-gradient":""},"mobile":{"background-color":"var(--ast-global-color-5)","background-image":"","background-repeat":"repeat","background-position":"center center","background-size":"auto","background-attachment":"scroll","background-type":"","background-media":"","overlay-type":"","overlay-color":"","overlay-opacity":"","overlay-gradient":""}},"footnotes":""},"class_list":["post-2911","page","type-page","status-publish","hentry"],"_links":{"self":[{"href":"https:\/\/spasauna.pl\/cs\/wp-json\/wp\/v2\/pages\/2911","targetHints":{"allow":["GET"]}}],"collection":[{"href":"https:\/\/spasauna.pl\/cs\/wp-json\/wp\/v2\/pages"}],"about":[{"href":"https:\/\/spasauna.pl\/cs\/wp-json\/wp\/v2\/types\/page"}],"author":[{"embeddable":true,"href":"https:\/\/spasauna.pl\/cs\/wp-json\/wp\/v2\/users\/3"}],"replies":[{"embeddable":true,"href":"https:\/\/spasauna.pl\/cs\/wp-json\/wp\/v2\/comments?post=2911"}],"version-history":[{"count":0,"href":"https:\/\/spasauna.pl\/cs\/wp-json\/wp\/v2\/pages\/2911\/revisions"}],"wp:attachment":[{"href":"https:\/\/spasauna.pl\/cs\/wp-json\/wp\/v2\/media?parent=2911"}],"curies":[{"name":"wp","href":"https:\/\/api.w.org\/{rel}","templated":true}]}}