{"id":22,"date":"2022-05-04T14:48:09","date_gmt":"2022-05-04T12:48:09","guid":{"rendered":"http:\/\/spasauna.pl\/?page_id=22"},"modified":"2022-06-03T22:38:02","modified_gmt":"2022-06-03T20:38:02","slug":"zwroty","status":"publish","type":"page","link":"https:\/\/spasauna.pl\/cs\/fraze\/","title":{"rendered":"Reklamace a vr\u00e1cen\u00ed zbo\u017e\u00ed"},"content":{"rendered":"<div data-elementor-type=\"wp-page\" data-elementor-id=\"22\" class=\"elementor elementor-22\" data-elementor-post-type=\"page\">\n\t\t\t\t\t\t<section class=\"elementor-section elementor-top-section elementor-element elementor-element-6fe192c elementor-section-boxed elementor-section-height-default elementor-section-height-default\" data-id=\"6fe192c\" data-element_type=\"section\" data-e-type=\"section\">\n\t\t\t\t\t\t<div class=\"elementor-container elementor-column-gap-default\">\n\t\t\t\t\t<div class=\"elementor-column elementor-col-100 elementor-top-column elementor-element elementor-element-5043e95\" data-id=\"5043e95\" data-element_type=\"column\" data-e-type=\"column\">\n\t\t\t<div class=\"elementor-widget-wrap elementor-element-populated\">\n\t\t\t\t\t\t<div class=\"elementor-element elementor-element-74aa889 elementor-widget elementor-widget-text-editor\" data-id=\"74aa889\" data-element_type=\"widget\" data-e-type=\"widget\" data-widget_type=\"text-editor.default\">\n\t\t\t\t<div class=\"elementor-widget-container\">\n\t\t\t\t\t\t\t\t\t<h2 class=\"western\"><strong>Vadn\u00e9 zbo\u017e\u00ed nebo zbo\u017e\u00ed v rozporu se smlouvou<\/strong><\/h2>\n<p>P\u0159i p\u0159evzet\u00ed zkontrolujte stav z\u00e1silky. Reklamace po\u0161kozen\u00ed p\u0159i p\u0159eprav\u011b a nedodr\u017een\u00ed smlouvy bude posuzov\u00e1na na z\u00e1klad\u011b p\u00edsemn\u00e9ho protokolu o po\u0161kozen\u00ed\/nesrovnalostech v obsahu z\u00e1silky, vyhotoven\u00e9ho p\u0159i p\u0159evzet\u00ed zbo\u017e\u00ed za p\u0159\u00edtomnosti p\u0159epravce kur\u00fdrn\u00ed spole\u010dnosti. .<\/p>\n<p>Reklamovan\u00fd v\u00fdrobek n\u00e1m za\u0161lete na adresu provozovny:<\/p>\n<p><b>ePraktik Bartosz Zieli\u0144ski<\/b><br \/>ulice Talasiewicza 16<br \/>38-100 Strzy\u017c\u00f3w<br \/><br \/><\/p>\n<p>Kontaktujte n\u00e1s telefonicky\u00a0<strong>530 737 841\u00a0<\/strong>nebo e-mailem:\u00a0<a href=\"mailto:info@spasauna.pl\">info@spasauna.pl<\/a><br \/>Sken protokolu a reklama\u010dn\u00edho formul\u00e1\u0159e za\u0161lete na e-mailovou adresu:\u00a0<a href=\"mailto:info@spasauna.pl\">info@spasauna.pl<\/a><\/p>\t\t\t\t\t\t\t\t<\/div>\n\t\t\t\t<\/div>\n\t\t\t\t<div class=\"elementor-element elementor-element-a07b590 elementor-widget elementor-widget-heading\" data-id=\"a07b590\" data-element_type=\"widget\" data-e-type=\"widget\" data-widget_type=\"heading.default\">\n\t\t\t\t<div class=\"elementor-widget-container\">\n\t\t\t\t\t<span class=\"elementor-heading-title elementor-size-default\"><a href=\"http:\/\/spasauna.pl\/wp-content\/uploads\/2022\/06\/formularz-reklamacji-epraktyk.pdf\">Soubor ke sta\u017een\u00ed: ST\u00c1HNOUT<\/a><\/span>\t\t\t\t<\/div>\n\t\t\t\t<\/div>\n\t\t\t\t<div class=\"elementor-element elementor-element-3b05492 elementor-widget elementor-widget-text-editor\" data-id=\"3b05492\" data-element_type=\"widget\" data-e-type=\"widget\" data-widget_type=\"text-editor.default\">\n\t\t\t\t<div class=\"elementor-widget-container\">\n\t\t\t\t\t\t\t\t\t<h2 class=\"western\"><strong>Pr\u00e1vo na odstoupen\u00ed od smlouvy<\/strong><\/h2>\n<p>\u2022 Pokud nejste podnikatel, m\u00e1te pr\u00e1vo odstoupit od smlouvy uzav\u0159en\u00e9 prost\u0159ednictv\u00edm obchodu do 14 dn\u016f od doru\u010den\u00ed v\u011bci, a to bez ud\u00e1n\u00ed d\u016fvodu.<br \/>\u2022 Podm\u00ednkou pro uplatn\u011bn\u00ed pr\u00e1va na odstoupen\u00ed od smlouvy je p\u0159edlo\u017een\u00ed p\u0159\u00edslu\u0161n\u00e9ho prohl\u00e1\u0161en\u00ed Z\u00e1kazn\u00edkem p\u00edsemn\u011b nebo elektronicky prost\u0159ednictv\u00edm e-mailu.<br \/>\u2022 Prohl\u00e1\u0161en\u00ed o odstoupen\u00ed od smlouvy, \u010d\u00edslo bankovn\u00edho \u00fa\u010dtu, na kter\u00fd maj\u00ed b\u00fdt z\u00e1kazn\u00edkovi vr\u00e1ceny pen\u00edze a vr\u00e1cen\u00e9 zbo\u017e\u00ed, za\u0161lete na adresu:\u00a0<b>ePraktik Bartosz Zieli\u0144ski,\u00a0<\/b>ulice Talasiewicza 16, 38-100 Strzy\u017c\u00f3w.<br \/>\u2022 Pen\u00edze budou z\u00e1kazn\u00edkovi vr\u00e1ceny na j\u00edm uveden\u00fd bankovn\u00ed \u00fa\u010det, jeho\u017e \u010d\u00edslo p\u0159ilo\u017ete k zaslan\u00e9mu prohl\u00e1\u0161en\u00ed o odstoupen\u00ed od smlouvy.<br \/>\u2022 Formul\u00e1\u0159 m\u016f\u017eete odeslat na v\u00fd\u0161e uvedenou po\u0161tovn\u00ed adresu nebo e-mailovou adresu:\u00a0<a href=\"mailto:info@spasauna.pl\">info@spasauna.pl<\/a><\/p>\t\t\t\t\t\t\t\t<\/div>\n\t\t\t\t<\/div>\n\t\t\t\t<div class=\"elementor-element elementor-element-1521495 elementor-widget elementor-widget-heading\" data-id=\"1521495\" data-element_type=\"widget\" data-e-type=\"widget\" data-widget_type=\"heading.default\">\n\t\t\t\t<div class=\"elementor-widget-container\">\n\t\t\t\t\t<span class=\"elementor-heading-title elementor-size-default\"><a href=\"http:\/\/spasauna.pl\/wp-content\/uploads\/2022\/06\/prawo-odstapienia-od-umowy-epraktyk.pdf\">P\u0159\u00edloha \u010d. 1 Pr\u00e1vo na odstoupen\u00ed od smlouvy: ST\u00c1HNOUT<\/a><\/span>\t\t\t\t<\/div>\n\t\t\t\t<\/div>\n\t\t\t\t<div class=\"elementor-element elementor-element-8ae906c elementor-widget elementor-widget-heading\" data-id=\"8ae906c\" data-element_type=\"widget\" data-e-type=\"widget\" data-widget_type=\"heading.default\">\n\t\t\t\t<div class=\"elementor-widget-container\">\n\t\t\t\t\t<span class=\"elementor-heading-title elementor-size-default\"><a href=\"http:\/\/spasauna.pl\/wp-content\/uploads\/2022\/06\/formularz-odstapienia-od-umowy-e-praktyk.pdf\">P\u0159\u00edloha \u010d. 2 Formul\u00e1\u0159 pro odstoupen\u00ed od smlouvy: KE STA\u017dEN\u00cd<\/a><\/span>\t\t\t\t<\/div>\n\t\t\t\t<\/div>\n\t\t\t\t\t<\/div>\n\t\t<\/div>\n\t\t\t\t\t<\/div>\n\t\t<\/section>\n\t\t\t\t<\/div>","protected":false},"excerpt":{"rendered":"<p>Vadn\u00e9 zbo\u017e\u00ed nebo nesoulad se smlouvou Po p\u0159evzet\u00ed zkontrolujte stav z\u00e1silky. Reklamace t\u00fdkaj\u00edc\u00ed se po\u0161kozen\u00ed b\u011bhem p\u0159epravy a nesouladu se smlouvou budou posuzov\u00e1ny na z\u00e1klad\u011b p\u00edsemn\u00e9ho protokolu o po\u0161kozen\u00ed\/nesrovnalostech v obsahu z\u00e1silky, vyhotoven\u00e9ho p\u0159i p\u0159evzet\u00ed zbo\u017e\u00ed za p\u0159\u00edtomnosti dopravce kur\u00fdrn\u00ed spole\u010dnosti. Reklamovan\u00fd produkt n\u00e1m za\u0161lete na adresu prodejny: ePraktyk Bartosz Zieli\u0144skiul. Talasiewicza 1638-100 Strzy\u017c\u00f3w Kontakt [\u2026]<\/p>","protected":false},"author":1,"featured_media":0,"parent":0,"menu_order":0,"comment_status":"closed","ping_status":"closed","template":"","meta":{"site-sidebar-layout":"default","site-content-layout":"default","ast-site-content-layout":"","site-content-style":"default","site-sidebar-style":"default","ast-global-header-display":"","ast-banner-title-visibility":"","ast-main-header-display":"","ast-hfb-above-header-display":"","ast-hfb-below-header-display":"","ast-hfb-mobile-header-display":"","site-post-title":"disabled","ast-breadcrumbs-content":"","ast-featured-img":"","footer-sml-layout":"","theme-transparent-header-meta":"default","adv-header-id-meta":"","stick-header-meta":"","header-above-stick-meta":"","header-main-stick-meta":"","header-below-stick-meta":"","astra-migrate-meta-layouts":"default","ast-page-background-enabled":"default","ast-page-background-meta":{"desktop":{"background-color":"var(--ast-global-color-4)","background-image":"","background-repeat":"repeat","background-position":"center center","background-size":"auto","background-attachment":"scroll","background-type":"","background-media":"","overlay-type":"","overlay-color":"","overlay-opacity":"","overlay-gradient":""},"tablet":{"background-color":"","background-image":"","background-repeat":"repeat","background-position":"center center","background-size":"auto","background-attachment":"scroll","background-type":"","background-media":"","overlay-type":"","overlay-color":"","overlay-opacity":"","overlay-gradient":""},"mobile":{"background-color":"","background-image":"","background-repeat":"repeat","background-position":"center center","background-size":"auto","background-attachment":"scroll","background-type":"","background-media":"","overlay-type":"","overlay-color":"","overlay-opacity":"","overlay-gradient":""}},"ast-content-background-meta":{"desktop":{"background-color":"var(--ast-global-color-5)","background-image":"","background-repeat":"repeat","background-position":"center center","background-size":"auto","background-attachment":"scroll","background-type":"","background-media":"","overlay-type":"","overlay-color":"","overlay-opacity":"","overlay-gradient":""},"tablet":{"background-color":"var(--ast-global-color-5)","background-image":"","background-repeat":"repeat","background-position":"center center","background-size":"auto","background-attachment":"scroll","background-type":"","background-media":"","overlay-type":"","overlay-color":"","overlay-opacity":"","overlay-gradient":""},"mobile":{"background-color":"var(--ast-global-color-5)","background-image":"","background-repeat":"repeat","background-position":"center center","background-size":"auto","background-attachment":"scroll","background-type":"","background-media":"","overlay-type":"","overlay-color":"","overlay-opacity":"","overlay-gradient":""}},"footnotes":""},"class_list":["post-22","page","type-page","status-publish","hentry"],"_links":{"self":[{"href":"https:\/\/spasauna.pl\/cs\/wp-json\/wp\/v2\/pages\/22","targetHints":{"allow":["GET"]}}],"collection":[{"href":"https:\/\/spasauna.pl\/cs\/wp-json\/wp\/v2\/pages"}],"about":[{"href":"https:\/\/spasauna.pl\/cs\/wp-json\/wp\/v2\/types\/page"}],"author":[{"embeddable":true,"href":"https:\/\/spasauna.pl\/cs\/wp-json\/wp\/v2\/users\/1"}],"replies":[{"embeddable":true,"href":"https:\/\/spasauna.pl\/cs\/wp-json\/wp\/v2\/comments?post=22"}],"version-history":[{"count":0,"href":"https:\/\/spasauna.pl\/cs\/wp-json\/wp\/v2\/pages\/22\/revisions"}],"wp:attachment":[{"href":"https:\/\/spasauna.pl\/cs\/wp-json\/wp\/v2\/media?parent=22"}],"curies":[{"name":"wp","href":"https:\/\/api.w.org\/{rel}","templated":true}]}}