{"id":51,"date":"2022-05-04T14:49:14","date_gmt":"2022-05-04T12:49:14","guid":{"rendered":"http:\/\/spasauna.pl\/?page_id=51"},"modified":"2022-06-03T22:35:47","modified_gmt":"2022-06-03T20:35:47","slug":"polityka-korzystania-ze-strony","status":"publish","type":"page","link":"https:\/\/spasauna.pl\/ar\/\u0633\u064a\u0627\u0633\u0629-\u0627\u0633\u062a\u062e\u062f\u0627\u0645-\u0627\u0644\u0645\u0648\u0642\u0639\/","title":{"rendered":"\u0633\u064a\u0627\u0633\u0629 \u0627\u0633\u062a\u062e\u062f\u0627\u0645 \u0627\u0644\u0645\u0648\u0642\u0639"},"content":{"rendered":"<div data-elementor-type=\"wp-page\" data-elementor-id=\"51\" class=\"elementor elementor-51\" data-elementor-post-type=\"page\">\n\t\t\t\t\t\t<section class=\"elementor-section elementor-top-section elementor-element elementor-element-a383cd6 elementor-section-boxed elementor-section-height-default elementor-section-height-default\" data-id=\"a383cd6\" data-element_type=\"section\" data-e-type=\"section\">\n\t\t\t\t\t\t<div class=\"elementor-container elementor-column-gap-default\">\n\t\t\t\t\t<div class=\"elementor-column elementor-col-100 elementor-top-column elementor-element elementor-element-00ff724\" data-id=\"00ff724\" data-element_type=\"column\" data-e-type=\"column\">\n\t\t\t<div class=\"elementor-widget-wrap elementor-element-populated\">\n\t\t\t\t\t\t<div class=\"elementor-element elementor-element-c4fff0c elementor-widget elementor-widget-text-editor\" data-id=\"c4fff0c\" data-element_type=\"widget\" data-e-type=\"widget\" data-widget_type=\"text-editor.default\">\n\t\t\t\t<div class=\"elementor-widget-container\">\n\t\t\t\t\t\t\t\t\t<h2 class=\"western\"><strong>\u0633\u064a\u0627\u0633\u0629 \u0627\u0633\u062a\u062e\u062f\u0627\u0645 \u0627\u0644\u0645\u0648\u0642\u0639<\/strong><\/h2><p>\u0627\u0644\u0648\u0635\u0648\u0644 \u0625\u0644\u0649 \u0645\u0648\u0642\u0639 \u0627\u0644\u0645\u062a\u062c\u0631 \u0648\u0627\u0633\u062a\u062e\u062f\u0627\u0645\u0647\u00a0<a href=\"http:\/\/epraktyk.pl\/\" target=\"_blank\" rel=\"noopener\"><b>epraktyk.pl<\/b><\/a>\u00a0\u064a\u062a\u0645 \u0648\u0641\u0642\u064b\u0627 \u0644\u0644\u0634\u0631\u0648\u0637 \u0648\u0627\u0644\u0623\u062d\u0643\u0627\u0645 \u0627\u0644\u062a\u0627\u0644\u064a\u0629. \u0648\u0645\u0646 \u062e\u0644\u0627\u0644 \u0627\u0644\u062f\u062e\u0648\u0644 \u0625\u0644\u0649 \u0645\u0648\u0642\u0639 \u0627\u0644\u0645\u062a\u062c\u0631 \u0648\u0627\u0633\u062a\u062e\u062f\u0627\u0645\u0647\u060c \u064a\u0648\u0627\u0641\u0642 \u0627\u0644\u0645\u0633\u062a\u062e\u062f\u0645 \u0639\u0644\u0649 \u0627\u0644\u0642\u0648\u0627\u0639\u062f \u0627\u0644\u0645\u0639\u0645\u0648\u0644 \u0628\u0647\u0627.<\/p><p>\u0635\u0627\u062d\u0628 \u0627\u0644\u0645\u062a\u062c\u0631 \u0647\u0648 :<\/p><p><br \/><b>\u0627\u0644\u0645\u0645\u0627\u0631\u0633 \u0627\u0644\u0625\u0644\u0643\u062a\u0631\u0648\u0646\u064a \u0628\u0627\u0631\u062a\u0648\u0634 \u0632\u064a\u0644\u064a\u0646\u0633\u0643\u064a<\/b><br \/>\u0634\u0627\u0631\u0639 \u062a\u0627\u0644\u0627\u0633\u064a\u0641\u064a\u062a\u0634\u0627 16<br \/>38-100 \u0633\u062a\u0631\u0632\u064a\u0632\u0648\u0641<\/p><p>\u0642\u062f \u064a\u062a\u0645 \u062a\u062d\u062f\u064a\u062b \u0648\u062a\u063a\u064a\u064a\u0631 \u0634\u0631\u0648\u0637 \u0627\u0633\u062a\u062e\u062f\u0627\u0645 \u0627\u0644\u0645\u0648\u0642\u0639 \u0645\u0646 \u0642\u0628\u0644 \u0627\u0644\u0634\u0631\u0643\u0629\u00a0<b>\u0645\u0645\u0627\u0631\u0633 \u0625\u0644\u0643\u062a\u0631\u0648\u0646\u064a\u00a0<\/b>\u0641\u064a \u0623\u064a \u0648\u0642\u062a\u060c \u062f\u0648\u0646 \u0625\u0634\u0639\u0627\u0631 \u0645\u0633\u0628\u0642. \u0639\u0646\u062f \u0627\u0644\u062f\u062e\u0648\u0644 \u0625\u0644\u0649 \u0645\u0648\u0642\u0639 \u0627\u0644\u0645\u062a\u062c\u0631\u060c \u064a\u0644\u062a\u0632\u0645 \u0627\u0644\u0645\u0633\u062a\u062e\u062f\u0645 \u0628\u0642\u0631\u0627\u0621\u0629 \u0627\u0644\u0642\u0648\u0627\u0639\u062f \u0627\u0644\u062d\u0627\u0644\u064a\u0629 \u0644\u0627\u0633\u062a\u062e\u062f\u0627\u0645 \u0627\u0644\u0645\u0648\u0642\u0639\u060c \u0648\u0627\u0644\u062a\u064a \u0643\u0627\u0646\u062a \u0633\u0627\u0631\u064a\u0629 \u0648\u0642\u062a \u0646\u0634\u0631\u0647\u0627 \u0639\u0644\u0649 \u0627\u0644\u0645\u0648\u0642\u0639. \u0642\u0631\u0627\u0621\u062a\u0647\u0627 \u0647\u0648 \u0628\u0645\u062b\u0627\u0628\u0629 \u0642\u0628\u0648\u0644\u0647\u0627.<br \/><br \/><\/p><h2 class=\"western\"><strong>\u0627\u0644\u0642\u0648\u0627\u0639\u062f \u0627\u0644\u0639\u0627\u0645\u0629 \u0644\u0644\u0627\u0633\u062a\u062e\u062f\u0627\u0645<\/strong><\/h2><p>\u064a\u0644\u062a\u0632\u0645 \u0627\u0644\u0645\u0633\u062a\u062e\u062f\u0645 \u0628\u0645\u0627 \u064a\u0644\u064a:<br \/><br \/>\u2022 \u0627\u0633\u062a\u062e\u062f\u0627\u0645 \u0645\u0648\u0642\u0639 \u0627\u0644\u0648\u064a\u0628 \u0648\u0641\u0642\u064b\u0627 \u0644\u0644\u0634\u0631\u0648\u0637 \u0648\u0627\u0644\u0623\u062d\u0643\u0627\u0645 \u0648\u0627\u0644\u0642\u0627\u0646\u0648\u0646 \u0627\u0644\u0645\u0639\u0645\u0648\u0644 \u0628\u0647 \u0641\u064a \u0628\u0648\u0644\u0646\u062f\u0627 \u0648\u0627\u0644\u0648\u0644\u0627\u064a\u0627\u062a \u0627\u0644\u0642\u0636\u0627\u0626\u064a\u0629 \u0627\u0644\u062a\u064a \u062a\u0642\u064a\u0645 \u0641\u064a\u0647\u0627 \u0639\u0646\u062f \u0627\u0644\u0648\u0635\u0648\u0644 \u0625\u0644\u0649 \u0645\u0648\u0642\u0639 \u0627\u0644\u0648\u064a\u0628\u060c<br \/>\u2022 \u062a\u0648\u0641\u064a\u0631 \u0645\u0639\u0644\u0648\u0645\u0627\u062a \u0635\u062d\u064a\u062d\u0629 \u0648\u062f\u0642\u064a\u0642\u0629 \u0648\u062d\u062f\u064a\u062b\u0629\u060c<br \/>\u2022 \u0639\u062f\u0645 \u0627\u0644\u0643\u0634\u0641 \u0639\u0646 \u0628\u064a\u0627\u0646\u0627\u062a \u063a\u064a\u0631 \u0642\u0627\u0646\u0648\u0646\u064a\u0629 \u0623\u0648 \u0643\u0627\u0630\u0628\u0629\u060c<br \/>\u2022 \u0639\u062f\u0645 \u0648\u0636\u0639 \u0639\u0644\u0649 \u0645\u0648\u0642\u0639 \u0627\u0644\u0645\u062a\u062c\u0631 \u0623\u0648 \u0646\u0642\u0644 \u0623\u0648 \u0646\u0634\u0631 \u0645\u0646 \u062e\u0644\u0627\u0644\u0647 \u0645\u0639\u0644\u0648\u0645\u0627\u062a \u0636\u0627\u0631\u0629 \u0623\u0648 \u0645\u0628\u062a\u0630\u0644\u0629 \u0623\u0648 \u0639\u0646\u0635\u0631\u064a\u0629 \u0623\u0648 \u0623\u064a \u0645\u0639\u0644\u0648\u0645\u0627\u062a \u0623\u062e\u0631\u0649 \u063a\u064a\u0631 \u0642\u0627\u0646\u0648\u0646\u064a\u0629 \u0623\u0648 \u0645\u0647\u064a\u0646\u0629 \u0623\u0648 \u062a\u0646\u062a\u0647\u0643 \u062d\u0642\u0648\u0642 \u0627\u0644\u063a\u064a\u0631 (\u0627\u0644\u062d\u0642\u0648\u0642 \u0627\u0644\u0634\u062e\u0635\u064a\u0629\u060c \u062d\u0642\u0648\u0642 \u0627\u0644\u0645\u0644\u0643\u064a\u0629 \u0627\u0644\u0641\u0643\u0631\u064a\u0629).<br \/><br \/><\/p><h2 class=\"western\"><strong>\u0642\u0648\u0627\u0639\u062f \u0645\u0634\u0627\u0631\u0643\u0629 \u0627\u0644\u0635\u0641\u062d\u0629<\/strong><\/h2><p>\u064a\u062d\u0642 \u0644\u0645\u0627\u0644\u0643 \u0627\u0644\u0645\u0648\u0642\u0639 \u0641\u064a \u0623\u064a \u0648\u0642\u062a\u060c \u062f\u0648\u0646 \u0625\u0634\u0639\u0627\u0631 \u0645\u0633\u0628\u0642\u060c \u0627\u0644\u0642\u064a\u0627\u0645 \u0628\u0645\u0627 \u064a\u0644\u064a:<br \/><br \/>\u2022 \u0627\u0644\u0625\u063a\u0644\u0627\u0642 \u0627\u0644\u0643\u0627\u0645\u0644 \u0623\u0648 \u0627\u0644\u062c\u0632\u0626\u064a \u0623\u0648 \u0627\u0644\u062a\u0639\u062f\u064a\u0644\u060c<br \/>\u2022 \u062a\u0639\u0644\u064a\u0642 \u062c\u0645\u064a\u0639 \u0627\u0644\u062e\u062f\u0645\u0627\u062a \u0648\u0627\u0644\u0645\u0646\u062a\u062c\u0627\u062a \u0623\u0648 \u062e\u062f\u0645\u0627\u062a \u0645\u0639\u064a\u0646\u0629 \u0623\u0648<br \/>\u2022 \u0625\u0632\u0627\u0644\u0629 \u0627\u0644\u0628\u0636\u0627\u0626\u0639 \u0648\u0627\u0644\u0639\u0631\u0648\u0636 \u0627\u0644\u062a\u0631\u0648\u064a\u062c\u064a\u0629 \u0645\u0646\u0647\u060c<br \/>\u2022 \u0631\u0641\u0636 \u0627\u0644\u062f\u062e\u0648\u0644 \u0625\u0644\u0649 \u0627\u0644\u0645\u0648\u0642\u0639 \u0641\u064a \u062d\u0627\u0644\u0629 \u0627\u0646\u062a\u0647\u0627\u0643 \u0627\u0644\u0645\u0633\u062a\u062e\u062f\u0645 \u0644\u0623\u064a \u0645\u0646 \u0642\u0648\u0627\u0639\u062f \u0627\u0633\u062a\u062e\u062f\u0627\u0645 \u0627\u0644\u0645\u0648\u0642\u0639 \u0623\u0648 \u0633\u064a\u0627\u0633\u0629 \u0627\u0644\u062e\u0635\u0648\u0635\u064a\u0629\u060c<br \/>\u2022 \u0627\u0644\u0625\u0628\u0644\u0627\u063a \u0639\u0646 \u062d\u0627\u0644\u0627\u062a \u0627\u0646\u062a\u0647\u0627\u0643 \u0627\u0644\u0623\u0646\u0638\u0645\u0629 (\u0628\u0645\u0627 \u0641\u064a \u0630\u0644\u0643 \u0627\u0644\u062c\u0631\u0627\u0626\u0645 \u0636\u062f \u0623\u0645\u0646 \u0627\u0644\u0645\u0639\u0644\u0648\u0645\u0627\u062a \u0648\u0627\u0644\u062e\u0635\u0648\u0635\u064a\u0629)\u060c \u0645\u0639 \u062a\u0648\u0641\u064a\u0631 \u0647\u0648\u064a\u0629 \u0627\u0644\u0645\u0633\u062a\u062e\u062f\u0645.<br \/><br \/><\/p><h2 class=\"western\"><strong>\u062d\u0642 \u0627\u0644\u0645\u0624\u0644\u0641 \u0648\u0627\u0644\u0645\u0644\u0643\u064a\u0629 \u0627\u0644\u0641\u0643\u0631\u064a\u0629<\/strong><\/h2><p>\u062c\u0645\u064a\u0639 \u0627\u0644\u0635\u0648\u0631 \u0648\u0627\u0644\u0639\u0646\u0627\u0635\u0631 \u0627\u0644\u0631\u0633\u0648\u0645\u064a\u0629 \u0648\u0627\u0644\u0623\u064a\u0642\u0648\u0646\u0627\u062a \u0648\u0627\u0644\u0646\u0635\u0648\u0635\u060c \u0628\u0627\u0644\u0625\u0636\u0627\u0641\u0629 \u0625\u0644\u0649 \u0627\u062e\u062a\u064a\u0627\u0631 \u0648\u062a\u0631\u062a\u064a\u0628 \u0648\u062a\u0646\u0638\u064a\u0645 \u0627\u0644\u0639\u0646\u0627\u0635\u0631 \u0627\u0644\u0645\u0630\u0643\u0648\u0631\u0629 \u0623\u0639\u0644\u0627\u0647 \u0639\u0644\u0649 \u0627\u0644\u0645\u0648\u0642\u0639 \u0627\u0644\u0625\u0644\u0643\u062a\u0631\u0648\u0646\u064a \u062a\u062e\u0636\u0639 \u0644\u062d\u0642\u0648\u0642 \u0627\u0644\u0637\u0628\u0639 \u0648\u0627\u0644\u0646\u0634\u0631 \u0648\u062d\u0642\u0648\u0642 \u0627\u0644\u0645\u0644\u0643\u064a\u0629 \u0627\u0644\u0641\u0643\u0631\u064a\u0629. \u064a\u0634\u0643\u0644 \u0627\u0644\u0627\u0633\u062a\u062e\u062f\u0627\u0645 \u063a\u064a\u0631 \u0627\u0644\u0642\u0627\u0646\u0648\u0646\u064a \u0644\u0644\u0645\u0648\u0627\u062f \u0627\u0644\u0645\u0648\u062c\u0648\u062f\u0629 \u0641\u064a \u0627\u0644\u0645\u0648\u0642\u0639 \u0627\u0644\u0625\u0644\u0643\u062a\u0631\u0648\u0646\u064a \u0627\u0646\u062a\u0647\u0627\u0643\u064b\u0627 \u0644\u062d\u0642\u0648\u0642 \u0635\u0627\u062d\u0628 \u0627\u0644\u0645\u062a\u062c\u0631\u060c \u0648\u0627\u0644\u0630\u064a \u064a\u062c\u0648\u0632 \u0644\u0647 \u0645\u062a\u0627\u0628\u0639\u0629 \u0623\u064a \u0645\u0637\u0627\u0644\u0628\u0627\u062a \u0641\u064a \u0647\u0630\u0627 \u0627\u0644\u0635\u062f\u062f. \u064a\u062d\u0638\u0631 \u0646\u0633\u062e \u0623\u0648 \u062a\u0639\u062f\u064a\u0644 \u0627\u0644\u0646\u0635\u0648\u0635 \u0648\u0627\u0644\u0635\u0648\u0631 \u0645\u0646 \u0627\u0644\u0645\u0648\u0642\u0639 \u062c\u0632\u0626\u064a\u0627 \u0623\u0648 \u0643\u0644\u064a\u0627 \u062f\u0648\u0646 \u0645\u0648\u0627\u0641\u0642\u0629 \u0643\u062a\u0627\u0628\u064a\u0629. \u0648\u064a\u062d\u0638\u0631 \u0623\u064a\u0636\u064b\u0627 \u0627\u0633\u062a\u062e\u062f\u0627\u0645 \u0627\u0644\u0645\u0648\u0627\u062f \u0644\u0623\u063a\u0631\u0627\u0636 \u062a\u062c\u0627\u0631\u064a\u0629\u060c \u0628\u0645\u0627 \u0641\u064a \u0630\u0644\u0643 \u0625\u062a\u0627\u062d\u062a\u0647\u0627 \u0644\u0623\u0637\u0631\u0627\u0641 \u062b\u0627\u0644\u062b\u0629. \u064a\u0645\u0643\u0646\u0643 \u0627\u0633\u062a\u062e\u062f\u0627\u0645 \u0627\u0644\u0645\u0648\u0627\u062f \u0627\u0644\u0645\u0646\u0634\u0648\u0631\u0629 \u0641\u064a \u0627\u0644\u0645\u062a\u062c\u0631 \u0644\u0644\u0627\u0633\u062a\u062e\u062f\u0627\u0645 \u0627\u0644\u0634\u062e\u0635\u064a \u0641\u0642\u0637 (\u0642\u0631\u0627\u0621\u0629 \u0627\u0644\u0639\u0631\u0636\u060c \u0627\u0633\u062a\u062e\u062f\u0627\u0645 \u0627\u0644\u062f\u0644\u064a\u0644).<br \/><br \/><\/p><h2 class=\"western\"><strong>\u0627\u0644\u0642\u0627\u0646\u0648\u0646 \u0627\u0644\u0645\u0639\u0645\u0648\u0644 \u0628\u0647 \u0648\u0627\u0644\u0627\u062e\u062a\u0635\u0627\u0635 \u0627\u0644\u0642\u0636\u0627\u0626\u064a<\/strong><\/h2><p>\u064a\u062a\u0645 \u062a\u0642\u062f\u064a\u0645 \u0642\u0648\u0627\u0639\u062f \u0627\u0633\u062a\u062e\u062f\u0627\u0645 \u0627\u0644\u0645\u0648\u0642\u0639\u00a0<b>epraktyk.pl\u00a0<\/b>\u0633\u064a\u062a\u0645 \u062a\u0641\u0633\u064a\u0631\u0647\u0627 \u0648\u0641\u0642\u064b\u0627 \u0644\u0644\u0642\u0627\u0646\u0648\u0646 \u0627\u0644\u0628\u0648\u0644\u0646\u062f\u064a. \u0648\u0641\u064a \u062d\u0627\u0644\u0629 \u0648\u062c\u0648\u062f \u0623\u064a \u0646\u0632\u0627\u0639 \u0623\u0648 \u0645\u0637\u0627\u0644\u0628\u0629 \u062a\u062a\u0639\u0644\u0642 \u0628\u0647\u0645\u060c \u0641\u0633\u064a\u062a\u0645 \u0627\u0644\u0627\u0633\u062a\u0645\u0627\u0639 \u0625\u0644\u064a\u0647\u0645 \u062d\u0635\u0631\u064a\u064b\u0627 \u0623\u0645\u0627\u0645 \u0627\u0644\u0645\u062d\u0627\u0643\u0645 \u0627\u0644\u0639\u0627\u0645\u0629 \u0627\u0644\u0628\u0648\u0644\u0646\u062f\u064a\u0629.<br \/><br \/><\/p><h2 class=\"western\"><strong>\u0633\u064a\u0627\u0633\u0629 \u0627\u0644\u062e\u0635\u0648\u0635\u064a\u0629 \u0648\u0645\u0644\u0641\u0627\u062a \u062a\u0639\u0631\u064a\u0641 \u0627\u0644\u0627\u0631\u062a\u0628\u0627\u0637<\/strong><\/h2><p>\u0646\u062d\u0646 \u0646\u0636\u0645\u0646 \u0633\u0631\u064a\u0629 \u0627\u0644\u0628\u064a\u0627\u0646\u0627\u062a \u0627\u0644\u0634\u062e\u0635\u064a\u0629 \u0644\u062c\u0645\u064a\u0639 \u0627\u0644\u0645\u0633\u062a\u062e\u062f\u0645\u064a\u0646. \u064a\u062a\u0645 \u0627\u0644\u062a\u0639\u0627\u0645\u0644 \u0645\u0639\u0647\u0627 \u0639\u0644\u0649 \u0623\u0646\u0647\u0627 \u0633\u0631\u064a\u0629\u060c \u0644\u0630\u0644\u0643 \u064a\u0642\u0648\u0645 \u0627\u0644\u0645\u062a\u062c\u0631 \u0628\u062a\u062e\u0632\u064a\u0646\u0647\u0627\u060c \u0645\u0639 \u062a\u0637\u0628\u064a\u0642 \u0627\u0644\u0642\u0648\u0627\u0639\u062f \u0648\u0627\u0644\u062a\u062f\u0627\u0628\u064a\u0631 \u0627\u0644\u0623\u0645\u0646\u064a\u0629\u060c \u0648\u0641\u0642\u064b\u0627 \u0644\u0645\u062a\u0637\u0644\u0628\u0627\u062a \u0642\u0627\u0646\u0648\u0646 \u062d\u0645\u0627\u064a\u0629 \u0627\u0644\u0628\u064a\u0627\u0646\u0627\u062a \u0627\u0644\u0634\u062e\u0635\u064a\u0629\u060c \u0648\u062a\u0648\u0641\u064a\u0631 \u0627\u0644\u062e\u062f\u0645\u0627\u062a \u0627\u0644\u0625\u0644\u0643\u062a\u0631\u0648\u0646\u064a\u0629\u060c \u0648\u0644\u0627\u0626\u062d\u0629 \u062a\u0648\u062b\u064a\u0642 \u0645\u0639\u0627\u0644\u062c\u0629 \u0627\u0644\u0628\u064a\u0627\u0646\u0627\u062a \u0627\u0644\u0634\u062e\u0635\u064a\u0629 \u0648\u0627\u0644\u0634\u0631\u0648\u0637 \u0627\u0644\u0641\u0646\u064a\u0629 \u0648\u0627\u0644\u062a\u0646\u0638\u064a\u0645\u064a\u0629 \u0627\u0644\u0648\u0627\u062c\u0628 \u062a\u0648\u0627\u0641\u0631\u0647\u0627 \u0641\u064a \u0627\u0644\u0623\u062c\u0647\u0632\u0629 \u0648\u0623\u0646\u0638\u0645\u0629 \u062a\u0643\u0646\u0648\u0644\u0648\u062c\u064a\u0627 \u0627\u0644\u0645\u0639\u0644\u0648\u0645\u0627\u062a. \u064a\u0645\u0643\u0646 \u0627\u0644\u0639\u062b\u0648\u0631 \u0639\u0644\u0649 \u0645\u0632\u064a\u062f \u0645\u0646 \u0627\u0644\u0645\u0639\u0644\u0648\u0645\u0627\u062a \u0639\u0644\u0649:\u00a0<a href=\"https:\/\/epraktyk.pl\/polityka-prywatnosci-i-cookies\" target=\"_blank\" rel=\"noopener\">\u0633\u064a\u0627\u0633\u0629 \u0627\u0644\u062e\u0635\u0648\u0635\u064a\u0629 \u0648\u0645\u0644\u0641\u0627\u062a \u062a\u0639\u0631\u064a\u0641 \u0627\u0644\u0627\u0631\u062a\u0628\u0627\u0637<\/a>.<\/p><p>\u0642\u0628\u0648\u0644 \u0634\u0631\u0648\u0637 \u0627\u0644\u0627\u0633\u062a\u062e\u062f\u0627\u0645 \u0647\u0630\u0647 \u0645\u0646 \u0642\u0628\u0644 \u0627\u0644\u0645\u0633\u062a\u062e\u062f\u0645 \u064a\u0639\u0646\u064a \u0623\u0646\u0647\u0627 \u062a\u0635\u0628\u062d \u0645\u0644\u0632\u0645\u0629 \u0644\u0647 \u0648\u0644ePraktyk. \u0623\u0646\u062a \u062a\u0639\u0644\u0646\u060c \u062f\u0648\u0646 \u062a\u062d\u0641\u0638\u060c \u0623\u0646\u0643 \u0644\u0646 \u062a\u0639\u062a\u0631\u0636 \u0639\u0644\u0649 \u0635\u062d\u0629 \u0648\u0642\u0627\u0628\u0644\u064a\u0629 \u062a\u0646\u0641\u064a\u0630 \u0634\u0631\u0648\u0637 \u0627\u0644\u0627\u0633\u062a\u062e\u062f\u0627\u0645 \u0647\u0630\u0647.<br \/><br \/><\/p><h2 class=\"western\"><strong>\u062e\u062f\u0645\u0629 \u0627\u0644\u0639\u0645\u0644\u0627\u0621 \u0648\u062a\u0641\u0627\u0635\u064a\u0644 \u0627\u0644\u0627\u062a\u0635\u0627\u0644<\/strong><\/h2><p><b>\u0627\u0644\u0645\u0645\u0627\u0631\u0633 \u0627\u0644\u0625\u0644\u0643\u062a\u0631\u0648\u0646\u064a \u0628\u0627\u0631\u062a\u0648\u0634 \u0632\u064a\u0644\u064a\u0646\u0633\u0643\u064a<\/b><br \/>\u0634\u0627\u0631\u0639 \u062a\u0627\u0644\u0627\u0633\u064a\u0641\u064a\u062a\u0634\u0627 16<br \/>38-100 \u0633\u062a\u0631\u0632\u064a\u0632\u0648\u0641<\/p><p><strong>\u0647\u0627\u062a\u0641:\u00a0<\/strong>+48 530 737 841<br \/><strong>\u0639\u0646\u0648\u0627\u0646 \u0627\u0644\u0628\u0631\u064a\u062f \u0627\u0644\u0625\u0644\u0643\u062a\u0631\u0648\u0646\u064a:\u00a0<\/strong><a href=\"mailto:info@spasauna.pl\">info@spasauna.pl<\/a><\/p>\t\t\t\t\t\t\t\t<\/div>\n\t\t\t\t<\/div>\n\t\t\t\t\t<\/div>\n\t\t<\/div>\n\t\t\t\t\t<\/div>\n\t\t<\/section>\n\t\t\t\t<\/div>","protected":false},"excerpt":{"rendered":"<p>\u0633\u064a\u0627\u0633\u0629 \u0627\u0633\u062a\u062e\u062f\u0627\u0645 \u0627\u0644\u0645\u0648\u0642\u0639 \u0627\u0644\u0625\u0644\u0643\u062a\u0631\u0648\u0646\u064a: \u064a\u062e\u0636\u0639 \u062f\u062e\u0648\u0644 \u0648\u0627\u0633\u062a\u062e\u062f\u0627\u0645 \u0645\u0648\u0642\u0639 \u0645\u062a\u062c\u0631 epraktyk.pl \u0644\u0644\u0634\u0631\u0648\u0637 \u0648\u0627\u0644\u0623\u062d\u0643\u0627\u0645 \u0627\u0644\u062a\u0627\u0644\u064a\u0629. \u0628\u062f\u062e\u0648\u0644 \u0627\u0644\u0645\u0633\u062a\u062e\u062f\u0645 \u0625\u0644\u0649 \u0645\u0648\u0642\u0639 \u0627\u0644\u0645\u062a\u062c\u0631 \u0648\u0627\u0633\u062a\u062e\u062f\u0627\u0645\u0647\u060c \u064a\u064f\u0648\u0627\u0641\u0642 \u0639\u0644\u0649 \u0627\u0644\u0642\u0648\u0627\u0639\u062f \u0627\u0644\u0645\u0639\u0645\u0648\u0644 \u0628\u0647\u0627. \u0645\u0627\u0644\u0643 \u0627\u0644\u0645\u062a\u062c\u0631 \u0647\u0648: ePraktyk Bartosz Zieli\u0144skiul. Talasiewicza 1638-100 Strzy\u017c\u00f3w. \u0642\u062f \u062a\u064f\u062d\u062f\u0651\u062b ePraktyk \u0634\u0631\u0648\u0637 \u0627\u0633\u062a\u062e\u062f\u0627\u0645 \u0627\u0644\u0645\u0648\u0642\u0639 \u0627\u0644\u0625\u0644\u0643\u062a\u0631\u0648\u0646\u064a \u0648\u062a\u064f\u063a\u064a\u0651\u0631\u0647\u0627 \u0641\u064a \u0623\u064a \u0648\u0642\u062a\u060c \u062f\u0648\u0646 \u0625\u0634\u0639\u0627\u0631 \u0645\u064f\u0633\u0628\u0642. \u0628\u062f\u062e\u0648\u0644\u0643 [...]<\/p>","protected":false},"author":1,"featured_media":0,"parent":0,"menu_order":0,"comment_status":"closed","ping_status":"closed","template":"","meta":{"site-sidebar-layout":"no-sidebar","site-content-layout":"page-builder","ast-site-content-layout":"","site-content-style":"default","site-sidebar-style":"default","ast-global-header-display":"","ast-banner-title-visibility":"","ast-main-header-display":"","ast-hfb-above-header-display":"","ast-hfb-below-header-display":"","ast-hfb-mobile-header-display":"","site-post-title":"disabled","ast-breadcrumbs-content":"","ast-featured-img":"disabled","footer-sml-layout":"","theme-transparent-header-meta":"default","adv-header-id-meta":"","stick-header-meta":"","header-above-stick-meta":"","header-main-stick-meta":"","header-below-stick-meta":"","astra-migrate-meta-layouts":"default","ast-page-background-enabled":"default","ast-page-background-meta":{"desktop":{"background-color":"var(--ast-global-color-4)","background-image":"","background-repeat":"repeat","background-position":"center center","background-size":"auto","background-attachment":"scroll","background-type":"","background-media":"","overlay-type":"","overlay-color":"","overlay-opacity":"","overlay-gradient":""},"tablet":{"background-color":"","background-image":"","background-repeat":"repeat","background-position":"center center","background-size":"auto","background-attachment":"scroll","background-type":"","background-media":"","overlay-type":"","overlay-color":"","overlay-opacity":"","overlay-gradient":""},"mobile":{"background-color":"","background-image":"","background-repeat":"repeat","background-position":"center center","background-size":"auto","background-attachment":"scroll","background-type":"","background-media":"","overlay-type":"","overlay-color":"","overlay-opacity":"","overlay-gradient":""}},"ast-content-background-meta":{"desktop":{"background-color":"var(--ast-global-color-5)","background-image":"","background-repeat":"repeat","background-position":"center center","background-size":"auto","background-attachment":"scroll","background-type":"","background-media":"","overlay-type":"","overlay-color":"","overlay-opacity":"","overlay-gradient":""},"tablet":{"background-color":"var(--ast-global-color-5)","background-image":"","background-repeat":"repeat","background-position":"center center","background-size":"auto","background-attachment":"scroll","background-type":"","background-media":"","overlay-type":"","overlay-color":"","overlay-opacity":"","overlay-gradient":""},"mobile":{"background-color":"var(--ast-global-color-5)","background-image":"","background-repeat":"repeat","background-position":"center center","background-size":"auto","background-attachment":"scroll","background-type":"","background-media":"","overlay-type":"","overlay-color":"","overlay-opacity":"","overlay-gradient":""}},"footnotes":""},"class_list":["post-51","page","type-page","status-publish","hentry"],"_links":{"self":[{"href":"https:\/\/spasauna.pl\/ar\/wp-json\/wp\/v2\/pages\/51","targetHints":{"allow":["GET"]}}],"collection":[{"href":"https:\/\/spasauna.pl\/ar\/wp-json\/wp\/v2\/pages"}],"about":[{"href":"https:\/\/spasauna.pl\/ar\/wp-json\/wp\/v2\/types\/page"}],"author":[{"embeddable":true,"href":"https:\/\/spasauna.pl\/ar\/wp-json\/wp\/v2\/users\/1"}],"replies":[{"embeddable":true,"href":"https:\/\/spasauna.pl\/ar\/wp-json\/wp\/v2\/comments?post=51"}],"version-history":[{"count":0,"href":"https:\/\/spasauna.pl\/ar\/wp-json\/wp\/v2\/pages\/51\/revisions"}],"wp:attachment":[{"href":"https:\/\/spasauna.pl\/ar\/wp-json\/wp\/v2\/media?parent=51"}],"curies":[{"name":"wp","href":"https:\/\/api.w.org\/{rel}","templated":true}]}}