{"id":22,"date":"2022-05-04T14:48:09","date_gmt":"2022-05-04T12:48:09","guid":{"rendered":"http:\/\/spasauna.pl\/?page_id=22"},"modified":"2022-06-03T22:38:02","modified_gmt":"2022-06-03T20:38:02","slug":"zwroty","status":"publish","type":"page","link":"https:\/\/spasauna.pl\/ar\/\u0639\u0628\u0627\u0631\u0627\u062a\/","title":{"rendered":"\u0627\u0644\u0634\u0643\u0627\u0648\u0649 \u0648\u0627\u0644\u0639\u0648\u0627\u0626\u062f"},"content":{"rendered":"<div data-elementor-type=\"wp-page\" data-elementor-id=\"22\" class=\"elementor elementor-22\" data-elementor-post-type=\"page\">\n\t\t\t\t\t\t<section class=\"elementor-section elementor-top-section elementor-element elementor-element-6fe192c elementor-section-boxed elementor-section-height-default elementor-section-height-default\" data-id=\"6fe192c\" data-element_type=\"section\" data-e-type=\"section\">\n\t\t\t\t\t\t<div class=\"elementor-container elementor-column-gap-default\">\n\t\t\t\t\t<div class=\"elementor-column elementor-col-100 elementor-top-column elementor-element elementor-element-5043e95\" data-id=\"5043e95\" data-element_type=\"column\" data-e-type=\"column\">\n\t\t\t<div class=\"elementor-widget-wrap elementor-element-populated\">\n\t\t\t\t\t\t<div class=\"elementor-element elementor-element-74aa889 elementor-widget elementor-widget-text-editor\" data-id=\"74aa889\" data-element_type=\"widget\" data-e-type=\"widget\" data-widget_type=\"text-editor.default\">\n\t\t\t\t<div class=\"elementor-widget-container\">\n\t\t\t\t\t\t\t\t\t<h2 class=\"western\"><strong>\u0627\u0644\u0628\u0636\u0627\u0626\u0639 \u0627\u0644\u0645\u0639\u064a\u0628\u0629 \u0623\u0648 \u0627\u0644\u0628\u0636\u0627\u0626\u0639 \u0627\u0644\u0645\u062e\u0627\u0644\u0641\u0629 \u0644\u0644\u0639\u0642\u062f<\/strong><\/h2>\n<p>\u0639\u0646\u062f \u0627\u0644\u0627\u0633\u062a\u0644\u0627\u0645 \u062a\u0623\u0643\u062f \u0645\u0646 \u062d\u0627\u0644\u0629 \u0627\u0644\u0634\u062d\u0646\u0629. \u0633\u064a\u062a\u0645 \u0627\u0644\u0646\u0638\u0631 \u0641\u064a \u0627\u0644\u0634\u0643\u0627\u0648\u0649 \u0627\u0644\u0645\u062a\u0639\u0644\u0642\u0629 \u0628\u0627\u0644\u0636\u0631\u0631 \u0623\u062b\u0646\u0627\u0621 \u0627\u0644\u0646\u0642\u0644 \u0648\u0639\u062f\u0645 \u0627\u0644\u0627\u0645\u062a\u062b\u0627\u0644 \u0644\u0644\u0639\u0642\u062f \u0639\u0644\u0649 \u0623\u0633\u0627\u0633 \u062a\u0642\u0631\u064a\u0631 \u0645\u0643\u062a\u0648\u0628 \u0639\u0646 \u0627\u0644\u0636\u0631\u0631\/\u0627\u0644\u062a\u0646\u0627\u0642\u0636\u0627\u062a \u0641\u064a \u0645\u062d\u062a\u0648\u064a\u0627\u062a \u0627\u0644\u0634\u062d\u0646\u0629\u060c \u064a\u062a\u0645 \u0625\u0639\u062f\u0627\u062f\u0647 \u0641\u064a \u0648\u0642\u062a \u0627\u0633\u062a\u0644\u0627\u0645 \u0627\u0644\u0628\u0636\u0627\u0626\u0639 \u0628\u062d\u0636\u0648\u0631 \u0648\u0643\u064a\u0644 \u0634\u0631\u0643\u0629 \u0627\u0644\u0628\u0631\u064a\u062f \u0627\u0644\u0633\u0631\u064a\u0639 .<\/p>\n<p>\u0623\u0631\u0633\u0644 \u0644\u0646\u0627 \u0627\u0644\u0645\u0646\u062a\u062c \u0627\u0644\u0645\u0634\u062a\u0643\u0649 \u0639\u0644\u064a\u0647 \u0639\u0644\u0649 \u0639\u0646\u0648\u0627\u0646 \u0627\u0644\u0645\u062a\u062c\u0631:<\/p>\n<p><b>\u0627\u0644\u0645\u0645\u0627\u0631\u0633 \u0627\u0644\u0625\u0644\u0643\u062a\u0631\u0648\u0646\u064a \u0628\u0627\u0631\u062a\u0648\u0634 \u0632\u064a\u0644\u064a\u0646\u0633\u0643\u064a<\/b><br \/>\u0634\u0627\u0631\u0639 \u062a\u0627\u0644\u0627\u0633\u064a\u0641\u064a\u062a\u0634\u0627 16<br \/>38-100 \u0633\u062a\u0631\u0632\u064a\u0632\u0648\u0641<br \/><br \/><\/p>\n<p>\u0627\u062a\u0635\u0644 \u0628\u0646\u0627 \u0639\u0628\u0631 \u0627\u0644\u0647\u0627\u062a\u0641\u00a0<strong>530 737 841\u00a0<\/strong>\u0623\u0648 \u0639\u0628\u0631 \u0627\u0644\u0628\u0631\u064a\u062f \u0627\u0644\u0625\u0644\u0643\u062a\u0631\u0648\u0646\u064a:\u00a0<a href=\"mailto:info@spasauna.pl\">info@spasauna.pl<\/a><br \/>\u0623\u0631\u0633\u0644 \u0646\u0633\u062e\u0629 \u0645\u0646 \u0627\u0644\u0628\u0631\u0648\u062a\u0648\u0643\u0648\u0644 \u0648\u0646\u0645\u0648\u0630\u062c \u0627\u0644\u0634\u0643\u0648\u0649 \u0625\u0644\u0649 \u0639\u0646\u0648\u0627\u0646 \u0627\u0644\u0628\u0631\u064a\u062f \u0627\u0644\u0625\u0644\u0643\u062a\u0631\u0648\u0646\u064a \u0627\u0644\u062a\u0627\u0644\u064a:\u00a0<a href=\"mailto:info@spasauna.pl\">info@spasauna.pl<\/a><\/p>\t\t\t\t\t\t\t\t<\/div>\n\t\t\t\t<\/div>\n\t\t\t\t<div class=\"elementor-element elementor-element-a07b590 elementor-widget elementor-widget-heading\" data-id=\"a07b590\" data-element_type=\"widget\" data-e-type=\"widget\" data-widget_type=\"heading.default\">\n\t\t\t\t<div class=\"elementor-widget-container\">\n\t\t\t\t\t<span class=\"elementor-heading-title elementor-size-default\"><a href=\"http:\/\/spasauna.pl\/wp-content\/uploads\/2022\/06\/formularz-reklamacji-epraktyk.pdf\">\u0627\u0644\u0645\u0644\u0641 \u0644\u0644\u062a\u062d\u0645\u064a\u0644: \u062a\u062d\u0645\u064a\u0644<\/a><\/span>\t\t\t\t<\/div>\n\t\t\t\t<\/div>\n\t\t\t\t<div class=\"elementor-element elementor-element-3b05492 elementor-widget elementor-widget-text-editor\" data-id=\"3b05492\" data-element_type=\"widget\" data-e-type=\"widget\" data-widget_type=\"text-editor.default\">\n\t\t\t\t<div class=\"elementor-widget-container\">\n\t\t\t\t\t\t\t\t\t<h2 class=\"western\"><strong>\u0627\u0644\u062d\u0642 \u0641\u064a \u0627\u0644\u0627\u0646\u0633\u062d\u0627\u0628 \u0645\u0646 \u0627\u0644\u0639\u0642\u062f<\/strong><\/h2>\n<p>\u2022 \u0625\u0630\u0627 \u0644\u0645 \u062a\u0643\u0646 \u0645\u0646 \u0631\u0648\u0627\u062f \u0627\u0644\u0623\u0639\u0645\u0627\u0644\u060c \u064a\u062d\u0642 \u0644\u0643 \u0627\u0644\u0627\u0646\u0633\u062d\u0627\u0628 \u0645\u0646 \u0627\u0644\u0639\u0642\u062f \u0627\u0644\u0645\u0628\u0631\u0645 \u0639\u0628\u0631 \u0627\u0644\u0645\u062a\u062c\u0631 \u062e\u0644\u0627\u0644 14 \u064a\u0648\u0645\u064b\u0627 \u0645\u0646 \u062a\u0633\u0644\u064a\u0645 \u0627\u0644\u0633\u0644\u0639\u0629\u060c \u062f\u0648\u0646 \u0625\u0628\u062f\u0627\u0621 \u0627\u0644\u0623\u0633\u0628\u0627\u0628.<br \/>\u2022 \u0634\u0631\u0637 \u0645\u0645\u0627\u0631\u0633\u0629 \u062d\u0642 \u0627\u0644\u0627\u0646\u0633\u062d\u0627\u0628 \u0645\u0646 \u0627\u0644\u0639\u0642\u062f \u0647\u0648 \u0623\u0646\u0647 \u064a\u062c\u0628 \u0639\u0644\u0649 \u0627\u0644\u0639\u0645\u064a\u0644 \u062a\u0642\u062f\u064a\u0645 \u0627\u0644\u0625\u0642\u0631\u0627\u0631 \u0627\u0644\u0645\u0646\u0627\u0633\u0628 \u0643\u062a\u0627\u0628\u064a\u064b\u0627 \u0623\u0648 \u0625\u0644\u0643\u062a\u0631\u0648\u0646\u064a\u064b\u0627 \u0639\u0628\u0631 \u0627\u0644\u0628\u0631\u064a\u062f \u0627\u0644\u0625\u0644\u0643\u062a\u0631\u0648\u0646\u064a.<br \/>\u2022 \u0625\u0642\u0631\u0627\u0631 \u0628\u0627\u0644\u0627\u0646\u0633\u062d\u0627\u0628 \u0645\u0646 \u0627\u0644\u0639\u0642\u062f \u0648\u0631\u0642\u0645 \u0627\u0644\u062d\u0633\u0627\u0628 \u0627\u0644\u0628\u0646\u0643\u064a \u0627\u0644\u0630\u064a \u064a\u062c\u0628 \u0625\u0639\u0627\u062f\u0629 \u0623\u0645\u0648\u0627\u0644 \u0627\u0644\u0639\u0645\u064a\u0644 \u0625\u0644\u064a\u0647 \u0648\u0625\u0631\u0633\u0627\u0644 \u0627\u0644\u0628\u0636\u0627\u0626\u0639 \u0627\u0644\u0645\u0639\u0627\u062f\u0629 \u0625\u0644\u0649 \u0627\u0644\u0639\u0646\u0648\u0627\u0646 \u0627\u0644\u062a\u0627\u0644\u064a:\u00a0<b>\u0627\u0644\u0645\u0645\u0627\u0631\u0633 \u0627\u0644\u0625\u0644\u0643\u062a\u0631\u0648\u0646\u064a \u0628\u0627\u0631\u062a\u0648\u0634 \u0632\u064a\u0644\u064a\u0646\u0633\u0643\u064a\u060c\u00a0<\/b>\u0634\u0627\u0631\u0639 Talasiewicza 16, 38-100 Strzy\u017c\u00f3w.<br \/>\u2022 \u0633\u064a\u062a\u0645 \u0625\u0631\u062c\u0627\u0639 \u0627\u0644\u0623\u0645\u0648\u0627\u0644 \u0644\u0644\u0639\u0645\u064a\u0644 \u0625\u0644\u0649 \u0627\u0644\u062d\u0633\u0627\u0628 \u0627\u0644\u0628\u0646\u0643\u064a \u0627\u0644\u0630\u064a \u0623\u0634\u0627\u0631 \u0625\u0644\u064a\u0647 \u0648\u0627\u0644\u0630\u064a \u064a\u062c\u0628 \u0623\u0646 \u064a\u0631\u0641\u0642 \u0631\u0642\u0645\u0647 \u0645\u0639 \u0625\u0642\u0631\u0627\u0631 \u0627\u0644\u0627\u0646\u0633\u062d\u0627\u0628 \u0645\u0646 \u0627\u0644\u0639\u0642\u062f \u0627\u0644\u0645\u0631\u0633\u0644.<br \/>\u2022 \u064a\u0645\u0643\u0646\u0643 \u0625\u0631\u0633\u0627\u0644 \u0627\u0644\u0646\u0645\u0648\u0630\u062c \u0625\u0644\u0649 \u0627\u0644\u0639\u0646\u0648\u0627\u0646 \u0627\u0644\u0628\u0631\u064a\u062f\u064a \u0623\u0648 \u0639\u0646\u0648\u0627\u0646 \u0627\u0644\u0628\u0631\u064a\u062f \u0627\u0644\u0625\u0644\u0643\u062a\u0631\u0648\u0646\u064a \u0623\u0639\u0644\u0627\u0647:\u00a0<a href=\"mailto:info@spasauna.pl\">info@spasauna.pl<\/a><\/p>\t\t\t\t\t\t\t\t<\/div>\n\t\t\t\t<\/div>\n\t\t\t\t<div class=\"elementor-element elementor-element-1521495 elementor-widget elementor-widget-heading\" data-id=\"1521495\" data-element_type=\"widget\" data-e-type=\"widget\" data-widget_type=\"heading.default\">\n\t\t\t\t<div class=\"elementor-widget-container\">\n\t\t\t\t\t<span class=\"elementor-heading-title elementor-size-default\"><a href=\"http:\/\/spasauna.pl\/wp-content\/uploads\/2022\/06\/prawo-odstapienia-od-umowy-epraktyk.pdf\">\u0627\u0644\u0645\u0644\u062d\u0642 \u0631\u0642\u0645 1 \u062d\u0642 \u0627\u0644\u0627\u0646\u0633\u062d\u0627\u0628 \u0645\u0646 \u0627\u0644\u0639\u0642\u062f: \u062a\u0646\u0632\u064a\u0644<\/a><\/span>\t\t\t\t<\/div>\n\t\t\t\t<\/div>\n\t\t\t\t<div class=\"elementor-element elementor-element-8ae906c elementor-widget elementor-widget-heading\" data-id=\"8ae906c\" data-element_type=\"widget\" data-e-type=\"widget\" data-widget_type=\"heading.default\">\n\t\t\t\t<div class=\"elementor-widget-container\">\n\t\t\t\t\t<span class=\"elementor-heading-title elementor-size-default\"><a href=\"http:\/\/spasauna.pl\/wp-content\/uploads\/2022\/06\/formularz-odstapienia-od-umowy-e-praktyk.pdf\">\u0627\u0644\u0645\u0644\u062d\u0642 \u0631\u0642\u0645 2 \u0646\u0645\u0648\u0630\u062c \u0633\u062d\u0628 \u0627\u0644\u0639\u0642\u062f: \u062a\u0646\u0632\u064a\u0644<\/a><\/span>\t\t\t\t<\/div>\n\t\t\t\t<\/div>\n\t\t\t\t\t<\/div>\n\t\t<\/div>\n\t\t\t\t\t<\/div>\n\t\t<\/section>\n\t\t\t\t<\/div>","protected":false},"excerpt":{"rendered":"<p>\u0639\u0646\u062f \u0627\u0644\u0627\u0633\u062a\u0644\u0627\u0645\u060c \u064a\u064f\u0631\u062c\u0649 \u0627\u0644\u062a\u062d\u0642\u0642 \u0645\u0646 \u062d\u0627\u0644\u0629 \u0627\u0644\u0634\u062d\u0646\u0629. \u0633\u064a\u062a\u0645 \u0627\u0644\u0646\u0638\u0631 \u0641\u064a \u0627\u0644\u0634\u0643\u0627\u0648\u0649 \u0627\u0644\u0645\u062a\u0639\u0644\u0642\u0629 \u0628\u0627\u0644\u062a\u0644\u0641 \u0623\u062b\u0646\u0627\u0621 \u0627\u0644\u0646\u0642\u0644 \u0623\u0648 \u0639\u062f\u0645 \u0627\u0644\u0645\u0637\u0627\u0628\u0642\u0629 \u0644\u0644\u0639\u0642\u062f \u0628\u0646\u0627\u0621\u064b \u0639\u0644\u0649 \u0628\u0631\u0648\u062a\u0648\u0643\u0648\u0644 \u0645\u0643\u062a\u0648\u0628 \u064a\u064f\u062d\u062f\u062f \u0627\u0644\u062a\u0644\u0641\/\u0627\u0644\u0627\u062e\u062a\u0644\u0627\u0641\u0627\u062a \u0641\u064a \u0645\u062d\u062a\u0648\u064a\u0627\u062a \u0627\u0644\u0634\u062d\u0646\u0629\u060c \u0648\u064a\u064f\u0639\u062f\u0651 \u0639\u0646\u062f \u0627\u0633\u062a\u0644\u0627\u0645 \u0627\u0644\u0628\u0636\u0627\u0626\u0639 \u0628\u062d\u0636\u0648\u0631 \u0648\u0643\u064a\u0644 \u0634\u0631\u0643\u0629 \u0627\u0644\u0634\u062d\u0646. \u064a\u064f\u0631\u062c\u0649 \u0625\u0631\u0633\u0627\u0644 \u0627\u0644\u0645\u0646\u062a\u062c \u0627\u0644\u0645\u0639\u0646\u064a \u0625\u0644\u0649 \u0639\u0646\u0648\u0627\u0646 \u0627\u0644\u0645\u062a\u062c\u0631: ePraktyk Bartosz Zieli\u0144skiul. Talasiewicza 1638-100 Strzy\u017c\u00f3w. \u0644\u0644\u062a\u0648\u0627\u0635\u0644 [...]<\/p>","protected":false},"author":1,"featured_media":0,"parent":0,"menu_order":0,"comment_status":"closed","ping_status":"closed","template":"","meta":{"site-sidebar-layout":"default","site-content-layout":"default","ast-site-content-layout":"","site-content-style":"default","site-sidebar-style":"default","ast-global-header-display":"","ast-banner-title-visibility":"","ast-main-header-display":"","ast-hfb-above-header-display":"","ast-hfb-below-header-display":"","ast-hfb-mobile-header-display":"","site-post-title":"disabled","ast-breadcrumbs-content":"","ast-featured-img":"","footer-sml-layout":"","theme-transparent-header-meta":"default","adv-header-id-meta":"","stick-header-meta":"","header-above-stick-meta":"","header-main-stick-meta":"","header-below-stick-meta":"","astra-migrate-meta-layouts":"default","ast-page-background-enabled":"default","ast-page-background-meta":{"desktop":{"background-color":"var(--ast-global-color-4)","background-image":"","background-repeat":"repeat","background-position":"center center","background-size":"auto","background-attachment":"scroll","background-type":"","background-media":"","overlay-type":"","overlay-color":"","overlay-opacity":"","overlay-gradient":""},"tablet":{"background-color":"","background-image":"","background-repeat":"repeat","background-position":"center center","background-size":"auto","background-attachment":"scroll","background-type":"","background-media":"","overlay-type":"","overlay-color":"","overlay-opacity":"","overlay-gradient":""},"mobile":{"background-color":"","background-image":"","background-repeat":"repeat","background-position":"center center","background-size":"auto","background-attachment":"scroll","background-type":"","background-media":"","overlay-type":"","overlay-color":"","overlay-opacity":"","overlay-gradient":""}},"ast-content-background-meta":{"desktop":{"background-color":"var(--ast-global-color-5)","background-image":"","background-repeat":"repeat","background-position":"center center","background-size":"auto","background-attachment":"scroll","background-type":"","background-media":"","overlay-type":"","overlay-color":"","overlay-opacity":"","overlay-gradient":""},"tablet":{"background-color":"var(--ast-global-color-5)","background-image":"","background-repeat":"repeat","background-position":"center center","background-size":"auto","background-attachment":"scroll","background-type":"","background-media":"","overlay-type":"","overlay-color":"","overlay-opacity":"","overlay-gradient":""},"mobile":{"background-color":"var(--ast-global-color-5)","background-image":"","background-repeat":"repeat","background-position":"center center","background-size":"auto","background-attachment":"scroll","background-type":"","background-media":"","overlay-type":"","overlay-color":"","overlay-opacity":"","overlay-gradient":""}},"footnotes":""},"class_list":["post-22","page","type-page","status-publish","hentry"],"_links":{"self":[{"href":"https:\/\/spasauna.pl\/ar\/wp-json\/wp\/v2\/pages\/22","targetHints":{"allow":["GET"]}}],"collection":[{"href":"https:\/\/spasauna.pl\/ar\/wp-json\/wp\/v2\/pages"}],"about":[{"href":"https:\/\/spasauna.pl\/ar\/wp-json\/wp\/v2\/types\/page"}],"author":[{"embeddable":true,"href":"https:\/\/spasauna.pl\/ar\/wp-json\/wp\/v2\/users\/1"}],"replies":[{"embeddable":true,"href":"https:\/\/spasauna.pl\/ar\/wp-json\/wp\/v2\/comments?post=22"}],"version-history":[{"count":0,"href":"https:\/\/spasauna.pl\/ar\/wp-json\/wp\/v2\/pages\/22\/revisions"}],"wp:attachment":[{"href":"https:\/\/spasauna.pl\/ar\/wp-json\/wp\/v2\/media?parent=22"}],"curies":[{"name":"wp","href":"https:\/\/api.w.org\/{rel}","templated":true}]}}